{"id":1686,"date":"2021-02-09T18:49:41","date_gmt":"2021-02-09T23:49:41","guid":{"rendered":"https:\/\/mariakarimi.com\/durabilite\/"},"modified":"2021-03-20T21:32:33","modified_gmt":"2021-03-21T01:32:33","slug":"durabilite","status":"publish","type":"page","link":"https:\/\/mariakarimi.com\/fr\/durabilite\/","title":{"rendered":"Durabilit\u00e9"},"content":{"rendered":"<p>[vc_row][vc_column width=&#8221;1\/1&#8243;]<div class=\"divider-title align-left\" >Durabilit\u00e9<\/div>[vc_column_text]Nous mettons en place les efforts n\u00e9cessaires afin de convenir au concept de mode circulaire. De la mati\u00e8re brute du tissu, jusqu\u2019\u00e0 la fabrication et son utilisation nous nous assurons de vous fabriquer des v\u00eatements \u00e0 la fois luxueux et durables. Vos v\u00eatements sur mesure ou de la collection pr\u00eat-\u00e0-porter peuvent \u00eatre utilis\u00e9s pendant longtemps si vous les conservez bien et avec les soins appropri\u00e9s. <\/p>\n<p>La bonne qualit\u00e9 de nos v\u00eatements cr\u00e9e souvent une cha\u00eene de transmission \u00e0 la prochaine g\u00e9n\u00e9ration ou ils sont donn\u00e9s \u00e0 des organismes de bienfaisance pour les jeunes professionnels. Ce qui permet de cr\u00e9er une vie sans fin aux v\u00eatements et de perp\u00e9tuer la vie du v\u00eatement dans le concept de la mode circulaire.  <\/p>\n<p>Notre mission de concevoir des v\u00eatements intemporels assure la long\u00e9vit\u00e9 de vie de vos pi\u00e8ces uniques que vous serez capable de r\u00e9utiliser \u00e0 de multiples occasions.  <\/p>\n<p>La durabilit\u00e9 est une valeur qui est mise de l\u2019avant chez MAR. Nous sommes fiers de croire que notre marque r\u00e9pond \u00e0 de nombreuses exigences pour faire partie d\u2019un mouvement important dans l\u2019industrie de la mode. Plusieurs aspects rendent nos v\u00eatements durables et \u00e9quitables : ils sont faits SUR MESURE dans un design intemporel et haut en qualit\u00e9, d\u2019une mani\u00e8re respectueuse de l\u2019environnement, et en tenant compte de divers aspects \u00e9thiques. <\/p>\n<p>Nous remercions nos fournisseurs de nous fournir les meilleurs mat\u00e9riaux, produits dans le respect de l\u2019\u00e9thique en prenant soin de leurs employ\u00e9s et le bien-\u00eatre de leurs animaux dans de bonnes conditions. Nous remercions nos artisans-es pour leur travail extraordinaire et surtout, nous vous remercions, NOS CLIENTS-ES de nous faire confiance avec votre garde-robe \u00e0 chaque saison et de porter nos beaux v\u00eatements faits \u00e0 la main \u00e0 Montr\u00e9al et de rendre tout cela possible.<\/p>\n<p>Les v\u00eatements faits sur mesure et en Grande Mesure ont toujours \u00e9t\u00e9 consid\u00e9r\u00e9s comme un luxe dans l\u2019industrie de la mode. Pour un prix comp\u00e9titif par rapport aux prix exorbitants de nombreuses marques de luxe, l\u2019ajustement et la qualit\u00e9 du vrai sur mesure sont incomparables, sans oublier l\u2019exclusivit\u00e9 de chaque v\u00eatement con\u00e7u uniquement pour vous chez MAR par Maria Karimi.[\/vc_column_text][\/vc_column][\/vc_row]<\/p>\n","protected":false},"excerpt":{"rendered":"<p>[vc_row][vc_column width=&#8221;1\/1&#8243;][vc_column_text]Nous mettons en place les efforts n\u00e9cessaires afin de convenir au concept de mode circulaire. De la mati\u00e8re brute du tissu, jusqu\u2019\u00e0 la fabrication et son utilisation nous nous assurons de vous fabriquer des v\u00eatements \u00e0 la fois luxueux et durables. Vos v\u00eatements sur mesure ou de la collection pr\u00eat-\u00e0-porter peuvent \u00eatre utilis\u00e9s pendant longtemps si vous les conservez bien et avec les soins appropri\u00e9s. La bonne qualit\u00e9 de nos v\u00eatements cr\u00e9e souvent une cha\u00eene de transmission \u00e0 la prochaine g\u00e9n\u00e9ration ou ils sont donn\u00e9s \u00e0 des organismes de bienfaisance pour les jeunes professionnels. Ce qui permet de cr\u00e9er une vie sans fin aux v\u00eatements et de perp\u00e9tuer la vie du v\u00eatement dans le concept de la mode circulaire. Notre mission de concevoir des v\u00eatements intemporels assure la long\u00e9vit\u00e9 de vie de vos pi\u00e8ces uniques que vous serez capable de r\u00e9utiliser \u00e0 de multiples occasions. La durabilit\u00e9 est une valeur qui est mise de l\u2019avant chez MAR. Nous sommes fiers de croire que notre marque r\u00e9pond \u00e0 de nombreuses exigences pour faire partie d\u2019un mouvement important dans l\u2019industrie de la mode. Plusieurs aspects rendent nos v\u00eatements durables et \u00e9quitables : ils sont faits SUR MESURE dans un design intemporel [&hellip;]<\/p>\n","protected":false},"author":4,"featured_media":0,"parent":0,"menu_order":0,"comment_status":"closed","ping_status":"closed","template":"","meta":[],"_links":{"self":[{"href":"https:\/\/mariakarimi.com\/fr\/wp-json\/wp\/v2\/pages\/1686"}],"collection":[{"href":"https:\/\/mariakarimi.com\/fr\/wp-json\/wp\/v2\/pages"}],"about":[{"href":"https:\/\/mariakarimi.com\/fr\/wp-json\/wp\/v2\/types\/page"}],"author":[{"embeddable":true,"href":"https:\/\/mariakarimi.com\/fr\/wp-json\/wp\/v2\/users\/4"}],"replies":[{"embeddable":true,"href":"https:\/\/mariakarimi.com\/fr\/wp-json\/wp\/v2\/comments?post=1686"}],"version-history":[{"count":0,"href":"https:\/\/mariakarimi.com\/fr\/wp-json\/wp\/v2\/pages\/1686\/revisions"}],"wp:attachment":[{"href":"https:\/\/mariakarimi.com\/fr\/wp-json\/wp\/v2\/media?parent=1686"}],"curies":[{"name":"wp","href":"https:\/\/api.w.org\/{rel}","templated":true}]}}