{"id":1717,"date":"2021-02-26T11:30:13","date_gmt":"2021-02-26T16:30:13","guid":{"rendered":"https:\/\/mariakarimi.com\/condition-pour-echanger-et-retour\/"},"modified":"2021-02-26T11:30:14","modified_gmt":"2021-02-26T16:30:14","slug":"condition-pour-echanger-et-retour","status":"publish","type":"page","link":"https:\/\/mariakarimi.com\/fr\/condition-pour-echanger-et-retour\/","title":{"rendered":"Condition pour \u00e9changer et retour"},"content":{"rendered":"<p>[vc_row][vc_column width=&#8221;1\/1&#8243;][vc_column_text]<\/p>\n<h1>Condition pour \u00e9changer et retour<\/h1>\n<ul>\n<li>L\u2019article doit \u00eatre inutilis\u00e9, rester dans l\u2019\u00e9tat o\u00f9 il a \u00e9t\u00e9 envoy\u00e9, ne doit pas \u00eatre lav\u00e9 ou tach\u00e9 ou pr\u00e9sent\u00e9 des odeurs de parfum;<\/li>\n<li>Tout \u00e9change ou retour doit \u00eatre effectu\u00e9 dans les 7 jours suivants le courriel de confirmation d\u2019exp\u00e9dition;<\/li>\n<li>Nous n\u2019offrons pas de remboursement sur les achats web, nous cr\u00e9diterons le montant du morceau retourn\u00e9 contre un \u00e9change ou un achat futur;<\/li>\n<li>L\u2019item doit \u00eatre retourn\u00e9 selon les proc\u00e9dures prescrites ci-dessous, sans avoir \u00e9t\u00e9 port\u00e9 et\/ou lav\u00e9.<\/li>\n<\/ul>\n<p>\u00c0 d\u00e9faut d\u2019une de ces conditions, votre article ne pourra pas \u00eatre \u00e9chang\u00e9.<\/p>\n<h2>\u00c9change<\/h2>\n<ul>\n<li>Vous poss\u00e9dez le droit d&#8217;\u00e9changer un article d\u00e9fectueux ou n\u2019est pas de la taille souhait\u00e9e, sans oublier de respecter les conditions pour \u00e9change et retour mentionn\u00e9es.<\/li>\n<li>Envoyez un courriel \u00e0 info@mariakarimi.com<\/li>\n<li>Nous vous communiquerons dans les plus bref d\u00e9lais afin de vous offrir la meilleur solution;<\/li>\n<\/ul>\n<p>Notre collection est en quantit\u00e9 limit\u00e9e, il se pourrait que l\u2019article que vous d\u00e9sirez \u00e9changer ne soit plus disponible d&#8217;o\u00f9 vient l\u2019importance de nous contacter avant l&#8217;envoi de l\u2019article. Si l\u2019article que vous d\u00e9sirez \u00e9changer n\u2019est plus disponible, nos services d\u2019alt\u00e9rations pourront rem\u00e9dier \u00e0 votre probl\u00e8me. Sinon, une note de cr\u00e9dit pour un prochain achat vous sera offerte. Voulant suivre nos valeurs de durabilit\u00e9, nous ne reprendrons pas les v\u00eatements tach\u00e9s, lav\u00e9s, ou pr\u00e9sentant des odeurs de parfum. \u00c9tant donn\u00e9 que nous pr\u00e9sentons des quantit\u00e9s limit\u00e9es et exclusives, nous ne voulons pas avoir un surplus de v\u00eatements non r\u00e9utilisable.<\/p>\n<h2>Retour<\/h2>\n<ul>\n<li>Vous poss\u00e9dez le droit de retourner un article d\u00e9fectueux ou tout simplement parce que vous avez changez d\u2019avis;<\/li>\n<li>Nous n\u2019offrons pas de remboursement, une note de cr\u00e9dit peut vous \u00eatre offerte dans le cas ou vous ne d\u00e9sirez pas garder le v\u00eatement;<\/li>\n<li>N\u2019oubliez pas de respecter les conditions pour \u00e9change retour;<\/li>\n<\/ul>\n<h2>Proc\u00e9dure \u00e0 suivre<\/h2>\n<ul>\n<li>Envoyez un courriel \u00e0 info@mariakarimi.com et expliquez nous la raison du retour;<\/li>\n<li>Nous vous communiquerons dans un plus bref d\u00e9lai afin de vous offrir la meilleure solution;<\/li>\n<\/ul>\n<h2>Frais d\u2019\u00e9change ou de retour<\/h2>\n<ul>\n<li>Nous tenons \u00e0 c\u0153ur \u00e0 votre satisfaction. Tous les articles qui sont livr\u00e9s sont inspect\u00e9s avant d\u2019envoyer afin d\u2019assurer de leur qualit\u00e9;<\/li>\n<li>Nous vous prions de vous pr\u00e9senter \u00e0 notre atelier, sur rendez-vous, \u00e0 Montr\u00e9al. Chez MAR, nous croyons fermement pouvoir offrir une solution d\u2019alt\u00e9ration \u00e0 votre v\u00eatement. Une consultation priv\u00e9e avec styliste vous sera offerte. Nous porterons une attention particuli\u00e8re aux petits d\u00e9tails de votre article afin que celui-ci soit parfaitement ajust\u00e9 \u00e0 la morphologie de votre corps.<\/li>\n<li>Nous assumons les frais d\u2019alt\u00e9rations, cela est inclus dans nos service;<\/li>\n<li>N\u2019h\u00e9sitez pas \u00e0 nous \u00e9crire \u00e0 info@mariakarimi.com pour toutes questions concernant l\u2019\u00e9change ou le retour;<\/li>\n<\/ul>\n<p>[\/vc_column_text][\/vc_column][\/vc_row]<\/p>\n","protected":false},"excerpt":{"rendered":"<p>[vc_row][vc_column width=&#8221;1\/1&#8243;][vc_column_text] Condition pour \u00e9changer et retour L\u2019article doit \u00eatre inutilis\u00e9, rester dans l\u2019\u00e9tat o\u00f9 il a \u00e9t\u00e9 envoy\u00e9, ne doit pas \u00eatre lav\u00e9 ou tach\u00e9 ou pr\u00e9sent\u00e9 des odeurs de parfum; Tout \u00e9change ou retour doit \u00eatre effectu\u00e9 dans les 7 jours suivants le courriel de confirmation d\u2019exp\u00e9dition; Nous n\u2019offrons pas de remboursement sur les achats web, nous cr\u00e9diterons le montant du morceau retourn\u00e9 contre un \u00e9change ou un achat futur; L\u2019item doit \u00eatre retourn\u00e9 selon les proc\u00e9dures prescrites ci-dessous, sans avoir \u00e9t\u00e9 port\u00e9 et\/ou lav\u00e9. \u00c0 d\u00e9faut d\u2019une de ces conditions, votre article ne pourra pas \u00eatre \u00e9chang\u00e9. \u00c9change Vous poss\u00e9dez le droit d&#8217;\u00e9changer un article d\u00e9fectueux ou n\u2019est pas de la taille souhait\u00e9e, sans oublier de respecter les conditions pour \u00e9change et retour mentionn\u00e9es. Envoyez un courriel \u00e0 info@mariakarimi.com Nous vous communiquerons dans les plus bref d\u00e9lais afin de vous offrir la meilleur solution; Notre collection est en quantit\u00e9 limit\u00e9e, il se pourrait que l\u2019article que vous d\u00e9sirez \u00e9changer ne soit plus disponible d&#8217;o\u00f9 vient l\u2019importance de nous contacter avant l&#8217;envoi de l\u2019article. Si l\u2019article que vous d\u00e9sirez \u00e9changer n\u2019est plus disponible, nos services d\u2019alt\u00e9rations pourront rem\u00e9dier \u00e0 votre probl\u00e8me. Sinon, une note de cr\u00e9dit pour un [&hellip;]<\/p>\n","protected":false},"author":4,"featured_media":0,"parent":0,"menu_order":0,"comment_status":"closed","ping_status":"closed","template":"","meta":[],"_links":{"self":[{"href":"https:\/\/mariakarimi.com\/fr\/wp-json\/wp\/v2\/pages\/1717"}],"collection":[{"href":"https:\/\/mariakarimi.com\/fr\/wp-json\/wp\/v2\/pages"}],"about":[{"href":"https:\/\/mariakarimi.com\/fr\/wp-json\/wp\/v2\/types\/page"}],"author":[{"embeddable":true,"href":"https:\/\/mariakarimi.com\/fr\/wp-json\/wp\/v2\/users\/4"}],"replies":[{"embeddable":true,"href":"https:\/\/mariakarimi.com\/fr\/wp-json\/wp\/v2\/comments?post=1717"}],"version-history":[{"count":0,"href":"https:\/\/mariakarimi.com\/fr\/wp-json\/wp\/v2\/pages\/1717\/revisions"}],"wp:attachment":[{"href":"https:\/\/mariakarimi.com\/fr\/wp-json\/wp\/v2\/media?parent=1717"}],"curies":[{"name":"wp","href":"https:\/\/api.w.org\/{rel}","templated":true}]}}