{"id":250,"date":"2019-12-11T16:57:14","date_gmt":"2019-12-11T21:57:14","guid":{"rendered":"https:\/\/mariakarimi.com\/about\/"},"modified":"2021-02-02T13:51:35","modified_gmt":"2021-02-02T18:51:35","slug":"apropos","status":"publish","type":"page","link":"https:\/\/mariakarimi.com\/fr\/apropos\/","title":{"rendered":"\u00c0 propos"},"content":{"rendered":"<p>[vc_row][vc_column]<div class=\"divider-title align-center\" >LA CR\u00c9ATRICE<\/div>[vc_column_text css_animation=&#8221;slideInRight&#8221;]Depuis plus de dix ans, Maria Karimi habille plusieurs hommes et femmes d\u2019affaires les plus respect\u00e9s au Qu\u00e9bec et en Ontario, majoritairement des membres ex\u00e9cutives de certaines des soci\u00e9t\u00e9s les plus respect\u00e9es. Ses clients comprennent \u00e9galement deux des clubs de golf les plus prestigieux du Qu\u00e9bec\u00a0: le Club de golf MEMPHR\u00c9MAGOG et le MOUNT BRUNO COUNTRY CLUB, ainsi que plusieurs de leurs membres respectifs. Elle habille aussi plusieurs c\u00e9l\u00e9brit\u00e9s autant en affaire et politique qu\u2019en cin\u00e9ma, comme Karine Vanasse, Marianne Farley, r\u00e9alisatrice nomin\u00e9e aux OSCARS, pour qui elle r\u00e9alis\u00e9 une robe sur-mesure pour le tapis rouge en 2019 et la productrice en nomination, Maria Gracia Turgeon, pour qui elle a r\u00e9alis\u00e9 son tenue sur-mesure pour le tapis rouge des OSCARS 2020.<\/p>\n<p>Avec une vaste exp\u00e9rience en design de mode et sur mesure, elle a peaufin\u00e9 ses comp\u00e9tences au fil des ans et aujourd\u2019hui, elle peut fi\u00e8rement se qualifier comme ma\u00eetre- tailleur. L\u2019objectif principal de Maria Karimi est de faciliter la vie de ses clients en leur construisant des armoires qui peuvent \u00eatre facilement \u00e9chang\u00e9es d\u2019une saison \u00e0 l\u2019autre. Elle conserve les patrons et les dossiers de chaque client dans son atelier du centre-ville o\u00f9 tout est fait \u00e0 la main.<\/p>\n<p>En tant que cr\u00e9atrice de mode, elle se concentre uniquement sur le luxe, le sur-mesure et <em>la Grande Mesure<\/em> pour hommes et femmes. Elle propose un choix de styles illimit\u00e9s pour ses clients et leurs imaginations car tout est con\u00e7u de mani\u00e8re individuelle. Les v\u00eatements d\u00e9contract\u00e9s comprennent jeans, chemises, vestes de sport, pantalons d\u2019\u00e9quitation et chandails en cachemire, pour les hommes ainsi que les femmes.<\/p>\n<p>Les v\u00eatements habill\u00e9s comprennent les costumes sur-mesure, les chemises sur-mesure, les accessoires, les manteaux sur-mesure. Enfin, pour les occasions sp\u00e9ciales, des robes de soir\u00e9e sur-mesure, des v\u00eatements de mari\u00e9s, smokings pour les hommes et tous les accessoires \u00e0 la main pertinents. Elle ne travaille qu\u2019avec les meilleurs tisseurs Europ\u00e9ens, d\u2019Angleterre, d\u2019Italie et de France, recevant des tissus saisonniers qui suivent les meilleures et les plus r\u00e9centes tendance de mode. Son atelier- Showroom est situ\u00e9 au c\u0153ur du centre-ville de Montr\u00e9al, mais elle se d\u00e9place souvent pour rencontrer ses clients dans le confort de leur bureau ou de leur domicile, au besoin, pour leur premi\u00e8re r\u00e9union ou leur premier essayage.\u00a0Elle est le tr\u00e9sor de certaines de ses clients-clientes qui voudraient l\u2019avoir rien que pour elles.[\/vc_column_text][\/vc_column][\/vc_row][vc_row top_padding=&#8221;60&#8243; bottom_padding=&#8221;60&#8243;][vc_column width=&#8221;1\/3&#8243;][vc_single_image image=&#8221;1492&#8243; img_size=&#8221;medium&#8221; css_animation=&#8221;fadeInDown&#8221;][\/vc_column][vc_column width=&#8221;1\/3&#8243;][vc_single_image image=&#8221;1466&#8243; img_size=&#8221;medium&#8221; css_animation=&#8221;fadeInDown&#8221;][\/vc_column][vc_column width=&#8221;1\/3&#8243;][vc_single_image image=&#8221;513&#8243; img_size=&#8221;medium&#8221; css_animation=&#8221;fadeInDown&#8221;][\/vc_column][\/vc_row][vc_row top_padding=&#8221;60&#8243; bottom_padding=&#8221;60&#8243;][vc_column]<div class=\"divider-title align-center\" >LA MARQUE<\/div>[vc_column_text css_animation=&#8221;fadeInUp&#8221;]D\u00e9vouement pour l\u2019\u00e9l\u00e9gance intemporelle, le souci du d\u00e9tail et de l\u2019individualit\u00e9 est l\u2019inspiration derri\u00e8re la maison haut de gamme, MAR par Maria Karimi, lanc\u00e9 par la cr\u00e9atrice de mode en chef, Maria Karimi, abritant sa ligne de v\u00eatement sur-mesure et <em>Bespoke<\/em> pour elle et pour lui. La signature de Maria est \u00e9l\u00e9gante avec une pointe de flamboyance. Le showroom de MAR est comme un laboratoire de Haute Couture o\u00f9 concepteur et client se rencontrent et font de l\u2019id\u00e9e une r\u00e9alit\u00e9 \u00e0 travers un voyage de libert\u00e9 cr\u00e9ative absolue.<\/p>\n<p>Nos clients traitent leurs pi\u00e8ces MAR sur-mesure comme un outil pratique pour appara\u00eetre en public et en affaire, comme nous sommes fiers de les appeler, <em>V\u00eatements puissants. <\/em>Maria croit aux racines de la mode\u00a0: raconter des histoires \u00e0 travers le panache et le style de leurs v\u00eatements.\u00a0Elle veut rester proche de ses clients et voir grandir leur style, en respectant toujours l\u2019h\u00e9ritage de l\u2019artisanat de sa marque. Elle est sensible au fait que la plupart des clients recherchent le confort et le style, coupant chaque v\u00eatement en gardant \u00e0 l\u2019esprit fonction et exclusivit\u00e9.[\/vc_column_text][\/vc_column][\/vc_row]<\/p>\n","protected":false},"excerpt":{"rendered":"<p>[vc_row][vc_column][vc_column_text css_animation=&#8221;slideInRight&#8221;]Depuis plus de dix ans, Maria Karimi habille plusieurs hommes et femmes d\u2019affaires les plus respect\u00e9s au Qu\u00e9bec et en Ontario, majoritairement des membres ex\u00e9cutives de certaines des soci\u00e9t\u00e9s les plus respect\u00e9es. Ses clients comprennent \u00e9galement deux des clubs de golf les plus prestigieux du Qu\u00e9bec\u00a0: le Club de golf MEMPHR\u00c9MAGOG et le MOUNT BRUNO COUNTRY CLUB, ainsi que plusieurs de leurs membres respectifs. Elle habille aussi plusieurs c\u00e9l\u00e9brit\u00e9s autant en affaire et politique qu\u2019en cin\u00e9ma, comme Karine Vanasse, Marianne Farley, r\u00e9alisatrice nomin\u00e9e aux OSCARS, pour qui elle r\u00e9alis\u00e9 une robe sur-mesure pour le tapis rouge en 2019 et la productrice en nomination, Maria Gracia Turgeon, pour qui elle a r\u00e9alis\u00e9 son tenue sur-mesure pour le tapis rouge des OSCARS 2020. Avec une vaste exp\u00e9rience en design de mode et sur mesure, elle a peaufin\u00e9 ses comp\u00e9tences au fil des ans et aujourd\u2019hui, elle peut fi\u00e8rement se qualifier comme ma\u00eetre- tailleur. L\u2019objectif principal de Maria Karimi est de faciliter la vie de ses clients en leur construisant des armoires qui peuvent \u00eatre facilement \u00e9chang\u00e9es d\u2019une saison \u00e0 l\u2019autre. Elle conserve les patrons et les dossiers de chaque client dans son atelier du centre-ville o\u00f9 tout est fait \u00e0 la [&hellip;]<\/p>\n","protected":false},"author":4,"featured_media":0,"parent":0,"menu_order":0,"comment_status":"closed","ping_status":"closed","template":"","meta":[],"_links":{"self":[{"href":"https:\/\/mariakarimi.com\/fr\/wp-json\/wp\/v2\/pages\/250"}],"collection":[{"href":"https:\/\/mariakarimi.com\/fr\/wp-json\/wp\/v2\/pages"}],"about":[{"href":"https:\/\/mariakarimi.com\/fr\/wp-json\/wp\/v2\/types\/page"}],"author":[{"embeddable":true,"href":"https:\/\/mariakarimi.com\/fr\/wp-json\/wp\/v2\/users\/4"}],"replies":[{"embeddable":true,"href":"https:\/\/mariakarimi.com\/fr\/wp-json\/wp\/v2\/comments?post=250"}],"version-history":[{"count":0,"href":"https:\/\/mariakarimi.com\/fr\/wp-json\/wp\/v2\/pages\/250\/revisions"}],"wp:attachment":[{"href":"https:\/\/mariakarimi.com\/fr\/wp-json\/wp\/v2\/media?parent=250"}],"curies":[{"name":"wp","href":"https:\/\/api.w.org\/{rel}","templated":true}]}}