{"id":2817,"date":"2019-12-11T16:57:14","date_gmt":"2019-12-11T21:57:14","guid":{"rendered":"https:\/\/mariakarimi.com\/?page_id=2817"},"modified":"2021-03-22T11:28:01","modified_gmt":"2021-03-22T15:28:01","slug":"politique-de-confidentialite","status":"publish","type":"page","link":"https:\/\/mariakarimi.com\/fr\/politique-de-confidentialite\/","title":{"rendered":"Politique de confidentialit\u00e9"},"content":{"rendered":"<p>[vc_row][vc_column width=&#8221;1\/1&#8243;]<h1 class=\"headline font-inherit fontsize-xxxl fontweight-inherit lh-inherit align-left transform-inherit \" style=\"margin: 0 0 20px 0;\">Politique de confidentialit\u00e9<\/h1>[vc_column_text]<\/p>\n<h3><strong>Qui nous sommes<\/strong><\/h3>\n<p>L\u2019adresse de notre site Web est : <a href=\"https:\/\/mariakarimi.com\">https:\/\/mariakarimi.com<\/a><\/p>\n<h3>Quelles donn\u00e9es personnelles nous recueillons et pourquoi nous les recueillons<\/h3>\n<p><strong>Commentaires<\/strong><\/p>\n<p>Lorsque les visiteurs laissent des commentaires sur le site, nous recueillons les donn\u00e9es indiqu\u00e9es dans le formulaire de commentaires, ainsi que l\u2019adresse IP du visiteur et la cha\u00eene de l\u2019agent utilisateur du navigateur pour aider \u00e0 d\u00e9tecter les pourriels.<\/p>\n<p>Une cha\u00eene anonymis\u00e9e cr\u00e9\u00e9e \u00e0 partir de votre adresse e-mail (\u00e9galement appel\u00e9e hash) peut \u00eatre fournie au service Gravatar pour voir si vous l\u2019utilisez. La politique de confidentialit\u00e9 du service Gravatar est disponible ici : <a href=\"https:\/\/automattic.com\/privacy\/\" target=\"_blank\" rel=\"noopener\">https:\/\/automattic.com\/privacy\/<\/a><\/p>\n<p>Apr\u00e8s l\u2019approbation de votre commentaire, votre photo de profil est visible pour le public dans le contexte de votre commentaire.<\/p>\n<p><strong>M\u00e9dias<\/strong><\/p>\n<p>Si vous t\u00e9l\u00e9chargez des images sur le site Web, vous devriez \u00e9viter de t\u00e9l\u00e9charger des images avec des donn\u00e9es de localisation int\u00e9gr\u00e9es (EXIF GPS) incluses. Les visiteurs du site Web peuvent t\u00e9l\u00e9charger et extraire des donn\u00e9es de localisation \u00e0 partir d\u2019images sur le site Web.<\/p>\n<p><strong>Formulaires<\/strong><\/p>\n<p>Nous collectons les donn\u00e9es que vous fournissez lorsque vous vous abonnez \u00e0 notre newsletter, que vous passez une commande en ligne ou que vous demandez un rendez-vous.<\/p>\n<p><strong>Cookies<\/strong><\/p>\n<p>Si vous laissez un commentaire sur notre site, vous pouvez choisir d\u2019enregistrer votre nom, votre adresse e-mail et votre site web dans des cookies. Ceux-ci sont pour votre commodit\u00e9 afin que vous n\u2019ayez pas \u00e0 remplir vos d\u00e9tails \u00e0 nouveau lorsque vous laissez un autre commentaire. Ces cookies dureront un an.<\/p>\n<p>Si vous visitez notre page de connexion, nous configurerons un cookie temporaire pour d\u00e9terminer si votre navigateur accepte les cookies. Ce cookie ne contient aucune donn\u00e9e personnelle et est supprim\u00e9 lorsque vous fermez votre navigateur.<\/p>\n<p>Lorsque vous vous connectez, nous configurons \u00e9galement plusieurs cookies pour enregistrer vos informations de connexion et vos choix d\u2019affichage \u00e0 l\u2019\u00e9cran. Les cookies d\u2019ouverture de session durent deux jours et les cookies d\u2019options d\u2019\u00e9cran durent un an. Si vous s\u00e9lectionnez \u00ab Se souvenir de moi \u00bb, votre connexion persistera pendant deux semaines. Si vous vous d\u00e9connectez de votre compte, les cookies de connexion seront supprim\u00e9s.<\/p>\n<p>Si vous \u00e9ditez ou publiez un article, un cookie suppl\u00e9mentaire sera enregistr\u00e9 dans votre navigateur. Ce cookie n\u2019inclut aucune donn\u00e9e personnelle et indique simplement l\u2019identifiant de l\u2019article que vous venez de modifier. Il expire apr\u00e8s 1 jour.<\/p>\n<p><strong>Contenu int\u00e9gr\u00e9 provenant d\u2019autres sites Web<\/strong><\/p>\n<p>Les articles sur ce site peuvent inclure du contenu int\u00e9gr\u00e9 (p. ex., vid\u00e9os, images, articles, etc.). Le contenu int\u00e9gr\u00e9 d\u2019autres sites Web se comporte exactement de la m\u00eame mani\u00e8re que si le visiteur a visit\u00e9 l\u2019autre site Web.<\/p>\n<p>Ces sites Web peuvent collecter des donn\u00e9es vous concernant, utiliser des cookies, int\u00e9grer un suivi tiers suppl\u00e9mentaire et surveiller votre interaction avec ce contenu int\u00e9gr\u00e9, y compris le suivi de votre interaction avec le contenu int\u00e9gr\u00e9 si vous avez un compte et \u00eates connect\u00e9 \u00e0 ce site Web.<\/p>\n<p><strong>Analytique<\/strong><\/p>\n<p>Tous les visiteurs de notre site Web sont suivis par Google Analytics, nous utilisons ces donn\u00e9es pour optimiser notre site Web pour une meilleure exp\u00e9rience utilisateur.<\/p>\n<p><strong>Avec qui nous partageons vos donn\u00e9es<\/strong><\/p>\n<p>MailChimp, Google Analytics, Google AdWords, Facebook, Instagram et PayPal.<\/p>\n<p><strong>Dur\u00e9e de conservation de vos donn\u00e9es<\/strong><\/p>\n<p>Si vous laissez un commentaire, le commentaire et ses m\u00e9tadonn\u00e9es sont conserv\u00e9s ind\u00e9finiment. C\u2019est pour que nous puissions reconna\u00eetre et approuver automatiquement les commentaires de suivi au lieu de les maintenir dans une file d\u2019attente de mod\u00e9ration.<\/p>\n<p>Pour les utilisateurs qui s\u2019inscrivent sur notre site Web (le cas \u00e9ch\u00e9ant), nous conservons \u00e9galement les renseignements personnels qu\u2019ils fournissent dans leur profil d\u2019utilisateur. Tous les utilisateurs peuvent voir, modifier ou supprimer leurs informations personnelles \u00e0 tout moment (sauf s\u2019ils ne peuvent pas changer leur nom d\u2019utilisateur). Les administrateurs du site Web peuvent \u00e9galement voir et modifier cette information.<\/p>\n<p><strong>Quels droits vous avez sur vos donn\u00e9es<\/strong><\/p>\n<p>Si vous avez un compte sur ce site, ou avez laiss\u00e9 des commentaires, vous pouvez demander \u00e0 recevoir un fichier export\u00e9 des donn\u00e9es personnelles que nous d\u00e9tenons \u00e0 votre sujet, y compris les donn\u00e9es que vous nous avez fournies. Vous pouvez \u00e9galement nous demander d\u2019effacer toutes les donn\u00e9es personnelles que nous d\u00e9tenons \u00e0 votre sujet. Cela ne comprend pas les donn\u00e9es que nous sommes tenus de conserver \u00e0 des fins administratives, juridiques ou de s\u00e9curit\u00e9.<\/p>\n<p><strong>O\u00f9 nous envoyons vos donn\u00e9es<\/strong><\/p>\n<p>Les commentaires des visiteurs peuvent \u00eatre v\u00e9rifi\u00e9s par un service automatis\u00e9 de d\u00e9tection de spam.<\/p>\n<p><strong>Vos coordonn\u00e9es<\/strong><\/p>\n<p>Vos coordonn\u00e9es ne sont partag\u00e9es avec personne lorsque vous demandez un rendez-vous ou que vous vous inscrivez \u00e0 notre newsletter.<\/p>\n<h3>Renseignements suppl\u00e9mentaires<\/h3>\n<p><strong>Comment nous prot\u00e9geons vos donn\u00e9es<\/strong><\/p>\n<p>Nos paiements sont g\u00e9r\u00e9s par PayPal et nous ne collectons donc pas vos informations de paiement sur ce site. Nous avons un certificat SSL cryptant nos URL et un pare-feu pour prot\u00e9ger notre serveur contre les attaques brutes, y compris, mais sans s\u2019y limiter, les logiciels malveillants, les pirates, etc.<\/p>\n<p><strong>Quelles proc\u00e9dures d\u2019atteinte \u00e0 la protection des donn\u00e9es avons-nous mises en place?<\/strong><\/p>\n<p>En cas de violation de donn\u00e9es, nous pouvons restreindre l\u2019acc\u00e8s \u00e0 nos administrateurs de serveur bloquant tout le trafic externe pendant que nous s\u00e9curisons la violation.[\/vc_column_text][\/vc_column][\/vc_row]<\/p>\n","protected":false},"excerpt":{"rendered":"<p>[vc_row][vc_column width=&#8221;1\/1&#8243;][vc_column_text] Qui nous sommes L\u2019adresse de notre site Web est : https:\/\/mariakarimi.com Quelles donn\u00e9es personnelles nous recueillons et pourquoi nous les recueillons Commentaires Lorsque les visiteurs laissent des commentaires sur le site, nous recueillons les donn\u00e9es indiqu\u00e9es dans le formulaire de commentaires, ainsi que l\u2019adresse IP du visiteur et la cha\u00eene de l\u2019agent utilisateur du navigateur pour aider \u00e0 d\u00e9tecter les pourriels. Une cha\u00eene anonymis\u00e9e cr\u00e9\u00e9e \u00e0 partir de votre adresse e-mail (\u00e9galement appel\u00e9e hash) peut \u00eatre fournie au service Gravatar pour voir si vous l\u2019utilisez. La politique de confidentialit\u00e9 du service Gravatar est disponible ici : https:\/\/automattic.com\/privacy\/ Apr\u00e8s l\u2019approbation de votre commentaire, votre photo de profil est visible pour le public dans le contexte de votre commentaire. M\u00e9dias Si vous t\u00e9l\u00e9chargez des images sur le site Web, vous devriez \u00e9viter de t\u00e9l\u00e9charger des images avec des donn\u00e9es de localisation int\u00e9gr\u00e9es (EXIF GPS) incluses. Les visiteurs du site Web peuvent t\u00e9l\u00e9charger et extraire des donn\u00e9es de localisation \u00e0 partir d\u2019images sur le site Web. Formulaires Nous collectons les donn\u00e9es que vous fournissez lorsque vous vous abonnez \u00e0 notre newsletter, que vous passez une commande en ligne ou que vous demandez un rendez-vous. Cookies Si vous laissez un commentaire sur [&hellip;]<\/p>\n","protected":false},"author":4,"featured_media":0,"parent":0,"menu_order":0,"comment_status":"closed","ping_status":"closed","template":"","meta":[],"_links":{"self":[{"href":"https:\/\/mariakarimi.com\/fr\/wp-json\/wp\/v2\/pages\/2817"}],"collection":[{"href":"https:\/\/mariakarimi.com\/fr\/wp-json\/wp\/v2\/pages"}],"about":[{"href":"https:\/\/mariakarimi.com\/fr\/wp-json\/wp\/v2\/types\/page"}],"author":[{"embeddable":true,"href":"https:\/\/mariakarimi.com\/fr\/wp-json\/wp\/v2\/users\/4"}],"replies":[{"embeddable":true,"href":"https:\/\/mariakarimi.com\/fr\/wp-json\/wp\/v2\/comments?post=2817"}],"version-history":[{"count":0,"href":"https:\/\/mariakarimi.com\/fr\/wp-json\/wp\/v2\/pages\/2817\/revisions"}],"wp:attachment":[{"href":"https:\/\/mariakarimi.com\/fr\/wp-json\/wp\/v2\/media?parent=2817"}],"curies":[{"name":"wp","href":"https:\/\/api.w.org\/{rel}","templated":true}]}}