{"id":332,"date":"2020-01-01T20:21:09","date_gmt":"2020-01-01T20:21:09","guid":{"rendered":"https:\/\/mariakarimi.com\/faq\/"},"modified":"2021-03-13T17:18:15","modified_gmt":"2021-03-13T22:18:15","slug":"faq","status":"publish","type":"page","link":"https:\/\/mariakarimi.com\/fr\/faq\/","title":{"rendered":"FAQ"},"content":{"rendered":"<p>[vc_row][vc_column]<div class=\"divider-title align-left\" >FOIRES \u00c0 QUESTIONS<\/div><div class=\"toggle\"><div class=\"toggle-title active\"><i class='fa fa-angle-down'><\/i>Pourquoi la fabrication sur mesure est meilleure que le Pr\u00eat-\u00e0-porter. Est-ce que le sur-mesure est \u00e9quitable ?<\/div><div class=\"toggle-inner\"><p>Pour toutes les raisons \u00e9videntes, les v\u00eatements faits sur-mesure et en Grande Mesure ont toujours \u00e9t\u00e9 consid\u00e9r\u00e9s comme un luxe dans l\u2019industrie de la mode.\u00a0Pour un prix comp\u00e9titif par rapport aux prix exorbitants de nombreuses marques de luxe, l\u2019ajustement et la qualit\u00e9 du vrai sur mesure sont incomparables, sans oublier l\u2019exclusivit\u00e9 de chaque v\u00eatement con\u00e7u uniquement pour vous chez MAR par Maria Karimi.<\/p>\n<p>LA DURABILIT\u00c9 DANS LA MODE est un sujet important de nos jours.\u00a0Chez MAR, nous sommes fiers de croire que notre marque r\u00e9pond \u00e0 de nombreuses exigences pour faire partie d\u2019un mouvement important dans l\u2019industrie de la mode.\u00a0Plusieurs aspects rendent nos v\u00eatements durables et \u00e9quitables\u00a0: il est fait SUR-MESURE dans un design intemporel et haut en qualit\u00e9, d\u2019une mani\u00e8re respectueuse de l\u2019environnement, et en tenant compte de divers aspects \u00e9thiques.\u00a0Ces v\u00eatements sont utilis\u00e9s pendant longtemps et bien gr\u00e2ce \u00e0 de bons soins et souvent transmis \u00e0 la prochaine g\u00e9n\u00e9ration ou souvent donn\u00e9s \u00e0 des organismes de bienfaisance pour les jeunes professionnels.\u2028Nous remercions nos fournisseurs de nous fournir les meilleurs mat\u00e9riaux produits dans le respect de l\u2019\u00e9thique en prenant soin de leurs employ\u00e9s et le bien-\u00eatre de leurs animaux dans de bonnes conditions, nous remercions nos artisans-es pour leur travail extraordinaire et surtout, nous vous remercions, NOS CLIENTS-ES de nous faire confiance avec votre garde-robe a chaque saison et de porter nos beaux v\u00eatements faits \u00e0 la main \u00e0 Montr\u00e9al et de rendre tout cela possible.<\/p><\/div><\/div><div class=\"toggle\"><div class=\"toggle-title \"><i class='fa fa-angle-down'><\/i>Carte Cadeau<\/div><div class=\"toggle-inner\"><p><strong>HOMMES<\/strong><\/p>\n<p>La carte-cadeau de MAR est un moyen id\u00e9al de donner \u00e0 quelqu\u2019un ce qu\u2019il veut vraiment\u00a0: des pi\u00e8ces de notre incroyable collection de v\u00eatements sur-mesure et grande mesure. Cela peut inclure une chemise sur-mesure, un blazer Bespoke, un costume sur mesure ou, optez pour l\u2019un de nos forfaits-cadeaux uniques pour un cadeau qui les ravira.<\/p>\n<p><strong>FEMMES<\/strong><\/p>\n<p>Le carte-cadeau offerte par MAR est la meilleure fa\u00e7on de faire plaisir \u00e0 votre moiti\u00e9, une jeune dipl\u00f4m\u00e9e ou simplement une amie. Que ce soit pour une pi\u00e8ce sur mesure ou une option grande mesure, les choix sont sans fin et laiss\u00e9s \u00e0 votre budget et votre imagination. Une chemise sur mesure, un blazer grande mesure, un costume sur mesure, une robe sur mesure pour le jour ou pour une occasion sp\u00e9ciale, un pull en cachemire sur mesure ou tout autre accessoire personnalis\u00e9, nous offrons divers forfaits pour votre cadeau personnalis\u00e9 parfait.<\/p><\/div><\/div><div class=\"toggle\"><div class=\"toggle-title \"><i class='fa fa-angle-down'><\/i>Tarification<\/div><div class=\"toggle-inner\"><p>Tous les prix sont discut\u00e9s avec le client en fonction du style, le choix du tissu et la fabrication standard du v\u00eatement par les normes sur mesure ou Grande Mesure. Vos besoins et votre budget sont toujours pris en consid\u00e9ration avant la proposition de tissu et de style qui vous convient.<\/p><\/div><\/div><div class=\"toggle\"><div class=\"toggle-title \"><i class='fa fa-angle-down'><\/i>COMMENT PRENDRE SOIN DE VOTRE COSTUME ou de tout autre v\u00eatement sur mesure.<\/div><div class=\"toggle-inner\"><p>Un costume bien soign\u00e9 durera longtemps. Pour une satisfaction compl\u00e8te suivez ces instructions de soins de base pour pr\u00e9server la long\u00e9vit\u00e9 de votre costume.<\/p>\n<ul>\n<li>\u2028Les poches, les revers doivent \u00eatre bross\u00e9s fr\u00e9quemment pour \u00e9liminer la poussi\u00e8re fine.<\/li>\n<li>Les taches doivent \u00eatre \u00e9pong\u00e9es imm\u00e9diatement et non frott\u00e9es.<\/li>\n<li>Les v\u00eatements pli\u00e9s se d\u00e9froissent bien dans un environnement humide. Accrochez-les \u00e0 un endroit humide et chaud, comme une salle de bain, ou vaporisez-les l\u00e9g\u00e8rement avec de l\u2019eau de loin.<\/li>\n<li>Apr\u00e8s utilisation, laissez votre costume reposer; porter la m\u00eame combinaison deux jours de suite peut endommager les fibres.<\/li>\n<li>Pour aider \u00e0 maintenir la forme de votre costume, accrochez toujours votre veste sur un cintre appropri\u00e9 qui soutient les \u00e9paules et accrochez toujours votre pantalon verticalement.<\/li>\n<li>\u00c9vitez de mettre des articles dans vos poches, car cela va mettre \u00e0 rude \u00e9preuve les coutures.<\/li>\n<li>D\u00e9boutonnez votre veste avant de vous asseoir pour \u00e9viter de tirer les fibres..<\/li>\n<li>Rangez votre costume dans un sac \u00e0 v\u00eatements respirant pour le prot\u00e9ger.<\/li>\n<li>Faites nettoyer votre costume \u00e0 sec au moins une fois par saison, mais un nettoyage \u00e0 sec excessif peut r\u00e9duire sa dur\u00e9e de vie.<\/li>\n<li>Nettoyer \u00e0 sec tous les v\u00eatements avec une doublure.<\/li>\n<li>Les soies et les lainages ne doivent pas \u00eatre lav\u00e9s.<\/li>\n<li>Nous vous sugg\u00e9rons de laver vos chemises en coton \u00e0 l\u2019eau froide et de les suspendre au sec.<\/li>\n<li>Assurez-vous de rappeler aux nettoyeurs \u00e0 sec de prendre soin de vos v\u00eatements et d\u2019\u00e9viter les d\u00e9tergents abrasifs.<\/li>\n<\/ul>\n<\/p><\/div><\/div><div class=\"toggle\"><div class=\"toggle-title \"><i class='fa fa-angle-down'><\/i>Alterations<\/div><div class=\"toggle-inner\"><p>Si vous avez des habilles qui n\u00e9cessitent des retouches, chez MAR, nous offrons nos services des alt\u00e9rations pour nos clients-es existants-es ainsi que les nouveaux avec grande fiert\u00e9. Nous vous prions de les faire nettoyer avant de les emmener pour les retouches. Nous ferons de notre mieux de donner une nouvelle vie \u00e0 vos anciennes pi\u00e8ces et mod\u00e8les pour que vous puissiez les porter \u00e0 de nouvelles futures occasions. Chaque geste compte pour un avenir plus durable et \u00e9quitable.<\/p><\/div><\/div>[\/vc_column][\/vc_row]<\/p>\n","protected":false},"excerpt":{"rendered":"<p>[vc_row][vc_column][\/vc_column][\/vc_row]<\/p>\n","protected":false},"author":4,"featured_media":0,"parent":0,"menu_order":0,"comment_status":"closed","ping_status":"closed","template":"","meta":[],"_links":{"self":[{"href":"https:\/\/mariakarimi.com\/fr\/wp-json\/wp\/v2\/pages\/332"}],"collection":[{"href":"https:\/\/mariakarimi.com\/fr\/wp-json\/wp\/v2\/pages"}],"about":[{"href":"https:\/\/mariakarimi.com\/fr\/wp-json\/wp\/v2\/types\/page"}],"author":[{"embeddable":true,"href":"https:\/\/mariakarimi.com\/fr\/wp-json\/wp\/v2\/users\/4"}],"replies":[{"embeddable":true,"href":"https:\/\/mariakarimi.com\/fr\/wp-json\/wp\/v2\/comments?post=332"}],"version-history":[{"count":0,"href":"https:\/\/mariakarimi.com\/fr\/wp-json\/wp\/v2\/pages\/332\/revisions"}],"wp:attachment":[{"href":"https:\/\/mariakarimi.com\/fr\/wp-json\/wp\/v2\/media?parent=332"}],"curies":[{"name":"wp","href":"https:\/\/api.w.org\/{rel}","templated":true}]}}