{"id":337,"date":"2019-12-12T16:03:35","date_gmt":"2019-12-12T21:03:35","guid":{"rendered":"https:\/\/mariakarimi.com\/9-2\/"},"modified":"2021-03-11T06:05:51","modified_gmt":"2021-03-11T11:05:51","slug":"bespoke","status":"publish","type":"page","link":"https:\/\/mariakarimi.com\/fr\/bespoke\/","title":{"rendered":"Bespoke"},"content":{"rendered":"<p>[vc_row type=&#8221;full_width_section&#8221; bg_image=&#8221;1510&#8243; full_height=&#8221;true&#8221;][vc_column width=&#8221;1\/1&#8243;][\/vc_column][\/vc_row][vc_row top_padding=&#8221;60&#8243;][vc_column][vc_column_text css_animation=&#8221;slideInLeft&#8221; el_class=&#8221;red-bar-top&#8221;]<\/p>\n<h1 style=\"text-align: center;\">\u00c9l\u00e9gance intemporelle pour homme et femme<\/h1>\n<p style=\"text-align: center;\">La maison MAR, confectionne le plus beau des habilles sur-mesures faits avec un savoir-faire traditionnel suivant des coupes modernes dans nos ateliers du centre-ville de Montr\u00e9al.<\/p>\n<p style=\"text-align: center;\">.<\/p>\n<p>[\/vc_column_text][\/vc_column][\/vc_row][vc_row bottom_padding=&#8221;60&#8243; equal_height=&#8221;yes&#8221; css=&#8221;.vc_custom_1578063239261{margin-top: 60px !important;}&#8221;][vc_column column_center=&#8221;true&#8221; width=&#8221;1\/2&#8243;][vc_single_image image=&#8221;1510&#8243; img_size=&#8221;full&#8221; alignment=&#8221;center&#8221; css_animation=&#8221;slideInLeft&#8221;][\/vc_column][vc_column column_center=&#8221;true&#8221; width=&#8221;1\/2&#8243;][vc_column_text css_animation=&#8221;slideInRight&#8221; el_class=&#8221;text blackbar&#8221;]D\u00e9votion \u00e0 l&#8217;\u00e9l\u00e9gance intemporelle, le souci du d\u00e9tail et l&#8217;individualit\u00e9 est l&#8217;inspiration derri\u00e8re la marque haut de gamme <span class=\"hiddenSuggestion\">MAR. L<\/span>anc\u00e9e par la cr\u00e9atrice de mode Maria <span class=\"hiddenSpellError\">Karimi<\/span>, abritant sa ligne de v\u00eatement sur-mesure et haute couture pour hommes et femmes, les plus \u00e9l\u00e9gant(e)s des connaisseurs <span class=\"hiddenSpellError\">sartoriales<\/span>.[\/vc_column_text]<a href=\"https:\/\/mariakarimi.com\/fr\/apropos\/\" target=\"_self\" class=\"button color-1 medium \" style=\"border-radius: 2px;\">Lire la suite<\/a>[\/vc_column][\/vc_row][vc_row top_padding=&#8221;60&#8243; bottom_padding=&#8221;60&#8243;][vc_column][vc_column_text css_animation=&#8221;slideInLeft&#8221;]<\/p>\n<h2 style=\"text-align: center;\">SERVICES<\/h2>\n<p>[\/vc_column_text][\/vc_column][\/vc_row][vc_row top_padding=&#8221;60&#8243; bottom_padding=&#8221;60&#8243; equal_height=&#8221;yes&#8221; css=&#8221;.vc_custom_1582280430669{padding-top: 60px !important;padding-bottom: 60px !important;}&#8221;][vc_column column_center=&#8221;true&#8221; width=&#8221;1\/2&#8243;][vc_single_image image=&#8221;1476&#8243; img_size=&#8221;full&#8221; css_animation=&#8221;fadeInDownBig&#8221;][\/vc_column][vc_column column_center=&#8221;true&#8221; width=&#8221;1\/2&#8243;][vc_column_text css_animation=&#8221;fadeIn&#8221;]<\/p>\n<h4><strong>V\u00caTEMENTS SUR-MESURE<\/strong><\/h4>\n<p style=\"text-align: left;\">Chez MAR, nos services de <a title=\"Tailleur Sur Mesure Montreal\" href=\"https:\/\/mariakarimi.com\/fr\/bespoke\/hommes\/#sur-mesure\">v\u00eatement sur-mesure pour hommes<\/a> et <a title=\"Tailleuse pour femme \u00e0 Montr\u00e9al\" href=\"https:\/\/mariakarimi.com\/fr\/bespoke\/femmes\/#sur-mesure\">femmes<\/a> vous offrent une occasion unique de vous cr\u00e9er une garde-robe personnalis\u00e9e.<\/p>\n<p>[\/vc_column_text][\/vc_column][\/vc_row][vc_row top_padding=&#8221;60&#8243; bottom_padding=&#8221;60&#8243; equal_height=&#8221;yes&#8221; css=&#8221;.vc_custom_1582280438985{padding-top: 60px !important;padding-bottom: 60px !important;}&#8221;][vc_column column_center=&#8221;true&#8221; width=&#8221;1\/2&#8243;][vc_column_text css_animation=&#8221;fadeIn&#8221;]<\/p>\n<h4 style=\"text-align: right;\"><strong>BESPOKE : LA GRANDE-MESURE<\/strong><\/h4>\n<p style=\"text-align: right;\">Un processus \u00e9quivalent\u00a0\u00e0 celui de la vraie <em>Haute-Couture<\/em> connue sous le terme <em>Bespoke<\/em> dans le milieu des <a title=\"Tailleurs Sur-Mesure pour hommes \u00e0 Montr\u00e9al\" href=\"https:\/\/mariakarimi.com\/fr\/apropos\/\">tailleurs sur-mesure<\/a>. Un costume <a title=\"Bespoke Montreal Homme\" href=\"https:\/\/mariakarimi.com\/fr\/bespoke\/hommes\/#grande-mesure\"><em>Bespoke<\/em> pour homme<\/a> ou un costume <a title=\"Bespoke pour femme \u00e0 Montr\u00e9al\" href=\"https:\/\/mariakarimi.com\/fr\/bespoke\/femmes\/#grande-mesure\"><em>Bespoke<\/em> pour femme<\/a>, est ce que vous appelez une pi\u00e8ce de d\u00e9claration dans votre garde-robe. Fait avec les meilleurs tissus en suivant les derni\u00e8res tendances de la mode avec le plus haut savoir-faire traditionnel.<\/p>\n<p>[\/vc_column_text][\/vc_column][vc_column column_center=&#8221;true&#8221; width=&#8221;1\/2&#8243;][vc_single_image image=&#8221;443&#8243; img_size=&#8221;medium&#8221; alignment=&#8221;center&#8221; style=&#8221;vc_box_rounded&#8221; css_animation=&#8221;fadeInDownBig&#8221;][\/vc_column][\/vc_row][vc_row top_padding=&#8221;60&#8243; bottom_padding=&#8221;60&#8243; equal_height=&#8221;yes&#8221; css=&#8221;.vc_custom_1582280444674{padding-top: 60px !important;padding-bottom: 60px !important;}&#8221;][vc_column column_center=&#8221;true&#8221; width=&#8221;1\/2&#8243;][vc_single_image image=&#8221;1454&#8243; img_size=&#8221;large&#8221; alignment=&#8221;center&#8221; css_animation=&#8221;fadeInDownBig&#8221;][\/vc_column][vc_column column_center=&#8221;true&#8221; width=&#8221;1\/2&#8243;][vc_column_text css_animation=&#8221;fadeIn&#8221;]<\/p>\n<h4 style=\"text-align: left;\"><strong>PANTALONS SUR MESURE<\/strong><\/h4>\n<p style=\"text-align: left;\">Nos <a title=\"Pantalons sur mesure pour homme Montreal\" href=\"https:\/\/mariakarimi.com\/fr\/bespoke\/hommes\/#pantalons-sur-mesure\">pantalons sur mesure pour homme<\/a> et nos <a title=\"Pantalon sur mesure pour femme Montreal\" href=\"https:\/\/mariakarimi.com\/fr\/bespoke\/femmes\/#pantalons-sur-mesure\">pantalons sur mesure pour femme<\/a> peuvent \u00eatre con\u00e7us dans plusieurs styles selon votre taille.<\/p>\n<p>[\/vc_column_text][\/vc_column][\/vc_row][vc_row top_padding=&#8221;60&#8243; bottom_padding=&#8221;60&#8243; equal_height=&#8221;yes&#8221; css=&#8221;.vc_custom_1582280449810{padding-top: 60px !important;padding-bottom: 60px !important;}&#8221;][vc_column column_center=&#8221;true&#8221; width=&#8221;1\/2&#8243;][vc_column_text css_animation=&#8221;fadeIn&#8221;]<\/p>\n<h4 style=\"text-align: right;\"><strong>CHEMISES SUR-MESURE<\/strong><\/h4>\n<p style=\"text-align: right;\">Nos <a title=\"Chemise sur mesure pour homme\" href=\"https:\/\/mariakarimi.com\/fr\/bespoke\/femmes\/#chemise-sur-mesure\">chemises sur-mesures pour femmes<\/a> et nos <a title=\"Blouson sur mesure pour femme\" href=\"https:\/\/mariakarimi.com\/fr\/bespoke\/hommes\/#chemise-sur-mesure\">chemises sur-mesures pour hommes<\/a> sont exclusivement con\u00e7ues, coup\u00e9es et adapt\u00e9es pour vous. Elles sont fait avec les meilleurs tissus europ\u00e9ens en coton, lin ou soie, disponibles en diff\u00e9rentes couleurs et imprim\u00e9s.<\/p>\n<p>[\/vc_column_text][\/vc_column][vc_column column_center=&#8221;true&#8221; width=&#8221;1\/2&#8243;][vc_single_image image=&#8221;1462&#8243; img_size=&#8221;&#8221; alignment=&#8221;center&#8221; css_animation=&#8221;fadeInDownBig&#8221;][\/vc_column][\/vc_row][vc_row top_padding=&#8221;60&#8243; bottom_padding=&#8221;60&#8243; equal_height=&#8221;yes&#8221; css=&#8221;.vc_custom_1582280565294{padding-top: 60px !important;padding-bottom: 60px !important;}&#8221;][vc_column column_center=&#8221;true&#8221; width=&#8221;1\/2&#8243;][vc_single_image image=&#8221;1490&#8243; img_size=&#8221;medium&#8221; alignment=&#8221;right&#8221; css_animation=&#8221;fadeInDownBig&#8221;][\/vc_column][vc_column column_center=&#8221;true&#8221; width=&#8221;1\/2&#8243;][vc_column_text css_animation=&#8221;fadeIn&#8221;]<\/p>\n<h4 style=\"text-align: left;\"><strong>MANTEAUX SUR-MESURE<\/strong><\/h4>\n<p style=\"text-align: left;\">Nos manteaux et <a title=\"Manteau sur Mesure Homme Montreal\" href=\"https:\/\/mariakarimi.com\/fr\/bespoke\/hommes\/#manteau-sur-mesure\">trenchs sur-mesure pour hommes<\/a> et <a title=\"Manteau sur Mesure Femme Montreal\" href=\"https:\/\/mariakarimi.com\/fr\/bespoke\/femmes\/#manteau-sur-mesure\">femmes<\/a> sont con\u00e7us avec une coupe moderne et \u00e9l\u00e9gante qui peut \u00eatre port\u00e9e confortablement sur votre veston sur mesure, votre robe sur mesure ou comme veste pour une utilisation d\u00e9contract\u00e9e.<\/p>\n<p>[\/vc_column_text][\/vc_column][\/vc_row][vc_row top_padding=&#8221;60&#8243; bottom_padding=&#8221;60&#8243; equal_height=&#8221;yes&#8221; css=&#8221;.vc_custom_1582280455501{padding-top: 60px !important;padding-bottom: 60px !important;}&#8221;][vc_column column_center=&#8221;true&#8221; width=&#8221;1\/2&#8243;][vc_column_text css_animation=&#8221;fadeIn&#8221;]<\/p>\n<h4 style=\"text-align: right;\"><strong>ACCESSOIRES SUR-MESURE<\/strong><\/h4>\n<p style=\"text-align: right;\">Nous vous proposons des \u00e9charpes en cachemire sur-mesure, des n\u0153uds papillon en soie sur mesure pour votre occasion parfaite, des cravates <span class=\"hiddenSuggestion\">ascots<\/span> sur mesure pour s&#8217;adapter parfaitement \u00e0 votre chemise sur mesure et un mouchoir de poche sur mesure pour s&#8217;adapter \u00e0 votre veste de sport fait sur-mesure&#8230; De nombreux autres <a title=\"Accessoires sur mesure pour homme Montreal\" href=\"https:\/\/mariakarimi.com\/fr\/bespoke\/hommes\/#accessoires\">accessoires sur-mesures<\/a> sont \u00e9galement disponibles pour notre ligne de <a title=\"Accessoires sur mesure pour les femmes \u00e0 Montreal\" href=\"https:\/\/mariakarimi.com\/fr\/bespoke\/femmes\/\">v\u00eatements sur-mesure pour femmes<\/a> et mari\u00e9es.<\/p>\n<p>[\/vc_column_text][\/vc_column][vc_column column_center=&#8221;true&#8221; width=&#8221;1\/2&#8243;][vc_single_image image=&#8221;1504&#8243; img_size=&#8221;large&#8221; alignment=&#8221;center&#8221; css_animation=&#8221;fadeInDownBig&#8221;][\/vc_column][\/vc_row][vc_row top_padding=&#8221;60&#8243; bottom_padding=&#8221;60&#8243; equal_height=&#8221;yes&#8221; el_class=&#8221;center-row&#8221; css=&#8221;.vc_custom_1582280462303{padding-top: 60px !important;padding-bottom: 60px !important;}&#8221;][vc_column column_center=&#8221;true&#8221; width=&#8221;1\/2&#8243;][vc_single_image image=&#8221;491&#8243; img_size=&#8221;large&#8221; alignment=&#8221;center&#8221; css_animation=&#8221;fadeInDownBig&#8221;][\/vc_column][vc_column column_center=&#8221;true&#8221; width=&#8221;1\/2&#8243;][vc_column_text css_animation=&#8221;fadeIn&#8221;]<\/p>\n<h4 style=\"text-align: left;\"><strong>V\u00caTEMENTS D&#8217;OCCASION<\/strong><\/h4>\n<p style=\"text-align: left;\">Un processus interm\u00e9diaire entre le sur-mesure et la grande-mesure: nous concevons des <a title=\"Tuxedos Sur Mesure Montr\u00e9al\" href=\"https:\/\/mariakarimi.com\/fr\/bespoke\/hommes\/\">tuxedos pour hommes<\/a> et <a title=\"Robes des mari\u00e9es Montreal\" href=\"https:\/\/mariakarimi.com\/fr\/bespoke\/femmes\/#robes-mariee\">des robes de mari\u00e9es<\/a>, des <a title=\"Robes de soir\u00e9e Montreal\" href=\"https:\/\/mariakarimi.com\/fr\/bespoke\/femmes\/#robes-mariee\">robes de soir\u00e9e pour femmes<\/a>: tout d\u00e9pend de l&#8217;occasion et le d\u00e9sir des client(e)s.<\/p>\n<p>[\/vc_column_text][\/vc_column][\/vc_row][vc_row bg_color=&#8221;#262626&#8243; text_color=&#8221;light&#8221; top_padding=&#8221;60&#8243; bottom_padding=&#8221;60&#8243;][vc_column column_center=&#8221;true&#8221; width=&#8221;1\/2&#8243;]<div class=\"divider-title align-left\" >Infolettre<\/div>[vc_column_text]I am text block. Click edit button to change this text. Lorem ipsum dolor sit amet, consectetur adipiscing elit. Ut elit tellus, luctus nec ullamcorper mattis, pulvinar dapibus leo.[\/vc_column_text][\/vc_column][vc_column column_center=&#8221;true&#8221; width=&#8221;1\/2&#8243;][vc_column_text][\/vc_column_text][\/vc_column][\/vc_row]<\/p>\n","protected":false},"excerpt":{"rendered":"<p>[vc_row type=&#8221;full_width_section&#8221; bg_image=&#8221;1510&#8243; full_height=&#8221;true&#8221;][vc_column width=&#8221;1\/1&#8243;][\/vc_column][\/vc_row][vc_row top_padding=&#8221;60&#8243;][vc_column][vc_column_text css_animation=&#8221;slideInLeft&#8221; el_class=&#8221;red-bar-top&#8221;] \u00c9l\u00e9gance intemporelle pour homme et femme La maison MAR, confectionne le plus beau des habilles sur-mesures faits avec un savoir-faire traditionnel suivant des coupes modernes dans nos ateliers du centre-ville de Montr\u00e9al. . [\/vc_column_text][\/vc_column][\/vc_row][vc_row bottom_padding=&#8221;60&#8243; equal_height=&#8221;yes&#8221; css=&#8221;.vc_custom_1578063239261{margin-top: 60px !important;}&#8221;][vc_column column_center=&#8221;true&#8221; width=&#8221;1\/2&#8243;][vc_single_image image=&#8221;1510&#8243; img_size=&#8221;full&#8221; alignment=&#8221;center&#8221; css_animation=&#8221;slideInLeft&#8221;][\/vc_column][vc_column column_center=&#8221;true&#8221; width=&#8221;1\/2&#8243;][vc_column_text css_animation=&#8221;slideInRight&#8221; el_class=&#8221;text blackbar&#8221;]D\u00e9votion \u00e0 l&#8217;\u00e9l\u00e9gance intemporelle, le souci du d\u00e9tail et l&#8217;individualit\u00e9 est l&#8217;inspiration derri\u00e8re la marque haut de gamme MAR. Lanc\u00e9e par la cr\u00e9atrice de mode Maria Karimi, abritant sa ligne de v\u00eatement sur-mesure et haute couture pour hommes et femmes, les plus \u00e9l\u00e9gant(e)s des connaisseurs sartoriales.[\/vc_column_text][\/vc_column][\/vc_row][vc_row top_padding=&#8221;60&#8243; bottom_padding=&#8221;60&#8243;][vc_column][vc_column_text css_animation=&#8221;slideInLeft&#8221;] SERVICES [\/vc_column_text][\/vc_column][\/vc_row][vc_row top_padding=&#8221;60&#8243; bottom_padding=&#8221;60&#8243; equal_height=&#8221;yes&#8221; css=&#8221;.vc_custom_1582280430669{padding-top: 60px !important;padding-bottom: 60px !important;}&#8221;][vc_column column_center=&#8221;true&#8221; width=&#8221;1\/2&#8243;][vc_single_image image=&#8221;1476&#8243; img_size=&#8221;full&#8221; css_animation=&#8221;fadeInDownBig&#8221;][\/vc_column][vc_column column_center=&#8221;true&#8221; width=&#8221;1\/2&#8243;][vc_column_text css_animation=&#8221;fadeIn&#8221;] V\u00caTEMENTS SUR-MESURE Chez MAR, nos services de v\u00eatement sur-mesure pour hommes et femmes vous offrent une occasion unique de vous cr\u00e9er une garde-robe personnalis\u00e9e. [\/vc_column_text][\/vc_column][\/vc_row][vc_row top_padding=&#8221;60&#8243; bottom_padding=&#8221;60&#8243; equal_height=&#8221;yes&#8221; css=&#8221;.vc_custom_1582280438985{padding-top: 60px !important;padding-bottom: 60px !important;}&#8221;][vc_column column_center=&#8221;true&#8221; width=&#8221;1\/2&#8243;][vc_column_text css_animation=&#8221;fadeIn&#8221;] BESPOKE : LA GRANDE-MESURE Un processus \u00e9quivalent\u00a0\u00e0 celui de la vraie Haute-Couture connue sous le terme Bespoke dans le milieu des tailleurs sur-mesure. Un costume Bespoke pour homme ou un costume Bespoke pour femme, est ce que vous appelez une [&hellip;]<\/p>\n","protected":false},"author":4,"featured_media":0,"parent":0,"menu_order":0,"comment_status":"closed","ping_status":"closed","template":"","meta":[],"_links":{"self":[{"href":"https:\/\/mariakarimi.com\/fr\/wp-json\/wp\/v2\/pages\/337"}],"collection":[{"href":"https:\/\/mariakarimi.com\/fr\/wp-json\/wp\/v2\/pages"}],"about":[{"href":"https:\/\/mariakarimi.com\/fr\/wp-json\/wp\/v2\/types\/page"}],"author":[{"embeddable":true,"href":"https:\/\/mariakarimi.com\/fr\/wp-json\/wp\/v2\/users\/4"}],"replies":[{"embeddable":true,"href":"https:\/\/mariakarimi.com\/fr\/wp-json\/wp\/v2\/comments?post=337"}],"version-history":[{"count":0,"href":"https:\/\/mariakarimi.com\/fr\/wp-json\/wp\/v2\/pages\/337\/revisions"}],"wp:attachment":[{"href":"https:\/\/mariakarimi.com\/fr\/wp-json\/wp\/v2\/media?parent=337"}],"curies":[{"name":"wp","href":"https:\/\/api.w.org\/{rel}","templated":true}]}}