{"id":3535,"date":"2021-03-11T06:00:41","date_gmt":"2021-03-11T11:00:41","guid":{"rendered":"https:\/\/mariakarimi.com\/home\/"},"modified":"2023-11-09T15:03:27","modified_gmt":"2023-11-09T20:03:27","slug":"accueil","status":"publish","type":"page","link":"https:\/\/mariakarimi.com\/fr\/","title":{"rendered":"Accueil"},"content":{"rendered":"<p>[vc_row type=&#8221;full_width_section&#8221; top_padding=&#8221;0&#8243; bottom_padding=&#8221;0&#8243;][vc_column width=&#8221;1\/1&#8243;]\n\t\t\t<!-- START Home REVOLUTION SLIDER 6.2.23 --><p class=\"rs-p-wp-fix\"><\/p>\n\t\t\t<rs-module-wrap id=\"rev_slider_5_1_wrapper\" data-source=\"gallery\" style=\"background:transparent;padding:0;margin:0px auto;margin-top:0;margin-bottom:0;\">\n\t\t\t\t<rs-module id=\"rev_slider_5_1\" style=\"\" data-version=\"6.2.23\">\n\t\t\t\t\t<rs-slides>\n\t\t\t\t\t\t<rs-slide data-key=\"rs-5\" data-title=\"Slide\" data-anim=\"ei:d;eo:d;s:1000;r:0;t:fade;sl:0;\">\n\t\t\t\t\t\t\t<img src=\"\/\/mariakarimi.com\/wp-content\/uploads\/2021\/09\/mar-by-maria-karimi-cover.jpg\" alt=\"MAR a canadian bespoke and redy to wear luxury menswear and womenswear by fashion designer Maria Karimi\" title=\"mar-by-maria-karimi-cover\" width=\"1600\" height=\"900\" class=\"rev-slidebg\" data-no-retina>\n\t\t\t\t\t\t\t<rs-bgvideo \n\t\t\t\t\t\t\t\tdata-video=\"vc:none;w:100%;h:100%;nse:false;rwd:false;l:true;ptimer:false;\"\n\t\t\t\t\t\t\t\tdata-ytid=\"Y6f2NbFVTPg\"\n\t\t\t\t\t\t\t\tdata-vatr=\"version=3&amp;enablejsapi=1&amp;html5=1&amp;autoplay=1&amp;origin=https:\/\/mariakarimi.com;\"\n\t\t\t\t\t\t\t><\/rs-bgvideo>\n<!---->\t\t\t\t\t\t<\/rs-slide>\n\t\t\t\t\t<\/rs-slides>\n\t\t\t\t<\/rs-module>\n\t\t\t\t<script type=\"text\/javascript\">\n\t\t\t\t\tsetREVStartSize({c: 'rev_slider_5_1',rl:[1240,1240,1240,480],el:[660,660,660,720],gw:[1280,1280,1280,480],gh:[660,660,660,854],type:'hero',justify:'',layout:'fullwidth',mh:\"0\"});\n\t\t\t\t\tvar\trevapi5,\n\t\t\t\t\t\ttpj;\n\t\t\t\t\tfunction revinit_revslider51() {\n\t\t\t\t\tjQuery(function() {\n\t\t\t\t\t\ttpj = jQuery;\n\t\t\t\t\t\trevapi5 = tpj(\"#rev_slider_5_1\");\n\t\t\t\t\t\tif(revapi5==undefined || revapi5.revolution == undefined){\n\t\t\t\t\t\t\trevslider_showDoubleJqueryError(\"rev_slider_5_1\");\n\t\t\t\t\t\t}else{\n\t\t\t\t\t\t\trevapi5.revolution({\n\t\t\t\t\t\t\t\tsliderType:\"hero\",\n\t\t\t\t\t\t\t\tsliderLayout:\"fullwidth\",\n\t\t\t\t\t\t\t\tduration:\"15000ms\",\n\t\t\t\t\t\t\t\tvisibilityLevels:\"1240,1240,1240,480\",\n\t\t\t\t\t\t\t\tgridwidth:\"1280,1280,1280,480\",\n\t\t\t\t\t\t\t\tgridheight:\"660,660,660,854\",\n\t\t\t\t\t\t\t\tautoHeight:true,\n\t\t\t\t\t\t\t\tspinner:\"spinner0\",\n\t\t\t\t\t\t\t\tperspective:600,\n\t\t\t\t\t\t\t\tperspectiveType:\"global\",\n\t\t\t\t\t\t\t\teditorheight:\"660,768,960,720\",\n\t\t\t\t\t\t\t\tresponsiveLevels:\"1240,1240,1240,480\",\n\t\t\t\t\t\t\t\tprogressBar:{disableProgressBar:true},\n\t\t\t\t\t\t\t\tnavigation: {\n\t\t\t\t\t\t\t\t\tonHoverStop:false\n\t\t\t\t\t\t\t\t},\n\t\t\t\t\t\t\t\tfallbacks: {\n\t\t\t\t\t\t\t\t\tallowHTML5AutoPlayOnAndroid:true\n\t\t\t\t\t\t\t\t},\n\t\t\t\t\t\t\t});\n\t\t\t\t\t\t}\n\t\t\t\t\t\t\n\t\t\t\t\t});\n\t\t\t\t\t} \/\/ End of RevInitScript\n\t\t\t\tvar once_revslider51 = false;\n\t\t\t\tif (document.readyState === \"loading\") {document.addEventListener('readystatechange',function() { if((document.readyState === \"interactive\" || document.readyState === \"complete\") && !once_revslider51 ) { once_revslider51 = true; revinit_revslider51();}});} else {once_revslider51 = true; revinit_revslider51();}\n\t\t\t\t<\/script>\n\t\t\t<\/rs-module-wrap>\n\t\t\t<!-- END REVOLUTION SLIDER -->\n[\/vc_column][\/vc_row][vc_row text_align=&#8221;center&#8221; top_padding=&#8221;60&#8243; bottom_padding=&#8221;30&#8243; class=&#8221;home-title&#8221;][vc_column width=&#8221;1\/1&#8243;]<div class=\"divider-title align-center\" >| PR\u00caT \u00c0 PORTER |<\/div>[vc_column_text]<\/p>\n<h2 class=\"p1\">La collection pr\u00eat-\u00e0-porter MAR incarne l\u2019esprit de ses cr\u00e9ations\u00a0<i>sur mesure<\/i>: des silhouettes intemporelles, r\u00e9alis\u00e9es de mani\u00e8re \u00e9thique avec un savoir-faire sup\u00e9rieur qui respire la qualit\u00e9. Des pi\u00e8ces de tous les jours sur\u00e9lev\u00e9es qui marient \u00e9l\u00e9gance et gaiet\u00e9. La collection pr\u00eat-\u00e0-porter MAR est con\u00e7ue et fabriqu\u00e9e dans nos Ateliers \u00e0 Montr\u00e9al. Produites en petites s\u00e9ries \u00e9troitement contr\u00f4l\u00e9es, pour r\u00e9duire les d\u00e9chets. Ces collections limit\u00e9es offrent aussi la possibilit\u00e9 de personnaliser les v\u00eatements pour les clients \u00e0 leurs mesures exactes. Ce sont des pi\u00e8ces qui cr\u00e9ent la base d\u2019une garde-robe d\u2019exception, qui font tourner les t\u00eates pour toutes les bonnes raisons.<\/h2>\n<p>[\/vc_column_text]<div class=\"toggle\"><div class=\"toggle-title \"><i class='fa fa-chevron'><\/i>Lire la suite<\/div><div class=\"toggle-inner\"><p>\n<p class=\"p1\">Ma\u00eetre tailleur, Designer et Directrice-artistique, Maria Karimi allie la sensibilit\u00e9 d\u2019une artiste et\u00a0<i>Couturier<\/i>\u00a0\u2013 elle cr\u00e9e avec un sentiment d\u2019\u00e9merveillement et s\u2019adapte avec l\u2019\u0153il d\u2019un \u00e9diteur. La collection MAR ne sacrifie pas l\u2019esth\u00e9tique, mais est con\u00e7ue pour ce qui fonctionne et tombe bien sur le corps sous tous les angles. Chaque coupe, drap\u00e9, et pli \u2013 aucun d\u00e9tail n\u2019est trop petit pour \u00eatre n\u00e9glig\u00e9. Ce sont des classiques modernes remasteris\u00e9s avec cr\u00e9ativit\u00e9 et soin.<\/p>\n<p class=\"p1\">La durabilit\u00e9 est une pr\u00e9occupation primordiale pour Maria, et les tissus sont achet\u00e9s pour MAR avec cette priorit\u00e9. MAR incarne la philosophie \u00abconsommer moins, mais mieux\u00bb qui refl\u00e8te un mouvement croissant de la mode.<\/p>\n<p class=\"p1\">Maria Karimi d\u00e9crit sa collection comme suit: \u00ab Chez MAR, tout est fait \u00e0 l\u2019interne. Nous cr\u00e9ons moins mais nous le faisons mieux. Produire une collection capsule chaque saison nous permet de r\u00e9duire notre impact sur la plan\u00e8te, d\u2019offrir des pi\u00e8ces uniques \u00e0 notre client\u00e8le et de laisser la possibilit\u00e9 de personnaliser les pi\u00e8ces \u2013 pour un ajustement parfait. \u00bb<span class=\"Apple-converted-space\">\u00a0<\/span><\/p>\n<\/p><\/div><\/div>[\/vc_column][\/vc_row][vc_row][vc_column width=&#8221;1\/1&#8243;]<div class=\"minti_masonrygrid home clearfix\"><div class=\"grid-sizer\"><\/div><div class=\"minti_masonrygrid_item masonry_image masonry_rp\"><a href=\"\/fr\/bespoke\/men\/\" target=\"_self\"><div class=\"minti_masonrygrid_item_wrap\"><div class=\"minti_masonrygrid_item_inner\" style=\"background-image: url(https:\/\/mariakarimi.com\/wp-content\/uploads\/2023\/11\/mens-bespoke-custom-made-cashmere-coat-by-canadian-fashion-designer-maria-karimi-1-e1699556185204-500x1000.png);\"><div class=\"minti_masonrygrid_item_cell minti_masonrygrid_item_overlay font-special\">Sur mesure pour HOMME<\/div><\/div><\/div><\/a><\/div><div class=\"minti_masonrygrid_item masonry_image masonry_rp\"><a href=\"\/fr\/categorie-produit\/homme\/\" target=\"_self\"><div class=\"minti_masonrygrid_item_wrap\"><div class=\"minti_masonrygrid_item_inner\" style=\"background-image: url(https:\/\/mariakarimi.com\/wp-content\/uploads\/2023\/11\/custom-made-trench-coat-by-fashion-designer-maria-karimi-500x1000.jpg);\"><div class=\"minti_masonrygrid_item_cell minti_masonrygrid_item_overlay font-special\">Pr\u00eat-\u00e0-porter HOMME<\/div><\/div><\/div><\/a><\/div><div class=\"minti_masonrygrid_item masonry_image masonry_rp\"><a href=\"\/fr\/categorie-produit\/femme\/\" target=\"_self\"><div class=\"minti_masonrygrid_item_wrap\"><div class=\"minti_masonrygrid_item_inner\" style=\"background-image: url(https:\/\/mariakarimi.com\/wp-content\/uploads\/2023\/11\/mar-custom-made-suit-for-women-by-canadian-fashion-designer-maria-karimi-1-500x1000.png);\"><div class=\"minti_masonrygrid_item_cell minti_masonrygrid_item_overlay font-special\">Pr\u00eat-\u00e0-porter FEMME<\/div><\/div><\/div><\/a><\/div><div class=\"minti_masonrygrid_item masonry_image masonry_rp\"><a href=\"\/fr\/bespoke\/femmes\/\" target=\"_self\"><div class=\"minti_masonrygrid_item_wrap\"><div class=\"minti_masonrygrid_item_inner\" style=\"background-image: url(https:\/\/mariakarimi.com\/wp-content\/uploads\/2021\/09\/fall-winter-2021_17-500x1000.jpg);\"><div class=\"minti_masonrygrid_item_cell minti_masonrygrid_item_overlay font-special\">Sur mesure pour FEMME<\/div><\/div><\/div><\/a><\/div><\/div>[\/vc_column][\/vc_row][vc_row bottom_padding=&#8221;30&#8243;][vc_column width=&#8221;1\/1&#8243;][\/vc_column][\/vc_row]<\/p>\n","protected":false},"excerpt":{"rendered":"<p>[vc_row type=&#8221;full_width_section&#8221; top_padding=&#8221;0&#8243; bottom_padding=&#8221;0&#8243;][vc_column width=&#8221;1\/1&#8243;][\/vc_column][\/vc_row][vc_row text_align=&#8221;center&#8221; top_padding=&#8221;60&#8243; bottom_padding=&#8221;30&#8243; class=&#8221;home-title&#8221;][vc_column width=&#8221;1\/1&#8243;][vc_column_text] La collection pr\u00eat-\u00e0-porter MAR incarne l\u2019esprit de ses cr\u00e9ations\u00a0sur mesure: des silhouettes intemporelles, r\u00e9alis\u00e9es de mani\u00e8re \u00e9thique avec un savoir-faire sup\u00e9rieur qui respire la qualit\u00e9. Des pi\u00e8ces de tous les jours sur\u00e9lev\u00e9es qui marient \u00e9l\u00e9gance et gaiet\u00e9. La collection pr\u00eat-\u00e0-porter MAR est con\u00e7ue et fabriqu\u00e9e dans nos Ateliers \u00e0 Montr\u00e9al. Produites en petites s\u00e9ries \u00e9troitement contr\u00f4l\u00e9es, pour r\u00e9duire les d\u00e9chets. Ces collections limit\u00e9es offrent aussi la possibilit\u00e9 de personnaliser les v\u00eatements pour les clients \u00e0 leurs mesures exactes. Ce sont des pi\u00e8ces qui cr\u00e9ent la base d\u2019une garde-robe d\u2019exception, qui font tourner les t\u00eates pour toutes les bonnes raisons. [\/vc_column_text][\/vc_column][\/vc_row][vc_row][vc_column width=&#8221;1\/1&#8243;][\/vc_column][\/vc_row][vc_row bottom_padding=&#8221;30&#8243;][vc_column width=&#8221;1\/1&#8243;][\/vc_column][\/vc_row]<\/p>\n","protected":false},"author":4,"featured_media":0,"parent":0,"menu_order":0,"comment_status":"closed","ping_status":"closed","template":"","meta":[],"_links":{"self":[{"href":"https:\/\/mariakarimi.com\/fr\/wp-json\/wp\/v2\/pages\/3535"}],"collection":[{"href":"https:\/\/mariakarimi.com\/fr\/wp-json\/wp\/v2\/pages"}],"about":[{"href":"https:\/\/mariakarimi.com\/fr\/wp-json\/wp\/v2\/types\/page"}],"author":[{"embeddable":true,"href":"https:\/\/mariakarimi.com\/fr\/wp-json\/wp\/v2\/users\/4"}],"replies":[{"embeddable":true,"href":"https:\/\/mariakarimi.com\/fr\/wp-json\/wp\/v2\/comments?post=3535"}],"version-history":[{"count":0,"href":"https:\/\/mariakarimi.com\/fr\/wp-json\/wp\/v2\/pages\/3535\/revisions"}],"wp:attachment":[{"href":"https:\/\/mariakarimi.com\/fr\/wp-json\/wp\/v2\/media?parent=3535"}],"curies":[{"name":"wp","href":"https:\/\/api.w.org\/{rel}","templated":true}]}}