{"id":358,"date":"2019-12-31T21:02:32","date_gmt":"2020-01-01T02:02:32","guid":{"rendered":"https:\/\/mariakarimi.com\/bespoke\/men\/"},"modified":"2021-03-30T08:45:17","modified_gmt":"2021-03-30T12:45:17","slug":"hommes","status":"publish","type":"page","link":"https:\/\/mariakarimi.com\/fr\/bespoke\/hommes\/","title":{"rendered":"Homme"},"content":{"rendered":"<p>[vc_row type=&#8221;full_width_section&#8221; full_height=&#8221;true&#8221;][vc_column width=&#8221;1\/1&#8243;]\n\t\t\t<!-- START Men REVOLUTION SLIDER 6.2.23 --><p class=\"rs-p-wp-fix\"><\/p>\n\t\t\t<rs-module-wrap id=\"rev_slider_3_1_wrapper\" data-source=\"gallery\" style=\"background:transparent;padding:0;\">\n\t\t\t\t<rs-module id=\"rev_slider_3_1\" style=\"\" data-version=\"6.2.23\">\n\t\t\t\t\t<rs-slides>\n\t\t\t\t\t\t<rs-slide data-key=\"rs-3\" data-title=\"Slide\" data-anim=\"ei:d;eo:d;s:1000;r:0;t:fade;sl:0;\">\n\t\t\t\t\t\t\t<img src=\"\/\/mariakarimi.com\/wp-content\/uploads\/2020\/11\/MK_Shot-05-884C-1-scaled.jpg\" alt=\"Bespoke for Men by Fashion Designer Maria Karimi\" title=\"Bespoke tweed suit for men MAR FW20-21\" width=\"2048\" height=\"1366\" class=\"rev-slidebg\" data-no-retina>\n\t\t\t\t\t\t\t<rs-bgvideo \n\t\t\t\t\t\t\t\tdata-video=\"vc:none;w:100%;h:100%;nse:false;l:true;ptimer:false;\"\n\t\t\t\t\t\t\t\tdata-ytid=\"wmWqyz8jy3s\"\n\t\t\t\t\t\t\t\tdata-vatr=\"version=3&amp;enablejsapi=1&amp;html5=1&amp;hd=1&amp;wmode=opaque&amp;showinfo=0&amp;rel=0&amp;origin=https:\/\/mariakarimi.com;\"\n\t\t\t\t\t\t\t><\/rs-bgvideo>\n<!---->\t\t\t\t\t\t<\/rs-slide>\n\t\t\t\t\t<\/rs-slides>\n\t\t\t\t<\/rs-module>\n\t\t\t\t<script type=\"text\/javascript\">\n\t\t\t\t\tsetREVStartSize({c: 'rev_slider_3_1',rl:[1240,1024,778,480],el:[900],gw:[1240],gh:[900],type:'hero',justify:'',layout:'fullscreen',offsetContainer:'',offset:'',mh:\"0\"});\n\t\t\t\t\tvar\trevapi3,\n\t\t\t\t\t\ttpj;\n\t\t\t\t\tfunction revinit_revslider31() {\n\t\t\t\t\tjQuery(function() {\n\t\t\t\t\t\ttpj = jQuery;\n\t\t\t\t\t\trevapi3 = tpj(\"#rev_slider_3_1\");\n\t\t\t\t\t\tif(revapi3==undefined || revapi3.revolution == undefined){\n\t\t\t\t\t\t\trevslider_showDoubleJqueryError(\"rev_slider_3_1\");\n\t\t\t\t\t\t}else{\n\t\t\t\t\t\t\trevapi3.revolution({\n\t\t\t\t\t\t\t\tsliderType:\"hero\",\n\t\t\t\t\t\t\t\tsliderLayout:\"fullscreen\",\n\t\t\t\t\t\t\t\tvisibilityLevels:\"1240,1024,778,480\",\n\t\t\t\t\t\t\t\tgridwidth:1240,\n\t\t\t\t\t\t\t\tgridheight:900,\n\t\t\t\t\t\t\t\tspinner:\"spinner0\",\n\t\t\t\t\t\t\t\tperspective:600,\n\t\t\t\t\t\t\t\tperspectiveType:\"global\",\n\t\t\t\t\t\t\t\teditorheight:\"900,768,960,720\",\n\t\t\t\t\t\t\t\tresponsiveLevels:\"1240,1024,778,480\",\n\t\t\t\t\t\t\t\tprogressBar:{disableProgressBar:true},\n\t\t\t\t\t\t\t\tnavigation: {\n\t\t\t\t\t\t\t\t\tonHoverStop:false\n\t\t\t\t\t\t\t\t},\n\t\t\t\t\t\t\t\tfallbacks: {\n\t\t\t\t\t\t\t\t\tallowHTML5AutoPlayOnAndroid:true\n\t\t\t\t\t\t\t\t},\n\t\t\t\t\t\t\t});\n\t\t\t\t\t\t}\n\t\t\t\t\t\t\n\t\t\t\t\t});\n\t\t\t\t\t} \/\/ End of RevInitScript\n\t\t\t\tvar once_revslider31 = false;\n\t\t\t\tif (document.readyState === \"loading\") {document.addEventListener('readystatechange',function() { if((document.readyState === \"interactive\" || document.readyState === \"complete\") && !once_revslider31 ) { once_revslider31 = true; revinit_revslider31();}});} else {once_revslider31 = true; revinit_revslider31();}\n\t\t\t\t<\/script>\n\t\t\t<\/rs-module-wrap>\n\t\t\t<!-- END REVOLUTION SLIDER -->\n[\/vc_column][\/vc_row][vc_row top_padding=&#8221;60&#8243; bottom_padding=&#8221;60&#8243; row_id=&#8221;grande-mesure&#8221; equal_height=&#8221;yes&#8221; css=&#8221;.vc_custom_1578062394527{padding-top: 60px !important;}&#8221;][vc_column column_center=&#8221;true&#8221; width=&#8221;1\/2&#8243;]<div class=\"divider-title align-left\" >Grande Mesure<\/div>[vc_column_text css_animation=&#8221;fadeInRight&#8221; el_class=&#8221;text blackbar&#8221;]Notre gamme de v\u00eatements Grande Mesure est la plus haute qualit\u00e9 offerte par MAR.<\/p>\n<p>Tout commence par la rencontre avec Maria Karimi dans son luxueux showroom au centre-ville de Montr\u00e9al. Tous vos besoins seront \u00e9valu\u00e9s et pris en compte. Vous serez ensuite guid\u00e9 lors du processus de s\u00e9lection de tissus. Une r\u00e9union de suivi sera ensuite r\u00e9serv\u00e9e sur place, o\u00f9 vous pourrez voir des croquis dessin\u00e9s \u00e0 la main, sp\u00e9cialement con\u00e7us pour vous. Votre deuxi\u00e8me s\u00e9ance comprendra \u00e9galement un premier essayage d\u2019une toile.<\/p>\n<p>Chaque pi\u00e8ce de v\u00eatement est coup\u00e9e \u00e0 partir de z\u00e9ro et est faite \u00e0 la main par Maria Karimi et son \u00e9quipe d\u2019artisans- artisanes sp\u00e9cialis\u00e9s et talentueux artistes.\u00a0Lorsque vous concevez des v\u00eatements Grande Mesure \u00e0 partir de z\u00e9ro, c\u2019est plus que juste obtenir le tomb\u00e9 et l\u2019ajustement parfait.\u00a0Il s\u2019agit aussi de cr\u00e9er des v\u00eatements sur mesure qui refl\u00e8tent exactement qui vous \u00eates et qui respirent le style de vie et le dynamisme unique de la marque MAR.<\/p>\n<p>Emprunter la voie Grande Mesure signifie adopter une approche plus \u00e9labor\u00e9e \u00e0 l\u2019\u00e9gard des v\u00eatements traditionnels \u00ab\u00a0sur mesure\u00a0\u00bb. C\u2019est un processus et une technique qui est l\u2019\u00e9quivalent de la vraie Haute Couture.\u00a0Contrairement au sur mesure \u00e9l\u00e9mentaire, o\u00f9 un design est choisi et ensuite ajust\u00e9 aux mesures du client, l\u2019art de la Grande Mesure exige que le design soit esquiss\u00e9 \u00e0 partir de z\u00e9ro et cr\u00e9\u00e9 sp\u00e9cifiquement en utilisant seulement le corps du client comme une toile.\u00a0Le processus complet peut prendre de 8 \u00e0 12 semaines \u00e0 partir de votre premi\u00e8re s\u00e9ance avec Maria.<\/p>\n<p>Maria Karimi cr\u00e9e des cr\u00e9ations Grande Mesure exclusives et vraiment uniques, incorporant ses propres visions artistiques, vous offrant ainsi un dernier v\u00eatement qui est le miroir de qui vous \u00eates.[\/vc_column_text][\/vc_column][vc_column column_center=&#8221;true&#8221; width=&#8221;1\/2&#8243;][vc_single_image image=&#8221;1490&#8243; img_size=&#8221;medium&#8221; css_animation=&#8221;fadeInLeft&#8221;][\/vc_column][\/vc_row][vc_row top_padding=&#8221;60&#8243; bottom_padding=&#8221;60&#8243; row_id=&#8221;sur-mesure&#8221; equal_height=&#8221;yes&#8221; css=&#8221;.vc_custom_1578062353181{padding-top: 60px !important;}&#8221;][vc_column column_center=&#8221;true&#8221; width=&#8221;1\/2&#8243;][vc_single_image image=&#8221;1492&#8243; img_size=&#8221;medium&#8221; css_animation=&#8221;fadeInRight&#8221;][\/vc_column][vc_column column_center=&#8221;true&#8221; width=&#8221;1\/2&#8243;]<div class=\"divider-title align-left\" >Sur-Mesure<\/div>[vc_column_text css_animation=&#8221;fadeInLeft&#8221; el_class=&#8221;text blackbar&#8221;]C\u2019est une exp\u00e9rience unique qui vous attend lorsque vous optez pour le service sur-mesure de MAR. La route vers votre garde-robe fait sur-mesure commence par la rencontre avec la designer er ma\u00eetre-tailleuse Maria Karimi pour une s\u00e9ance en t\u00eate-\u00e0-t\u00eate dans son luxueux Showroom. Elle va vous guider \u00e0 travers le processus, \u00e9tape par \u00e9tape, afin d\u2019atteindre l\u2019ajustement parfait, le style et le sentiment que c\u2019est sinc\u00e8rement vous. Que vous recherchiez un complet tailleur sur-mesure, une chemise sur-mesure ou un blazer sport sur-mesure, votre garde-robe sur mesure unique sera un reflet honn\u00eate de votre personnalit\u00e9. Chaque design sera con\u00e7u dans notre atelier sur mesure au centre-ville de Montr\u00e9al et vient avec le service \u00e0 la client\u00e8le que vous attendez d\u2019une maison de luxe.[\/vc_column_text][\/vc_column][\/vc_row][vc_row top_padding=&#8221;60&#8243; bottom_padding=&#8221;60&#8243; row_id=&#8221;pantalons-sur-mesure&#8221; equal_height=&#8221;yes&#8221; css=&#8221;.vc_custom_1578062430956{padding-top: 60px !important;}&#8221;][vc_column column_center=&#8221;true&#8221; width=&#8221;1\/2&#8243;]<div class=\"divider-title align-left\" >Pantalons<\/div>[vc_column_text css_animation=&#8221;fadeInLeft&#8221; el_class=&#8221;text blackbar&#8221;]Nos pantalons sur mesure pour hommes sont cr\u00e9\u00e9s et adapt\u00e9s \u00e0 vos besoins sp\u00e9cifiques et \u00e0 votre style.\u00a0Des pantalons habill\u00e9s aux jeans, pantalons cargo et\/ou d\u2019\u00e9quitation, les d\u00e9tails comme les plis, les revers et les styles de poche sont choisies en fonction de vos pr\u00e9f\u00e9rences personnelles et des caract\u00e9ristiques du tissu.\u00a0Le design de nos v\u00eatements pour hommes parle du style de vie et de la personnalit\u00e9 uniques de chaque homme, personnifiant son vrai lui.[\/vc_column_text][\/vc_column][vc_column column_center=&#8221;true&#8221; width=&#8221;1\/2&#8243;][vc_single_image image=&#8221;1510&#8243; img_size=&#8221;medium&#8221; css_animation=&#8221;fadeInRight&#8221;][\/vc_column][\/vc_row][vc_row top_padding=&#8221;60&#8243; bottom_padding=&#8221;60&#8243; row_id=&#8221;chemise-sur-mesure&#8221; equal_height=&#8221;yes&#8221; css=&#8221;.vc_custom_1578062445812{padding-top: 60px !important;}&#8221;][vc_column column_center=&#8221;true&#8221; width=&#8221;1\/2&#8243;][vc_single_image image=&#8221;1450&#8243; img_size=&#8221;medium&#8221; css_animation=&#8221;fadeInLeft&#8221;][\/vc_column][vc_column column_center=&#8221;true&#8221; width=&#8221;1\/2&#8243;]<div class=\"divider-title align-left\" >Chemise<\/div>[vc_column_text css_animation=&#8221;fadeInRight&#8221; el_class=&#8221;text blackbar&#8221;]Lorsque vous obtenez une chemise sur mesure de MAR, vous avez la garantie d\u2019avoir un v\u00eatement con\u00e7u exclusivement pour vous.\u00a0Que vous souhaitiez ajouter une pi\u00e8ce \u00e0 votre garde-robe d\u00e9contract\u00e9e ou \u00e9largir le look de vos costumes personnalis\u00e9s, nous prenons notre processus de conception personnalis\u00e9e tr\u00e8s au s\u00e9rieux.\u00a0Tous les aspects tels que l\u2019ajustement, la fonction, le style de col, et les boutons, sont tous abord\u00e9s dans les premi\u00e8res \u00e9tapes avec Maria elle-m\u00eame. Votre mod\u00e8le de chemise en format papier sur mesure sera sauvegard\u00e9 \u00e0 l\u2019interne \u00e0 notre atelier pour les futures commandes.<\/p>\n<p>Notre grande vari\u00e9t\u00e9 de plus de 500 tissus de designs classiques et contemporains vous sont accessibles, chacun tiss\u00e9 parmi les plus grands tisseurs europ\u00e9ens comme Albini, Canclini, Atelier Romentino, pour n\u2019en nommer que quelques-uns.\u00a0L\u2019un de nos favoris est la collection de voyage NO IRON pour vous aider \u00e0 \u00eatre toujours pr\u00eat pour votre prochain voyage d\u2019affaires.<\/p>\n<p>Vous pouvez choisir parmi un large \u00e9ventail de soies et de cotons imprim\u00e9s, disponibles dans de nombreuses teintes et impressions, ajoutant une touche unique et plus recherch\u00e9e.[\/vc_column_text][\/vc_column][\/vc_row][vc_row top_padding=&#8221;60&#8243; bottom_padding=&#8221;60&#8243; row_id=&#8221;manteau-sur-mesure&#8221; equal_height=&#8221;yes&#8221; css=&#8221;.vc_custom_1578062461216{padding-top: 60px !important;}&#8221;][vc_column column_center=&#8221;true&#8221; width=&#8221;1\/2&#8243;]<div class=\"divider-title align-left\" >MANTEAU IMPERM\u00c9ABLE \/ MANTEAU D\u2019HIVER<\/div>[vc_column_text css_animation=&#8221;fadeInLeft&#8221; el_class=&#8221;text blackbar&#8221;]Nos tissus imperm\u00e9ables pour homme sont faits de coton 100% naturel et durable, offrant ainsi une long\u00e9vit\u00e9, un v\u00eatement qui respire et une excellente protection contre les \u00e9l\u00e9ments. Ces tissus sont disponibles dans diff\u00e9rentes couleurs.<\/p>\n<p>MAR s\u2019assure que le style de votre manteau sur-mesure est con\u00e7u avec un ajustement moderne et \u00e9l\u00e9gant qui peut \u00eatre port\u00e9 confortablement sur votre veste de costume personnalis\u00e9 ou comme veston pour une utilisation plus d\u00e9contract\u00e9e.\u00a0Une capuche amovible peut \u00eatre ajout\u00e9e \u00e0 la conception pour plus de commodit\u00e9 et de fonctionnalit\u00e9.<\/p>\n<p>Notre objectif est de produire un imperm\u00e9able parfait qui vous gardera au sec et au chaud, tout en conservant un look pointu et \u00e9l\u00e9gant sur mesure.<\/p>\n<p>Pour vos besoins de manteau d\u2019hiver, notre \u00e9l\u00e9gant Paletot en cachemire et nos manteaux en laine d\u00e9contract\u00e9e sont cr\u00e9\u00e9s et coup\u00e9s sur mesure pour s\u2019adapter parfaitement \u00e0 vous, peu importe ce que vous portez en dessous. Disponible en 100+ couleurs, textures et designs.[\/vc_column_text][\/vc_column][vc_column column_center=&#8221;true&#8221; width=&#8221;1\/2&#8243;][vc_single_image image=&#8221;1401&#8243; img_size=&#8221;medium&#8221; css_animation=&#8221;fadeInRight&#8221;][\/vc_column][\/vc_row][vc_row top_padding=&#8221;60&#8243; bottom_padding=&#8221;60&#8243; row_id=&#8221;accessoires&#8221; equal_height=&#8221;yes&#8221; css=&#8221;.vc_custom_1578062479112{padding-top: 60px !important;}&#8221;][vc_column column_center=&#8221;true&#8221; width=&#8221;1\/2&#8243;][vc_single_image image=&#8221;1543&#8243; img_size=&#8221;medium&#8221; css_animation=&#8221;fadeInLeft&#8221;][\/vc_column][vc_column column_center=&#8221;true&#8221; width=&#8221;1\/2&#8243;]<div class=\"divider-title align-left\" >Accessoires<\/div>[vc_column_text css_animation=&#8221;fadeInRight&#8221; el_class=&#8221;text blackbar&#8221;]Nos accessoires pour homme sont \u00e0 voir absolument.\u00a0Des foulards faits sur mesure en cachemire, des n\u0153uds-papillons en soie, des cravates ascots et des carr\u00e9s de poche, nous avons le parfait accessoire cousu \u00e0 la main pour compl\u00e9ter toute votre garde-robe, peu importe la saison.\u00a0[\/vc_column_text][\/vc_column][\/vc_row][vc_row top_padding=&#8221;60&#8243; bottom_padding=&#8221;60&#8243; row_id=&#8221;costumes-sur-mesure&#8221; equal_height=&#8221;yes&#8221; css=&#8221;.vc_custom_1578062494210{padding-top: 60px !important;}&#8221;][vc_column column_center=&#8221;true&#8221; width=&#8221;1\/2&#8243;]<div class=\"divider-title align-left\" >Costumes d&#8217;occasion &#8211; Tuxedo pour le Mari\u00e9<\/div>[vc_column_text css_animation=&#8221;fadeInLeft&#8221; el_class=&#8221;text blackbar&#8221;]Les costumes personnalis\u00e9s et smokings pour les mariages et les galas n\u00e9cessitent plus d\u2019attention au d\u00e9tail, par cons\u00e9quent, les services que nous offrons sont \u00e0 mi-chemin entre le sur mesure et la Grande Mesure.\u00a0Tout d\u00e9pend de l\u2019occasion et des d\u00e9sirs du client, bien s\u00fbr.\u00a0Les cr\u00e9ations MAR oscillent entre belles pi\u00e8ces artisanales, traditionnelles et une touche de modernit\u00e9 parfaite. Les designs MAR sont adapt\u00e9s \u00e0 vous et respectent les th\u00e8mes de votre occasion sp\u00e9ciale.\u00a0L\u2019\u00e9ventail des possibilit\u00e9s en termes de conception et de personnalisation est discut\u00e9 entre le client et Maria.<\/p>\n<p>Nous offrons \u00e9galement une r\u00e9union priv\u00e9e, o\u00f9 les mari\u00e9s, les futures mari\u00e9es, leurs gar\u00e7ons d\u2019honneur, les demoiselles d\u2019honneur et les membres de la famille peuvent d\u00e9guster du champagne en partageant des id\u00e9es, le tout en regardant \u00e0 travers une grande s\u00e9lection de tissus et d\u2019accessoires.\u00a0Notre objectif est d\u2019acqu\u00e9rir un look magnifique, inoubliable et harmonieux pour toute la famille tout au long de leurs c\u00e9r\u00e9monies de mariage &#8211; une exp\u00e9rience qui restera pour toujours grav\u00e9e pour vous et vos proches.<\/p>\n<p>Veuillez noter que les v\u00eatements traditionnels de toutes les origines peuvent \u00eatre con\u00e7us et fabriqu\u00e9s pour vos c\u00e9r\u00e9monies traditionnelles, juste pour en nommer quelques-uns, kurta indien sur mesure, ensembles brod\u00e9s sherwani sur mesure, kaftans marocains sur mesure, etc.[\/vc_column_text][\/vc_column][vc_column column_center=&#8221;true&#8221; width=&#8221;1\/2&#8243;][vc_single_image image=&#8221;449&#8243; img_size=&#8221;medium&#8221; css_animation=&#8221;fadeInRight&#8221;][\/vc_column][\/vc_row]<\/p>\n","protected":false},"excerpt":{"rendered":"<p>[vc_row type=&#8221;full_width_section&#8221; full_height=&#8221;true&#8221;][vc_column width=&#8221;1\/1&#8243;][\/vc_column][\/vc_row][vc_row top_padding=&#8221;60&#8243; bottom_padding=&#8221;60&#8243; row_id=&#8221;grande-mesure&#8221; equal_height=&#8221;yes&#8221; css=&#8221;.vc_custom_1578062394527{padding-top: 60px !important;}&#8221;][vc_column column_center=&#8221;true&#8221; width=&#8221;1\/2&#8243;][vc_column_text css_animation=&#8221;fadeInRight&#8221; el_class=&#8221;text blackbar&#8221;]Notre gamme de v\u00eatements Grande Mesure est la plus haute qualit\u00e9 offerte par MAR. Tout commence par la rencontre avec Maria Karimi dans son luxueux showroom au centre-ville de Montr\u00e9al. Tous vos besoins seront \u00e9valu\u00e9s et pris en compte. Vous serez ensuite guid\u00e9 lors du processus de s\u00e9lection de tissus. Une r\u00e9union de suivi sera ensuite r\u00e9serv\u00e9e sur place, o\u00f9 vous pourrez voir des croquis dessin\u00e9s \u00e0 la main, sp\u00e9cialement con\u00e7us pour vous. Votre deuxi\u00e8me s\u00e9ance comprendra \u00e9galement un premier essayage d\u2019une toile. Chaque pi\u00e8ce de v\u00eatement est coup\u00e9e \u00e0 partir de z\u00e9ro et est faite \u00e0 la main par Maria Karimi et son \u00e9quipe d\u2019artisans- artisanes sp\u00e9cialis\u00e9s et talentueux artistes.\u00a0Lorsque vous concevez des v\u00eatements Grande Mesure \u00e0 partir de z\u00e9ro, c\u2019est plus que juste obtenir le tomb\u00e9 et l\u2019ajustement parfait.\u00a0Il s\u2019agit aussi de cr\u00e9er des v\u00eatements sur mesure qui refl\u00e8tent exactement qui vous \u00eates et qui respirent le style de vie et le dynamisme unique de la marque MAR. Emprunter la voie Grande Mesure signifie adopter une approche plus \u00e9labor\u00e9e \u00e0 l\u2019\u00e9gard des v\u00eatements traditionnels \u00ab\u00a0sur mesure\u00a0\u00bb. C\u2019est un processus et une technique qui [&hellip;]<\/p>\n","protected":false},"author":4,"featured_media":0,"parent":337,"menu_order":0,"comment_status":"closed","ping_status":"closed","template":"","meta":[],"_links":{"self":[{"href":"https:\/\/mariakarimi.com\/fr\/wp-json\/wp\/v2\/pages\/358"}],"collection":[{"href":"https:\/\/mariakarimi.com\/fr\/wp-json\/wp\/v2\/pages"}],"about":[{"href":"https:\/\/mariakarimi.com\/fr\/wp-json\/wp\/v2\/types\/page"}],"author":[{"embeddable":true,"href":"https:\/\/mariakarimi.com\/fr\/wp-json\/wp\/v2\/users\/4"}],"replies":[{"embeddable":true,"href":"https:\/\/mariakarimi.com\/fr\/wp-json\/wp\/v2\/comments?post=358"}],"version-history":[{"count":0,"href":"https:\/\/mariakarimi.com\/fr\/wp-json\/wp\/v2\/pages\/358\/revisions"}],"up":[{"embeddable":true,"href":"https:\/\/mariakarimi.com\/fr\/wp-json\/wp\/v2\/pages\/337"}],"wp:attachment":[{"href":"https:\/\/mariakarimi.com\/fr\/wp-json\/wp\/v2\/media?parent=358"}],"curies":[{"name":"wp","href":"https:\/\/api.w.org\/{rel}","templated":true}]}}