{"id":365,"date":"2019-12-31T21:00:34","date_gmt":"2020-01-01T02:00:34","guid":{"rendered":"https:\/\/mariakarimi.com\/bespoke\/women\/"},"modified":"2021-03-21T17:16:02","modified_gmt":"2021-03-21T21:16:02","slug":"femmes","status":"publish","type":"page","link":"https:\/\/mariakarimi.com\/fr\/bespoke\/femmes\/","title":{"rendered":"Femme"},"content":{"rendered":"<p>[vc_row type=&#8221;full_width_section&#8221;][vc_column width=&#8221;1\/1&#8243;]\n\t\t\t<!-- START Women REVOLUTION SLIDER 6.2.23 --><p class=\"rs-p-wp-fix\"><\/p>\n\t\t\t<rs-module-wrap id=\"rev_slider_4_1_wrapper\" data-source=\"gallery\" style=\"background:transparent;padding:0;\">\n\t\t\t\t<rs-module id=\"rev_slider_4_1\" style=\"\" data-version=\"6.2.23\">\n\t\t\t\t\t<rs-slides>\n\t\t\t\t\t\t<rs-slide data-key=\"rs-4\" data-title=\"Slide\" data-anim=\"ei:d;eo:d;s:1000;r:0;t:fade;sl:0;\">\n\t\t\t\t\t\t\t<img src=\"\/\/mariakarimi.com\/wp-content\/uploads\/2020\/11\/MK_Shot-10-1411-1.jpg\" alt=\"MAR custom-made wool and silk fuchsia tuxedo suit for women\" title=\"Custom women tuxedo suits MAR FW 20-21\" width=\"2048\" height=\"1366\" class=\"rev-slidebg\" data-no-retina>\n\t\t\t\t\t\t\t<rs-bgvideo \n\t\t\t\t\t\t\t\tdata-video=\"vc:none;w:100%;h:100%;nse:false;l:true;ptimer:false;\"\n\t\t\t\t\t\t\t\tdata-ytid=\"vZFVozHJFic\"\n\t\t\t\t\t\t\t\tdata-vatr=\"version=3&amp;enablejsapi=1&amp;html5=1&amp;hd=1&amp;wmode=opaque&amp;showinfo=0&amp;rel=0&amp;origin=https:\/\/mariakarimi.com;\"\n\t\t\t\t\t\t\t><\/rs-bgvideo>\n<!---->\t\t\t\t\t\t<\/rs-slide>\n\t\t\t\t\t<\/rs-slides>\n\t\t\t\t<\/rs-module>\n\t\t\t\t<script type=\"text\/javascript\">\n\t\t\t\t\tsetREVStartSize({c: 'rev_slider_4_1',rl:[1240,1024,778,480],el:[900],gw:[1240],gh:[900],type:'hero',justify:'',layout:'fullscreen',offsetContainer:'',offset:'',mh:\"0\"});\n\t\t\t\t\tvar\trevapi4,\n\t\t\t\t\t\ttpj;\n\t\t\t\t\tfunction revinit_revslider41() {\n\t\t\t\t\tjQuery(function() {\n\t\t\t\t\t\ttpj = jQuery;\n\t\t\t\t\t\trevapi4 = tpj(\"#rev_slider_4_1\");\n\t\t\t\t\t\tif(revapi4==undefined || revapi4.revolution == undefined){\n\t\t\t\t\t\t\trevslider_showDoubleJqueryError(\"rev_slider_4_1\");\n\t\t\t\t\t\t}else{\n\t\t\t\t\t\t\trevapi4.revolution({\n\t\t\t\t\t\t\t\tsliderType:\"hero\",\n\t\t\t\t\t\t\t\tsliderLayout:\"fullscreen\",\n\t\t\t\t\t\t\t\tvisibilityLevels:\"1240,1024,778,480\",\n\t\t\t\t\t\t\t\tgridwidth:1240,\n\t\t\t\t\t\t\t\tgridheight:900,\n\t\t\t\t\t\t\t\tspinner:\"spinner0\",\n\t\t\t\t\t\t\t\tperspective:600,\n\t\t\t\t\t\t\t\tperspectiveType:\"global\",\n\t\t\t\t\t\t\t\teditorheight:\"900,768,960,720\",\n\t\t\t\t\t\t\t\tresponsiveLevels:\"1240,1024,778,480\",\n\t\t\t\t\t\t\t\tprogressBar:{disableProgressBar:true},\n\t\t\t\t\t\t\t\tnavigation: {\n\t\t\t\t\t\t\t\t\tonHoverStop:false\n\t\t\t\t\t\t\t\t},\n\t\t\t\t\t\t\t\tfallbacks: {\n\t\t\t\t\t\t\t\t\tallowHTML5AutoPlayOnAndroid:true\n\t\t\t\t\t\t\t\t},\n\t\t\t\t\t\t\t});\n\t\t\t\t\t\t}\n\t\t\t\t\t\t\n\t\t\t\t\t});\n\t\t\t\t\t} \/\/ End of RevInitScript\n\t\t\t\tvar once_revslider41 = false;\n\t\t\t\tif (document.readyState === \"loading\") {document.addEventListener('readystatechange',function() { if((document.readyState === \"interactive\" || document.readyState === \"complete\") && !once_revslider41 ) { once_revslider41 = true; revinit_revslider41();}});} else {once_revslider41 = true; revinit_revslider41();}\n\t\t\t\t<\/script>\n\t\t\t<\/rs-module-wrap>\n\t\t\t<!-- END REVOLUTION SLIDER -->\n[\/vc_column][\/vc_row][vc_row top_padding=&#8221;60&#8243; bottom_padding=&#8221;60&#8243; row_id=&#8221;grande-mesure&#8221; equal_height=&#8221;yes&#8221; css=&#8221;.vc_custom_1578062609697{padding-top: 60px !important;}&#8221;][vc_column column_center=&#8221;true&#8221; width=&#8221;1\/2&#8243;]<div class=\"divider-title align-left\" >Grande Mesure<\/div>[vc_column_text css_animation=&#8221;fadeInLeft&#8221; el_class=&#8221;text blackbar&#8221;]La Grande Mesure est la ligne de v\u00eatements de la plus haute qualit\u00e9 offerte par MAR.<\/p>\n<p>La m\u00e9thode Grande mesure est une approche diff\u00e9rente et plus \u00e9labor\u00e9e du Sur Mesure ;\u00a0le processus est \u00e9quivalent \u00e0 celui de la vraie Haute Couture.\u00a0\u2028\u2028Le processus commence par une premi\u00e8re rencontre avec Maria Karimi dans son Showroom au sein de son atelier du centre-ville.\u00a0Vos besoins sont discut\u00e9s et pris en consid\u00e9ration, suivis d\u2019une s\u00e9ance de s\u00e9lection de tissus.\u00a0Un deuxi\u00e8me rendez-vous est pr\u00e9vu tout de suite, o\u00f9 les croquis sont dessin\u00e9s sp\u00e9cifiquement pour vous.\u00a0Vous essayerez une premi\u00e8re toile lors de votre second rendez-vous.<\/p>\n<p>Chaque v\u00eatement est coup\u00e9 \u00e0 partir de z\u00e9ro, cr\u00e9\u00e9 et fait \u00e0 la main par Maria Karimi et son \u00e9quipe de tailleurs hautement qualifi\u00e9s avec le meilleur artisanat.\u00a0La nature du service Grande Mesure est bas\u00e9e non seulement sur les comp\u00e9tences et la cr\u00e9ation d\u2019un costume sur mesure exclusif, d\u2019une robe, d\u2019une chemise ou d\u2019une robe de soir\u00e9e, mais aussi la n\u00e9cessit\u00e9 de partager et de refl\u00e9ter votre personnalit\u00e9, votre style de vie, tout en mettant en avant les aspirations de la marque MAR.<\/p>\n<p>Contrairement au sur mesure \u00e9l\u00e9mentaire (o\u00f9 un design est d\u2019abord \u00e9tabli puis ajust\u00e9 aux mesures du client), la Grande Mesure exige que le design soit dessin\u00e9 \u00e0 partir de z\u00e9ro et cr\u00e9\u00e9 uniquement en utilisant le corps comme une toile.\u00a0L\u2019ensemble du processus peut durer en moyenne 8 \u00e0 12 semaines apr\u00e8s la premi\u00e8re rencontre avec Maria.<\/p>\n<p>Les designs exclusifs et uniques que Maria Karimi cr\u00e9e pour ses clients est in\u00e9gal\u00e9e avec une touche distinctive ajout\u00e9e \u00e0 la pi\u00e8ce finale, en s\u2019assurant qu\u2019il refl\u00e8te votre personnalit\u00e9 unique.[\/vc_column_text][\/vc_column][vc_column column_center=&#8221;true&#8221; width=&#8221;1\/2&#8243;][vc_single_image image=&#8221;1433&#8243; img_size=&#8221;medium&#8221; alignment=&#8221;center&#8221; css_animation=&#8221;fadeInRightBig&#8221;][\/vc_column][\/vc_row][vc_row top_padding=&#8221;60&#8243; bottom_padding=&#8221;60&#8243; row_id=&#8221;sur-mesure&#8221; equal_height=&#8221;yes&#8221; css=&#8221;.vc_custom_1578062597806{padding-top: 60px !important;}&#8221;][vc_column column_center=&#8221;true&#8221; width=&#8221;1\/2&#8243;][vc_single_image image=&#8221;1464&#8243; img_size=&#8221;medium&#8221; alignment=&#8221;center&#8221; css_animation=&#8221;fadeInLeft&#8221;][\/vc_column][vc_column column_center=&#8221;true&#8221; width=&#8221;1\/2&#8243;]<div class=\"divider-title align-left\" >Sur-Mesure<\/div>[vc_column_text css_animation=&#8221;fadeInRight&#8221; el_class=&#8221;text blackbar&#8221;]Nos services de v\u00eatements sur mesure pour femme vous offrent une occasion unique de cr\u00e9er une garde-robe enti\u00e8rement personnalis\u00e9e. Avec plus de libert\u00e9 de choix \u00e0 des prix comp\u00e9titifs, vous pouvez choisir parmi un large choix de design et de tissus. Maria Karimi vous recevra personnellement \u00e0 son luxueux Showroom et vous guidera soigneusement \u00e0 travers chaque \u00e9tape du processus, vous aidant \u00e0 cr\u00e9er un complet tailleur sur mesure, une robe sur mesure, une robe de soir\u00e9e sur-mesure dessin\u00e9e que pour vous ou tout simplement une garde-robe enti\u00e8rement personnalis\u00e9e et sur mesure qui sera le v\u00e9ritable reflet de votre style et de votre personnalit\u00e9. Chacun de ces articles sera con\u00e7u, coup\u00e9 et fabriqu\u00e9 dans notre atelier du centre-ville.<\/p>\n<p>Le service sur mesure permet \u00e0 nos clientes d\u2019adapter nos designs en fonction de leurs pr\u00e9f\u00e9rences personnelles. Le processus implique une s\u00e9lection \u00e0 partir de diff\u00e9rentes pi\u00e8ces de collection, selon la saison. La cliente pourra ensuite personnaliser les pi\u00e8ces choisies selon ses pr\u00e9f\u00e9rences. Des options allant de la soie et de la laine de certains des meilleurs tisseurs anglais et italiens, \u00e0 la s\u00e9lection exquise de dentelles fran\u00e7aises et de pi\u00e8ces brod\u00e9es \u00e0 la main par la cr\u00e9atrice elle-m\u00eame et ses brodeuses, \u00e0 la touche finale de la doublure et des boutons, vous garantissent une pi\u00e8ce vraiment personnalis\u00e9e. Le sur mesure n\u00e9cessite deux essayages pour que le v\u00eatement soit parfaitement ajust\u00e9.[\/vc_column_text][\/vc_column][\/vc_row][vc_row top_padding=&#8221;60&#8243; bottom_padding=&#8221;60&#8243; row_id=&#8221;pantalons-sur-mesure&#8221; equal_height=&#8221;yes&#8221; css=&#8221;.vc_custom_1578062626302{padding-top: 60px !important;}&#8221;][vc_column column_center=&#8221;true&#8221; width=&#8221;1\/2&#8243;]<div class=\"divider-title align-left\" >Pantalons<\/div>[vc_column_text css_animation=&#8221;fadeInLeft&#8221; el_class=&#8221;text blackbar&#8221;]MAR cr\u00e9e des pantalons sur-mesure pour femmes qui sont con\u00e7us, coup\u00e9s et adapt\u00e9s juste pour vous, avec vos mesures exactes.\u00a0Nous offrons des pantalons habill\u00e9s mais aussi des styles vari\u00e9s, tels que des jeans, pantalons cargo et \/ ou d\u2019\u00e9quitation. Nous offrons \u00e9galement un style plus sophistiqu\u00e9 et f\u00e9minin dans les formes palazzo, panta-jupes ou m\u00eame des combinaisons personnalis\u00e9es avec un confort ind\u00e9niable.\u2028 Les d\u00e9tails comme les plis, les revers et les styles de poche sont choisis en fonction de vos pr\u00e9f\u00e9rences et des caract\u00e9ristiques du tissu.[\/vc_column_text][\/vc_column][vc_column column_center=&#8221;true&#8221; width=&#8221;1\/2&#8243;][vc_single_image image=&#8221;1494&#8243; img_size=&#8221;medium&#8221; alignment=&#8221;center&#8221; css_animation=&#8221;fadeInRight&#8221;][\/vc_column][\/vc_row][vc_row top_padding=&#8221;60&#8243; bottom_padding=&#8221;60&#8243; row_id=&#8221;chemise-sur-mesure&#8221; equal_height=&#8221;yes&#8221; css=&#8221;.vc_custom_1578062638764{padding-top: 60px !important;}&#8221;][vc_column column_center=&#8221;true&#8221; width=&#8221;1\/2&#8243;][vc_single_image image=&#8221;1462&#8243; img_size=&#8221;medium&#8221; alignment=&#8221;center&#8221; css_animation=&#8221;fadeInLeft&#8221;][\/vc_column][vc_column column_center=&#8221;true&#8221; width=&#8221;1\/2&#8243;]<div class=\"divider-title align-left\" >Chemise \/ Blouse<\/div>[vc_column_text css_animation=&#8221;fadeInRight&#8221; el_class=&#8221;text blackbar&#8221;]Chez MAR, une chemise sur-mesure pour femme est exclusivement con\u00e7ue, coup\u00e9e et ajust\u00e9e avec un savoir-faire de grande mesure juste pour vous.\u00a0Qu\u2019il s\u2019agisse d\u2019\u00eatre port\u00e9 pour am\u00e9liorer votre tenue d\u00e9contract\u00e9e ou pour compl\u00e9ter le look de vos costumes personnalis\u00e9s, il s\u2019agit d\u2019un processus important qui n\u00e9cessite une attention suppl\u00e9mentaire de notre part\u00a0: d\u00e9tails d\u2019un ajustement sp\u00e9cifique, le style du col, les boutons et toutes les autres touches personnelles sont habituellement discut\u00e9s avec vous au d\u00e9but de chaque saison avec Maria elle-m\u00eame.\u00a0Votre mod\u00e8le de chemise sur mesure sera conserv\u00e9 \u00e0 l\u2019interne pour les futures commandes.<\/p>\n<p>Vous pouvez choisir parmi plus de 500+ tissus, de mod\u00e8les classiques \u00e0 des designs plus contemporains, ces tissus tiss\u00e9s chez certains des plus beaux tisseurs europ\u00e9ens, tels que Albini, Canclini, Atelier Romentino, dormeuil, juste pour en nommer quelques-uns et l\u2019un de nos favoris, la collection NO- IRON, toujours pr\u00eate \u00e0 \u00eatre emport\u00e9e pour votre prochain voyage d\u2019affaires.\u2028Vous aurez \u00e9galement \u00e0 choisir parmi une gamme de choix de soies disponibles dans de nombreuses nuances et des impressions pour vos chemisiers de soie suivant les derni\u00e8res des tendances, parfait pour compl\u00e9ter votre garde-robe.[\/vc_column_text][\/vc_column][\/vc_row][vc_row top_padding=&#8221;60&#8243; bottom_padding=&#8221;60&#8243; row_id=&#8221;manteau-sur-mesure&#8221; equal_height=&#8221;yes&#8221; css=&#8221;.vc_custom_1578062651040{padding-top: 60px !important;}&#8221;][vc_column column_center=&#8221;true&#8221; width=&#8221;1\/2&#8243;]<div class=\"divider-title align-left\" >Manteau Imperm\u00e9able \/ Manteau d&#8217;Hiver<\/div>[vc_column_text css_animation=&#8221;fadeInLeft&#8221; el_class=&#8221;text blackbar&#8221;]Nos tissus pour les manteaux imperm\u00e9ables sur-mesure sont faits de coton 100% naturel et durable, offrant une longue dur\u00e9e de vie, un pouvoir respirant sup\u00e9rieur et une excellente protection contre le vent, la pluie et la neige, tout en \u00e9tant discret et confortable.\u00a0Ils sont disponibles en plusieurs couleurs.<\/p>\n<p>Chez MAR, nous nous assurons que votre mod\u00e8le de trench est con\u00e7u avec un ajustement moderne qui peut \u00eatre port\u00e9 confortablement sur votre veste de costume ou votre robe, avec la longueur d\u00e9sir\u00e9e.\u00a0Une capuche amovible peut \u00eatre ajout\u00e9e \u00e0 la conception, offrant ainsi une commodit\u00e9 suppl\u00e9mentaire.<\/p>\n<p>Nous nous engageons \u00e0 vous faire un imperm\u00e9able parfait qui vous gardera au chaud et au sec de la pluie tout en conservant un look pointu et sur mesure.<\/p>\n<p>En ce qui concerne vos besoins de manteaux d\u2019hiver, l\u2019\u00e9l\u00e9gant Paletot en cachemire et les manteaux de laine sur-mesure d\u00e9contract\u00e9e sont con\u00e7us, coup\u00e9s et ajust\u00e9s pour s\u2019adapter parfaitement par-dessus de vos vestons sur-mesure, vos blazers sports et robes personnalis\u00e9es.\u00a0Disponible en 100+ couleurs, textures et designs.[\/vc_column_text][\/vc_column][vc_column column_center=&#8221;true&#8221; width=&#8221;1\/2&#8243;][vc_single_image image=&#8221;1456&#8243; img_size=&#8221;medium&#8221; alignment=&#8221;center&#8221; css_animation=&#8221;fadeInRight&#8221;][\/vc_column][\/vc_row][vc_row top_padding=&#8221;60&#8243; bottom_padding=&#8221;60&#8243; row_id=&#8221;accessoires&#8221; equal_height=&#8221;yes&#8221; css=&#8221;.vc_custom_1578062663493{padding-top: 60px !important;}&#8221;][vc_column column_center=&#8221;true&#8221; width=&#8221;1\/2&#8243;][vc_single_image image=&#8221;1446&#8243; img_size=&#8221;medium&#8221; alignment=&#8221;center&#8221; css_animation=&#8221;fadeInLeft&#8221;][\/vc_column][vc_column column_center=&#8221;true&#8221; width=&#8221;1\/2&#8243;]<div class=\"divider-title align-left\" >Accessoires<\/div>[vc_column_text css_animation=&#8221;fadeInRight&#8221; el_class=&#8221;text blackbar&#8221;]Des foulards faits sur mesure en cachemire aux foulards en soie, cravates ascots, broches, coiffes et carr\u00e9s de poche, tous nos accessoires sont cousus \u00e0 la main, compl\u00e9tant toute votre garde-robe de l\u2019\u00e9t\u00e9 \u00e0 la saison hivernale.[\/vc_column_text][\/vc_column][\/vc_row][vc_row top_padding=&#8221;60&#8243; bottom_padding=&#8221;60&#8243; row_id=&#8221;robes-mariee&#8221; equal_height=&#8221;yes&#8221; css=&#8221;.vc_custom_1578062674462{padding-top: 60px !important;}&#8221;][vc_column column_center=&#8221;true&#8221; width=&#8221;1\/2&#8243;]<div class=\"divider-title align-left\" >TENUE DE SOIR\u00c9E \/ MARIAGE \u2013 FAMILLE DU MARI\u00c9<\/div>[vc_column_text css_animation=&#8221;fadeInLeft&#8221; el_class=&#8221;text blackbar&#8221;]Les robes de mari\u00e9e et de soir\u00e9es offrent un processus interm\u00e9diaire entre le sur mesure et la Grande Mesure\u00a0: tout d\u00e9pend de l\u2019occasion et les d\u00e9sirs de la cliente. Les cr\u00e9ations de MAR s\u2019inscrivent dans le spectre de la tradition moderne, y compris les robes de mari\u00e9e, les coiffes de mari\u00e9e, les robes de demoiselle d\u2019honneur, les v\u00eatements du soir pour les galas et une multitude d\u2019autres cr\u00e9ations uniques. L\u2019\u00e9ventail des possibilit\u00e9s en termes de conception et de personnalisation est discut\u00e9 entre cliente et Maria.<\/p>\n<p>Nous offrons \u00e9galement des r\u00e9unions priv\u00e9es, o\u00f9 la mari\u00e9e, son futur \u00e9poux et les membres de la famille peuvent d\u00e9guster du champagne et \u00e9changer leurs id\u00e9es, en utilisant notre large s\u00e9lection de tissus et accessoires. Notre objectif est de cr\u00e9er, concevoir et offrir de beaux, inoubliables et harmonieux looks pour toute la famille pour la dur\u00e9e de toutes les c\u00e9r\u00e9monies li\u00e9es au mariage &#8211; une exp\u00e9rience m\u00e9morable qui restera entre vous et vos proches pour toujours.<\/p>\n<p>Veuillez noter que les v\u00eatements traditionnels de toutes les origines peuvent \u00eatre con\u00e7us et fabriqu\u00e9s pour vos c\u00e9r\u00e9monies traditionnelles, juste pour n\u2019en nommer que quelques-uns, complets Indian kurta personnalis\u00e9s, ensembles sherwani brod\u00e9s sur mesure, saris sur mesure, lehengas personnalis\u00e9s, kaftans marocains etc.[\/vc_column_text][\/vc_column][vc_column column_center=&#8221;true&#8221; width=&#8221;1\/2&#8243;][vc_single_image image=&#8221;578&#8243; img_size=&#8221;medium&#8221; alignment=&#8221;center&#8221; css_animation=&#8221;fadeInRight&#8221;][\/vc_column][\/vc_row]<\/p>\n","protected":false},"excerpt":{"rendered":"<p>[vc_row type=&#8221;full_width_section&#8221;][vc_column width=&#8221;1\/1&#8243;][\/vc_column][\/vc_row][vc_row top_padding=&#8221;60&#8243; bottom_padding=&#8221;60&#8243; row_id=&#8221;grande-mesure&#8221; equal_height=&#8221;yes&#8221; css=&#8221;.vc_custom_1578062609697{padding-top: 60px !important;}&#8221;][vc_column column_center=&#8221;true&#8221; width=&#8221;1\/2&#8243;][vc_column_text css_animation=&#8221;fadeInLeft&#8221; el_class=&#8221;text blackbar&#8221;]La Grande Mesure est la ligne de v\u00eatements de la plus haute qualit\u00e9 offerte par MAR. La m\u00e9thode Grande mesure est une approche diff\u00e9rente et plus \u00e9labor\u00e9e du Sur Mesure ;\u00a0le processus est \u00e9quivalent \u00e0 celui de la vraie Haute Couture.\u00a0\u2028\u2028Le processus commence par une premi\u00e8re rencontre avec Maria Karimi dans son Showroom au sein de son atelier du centre-ville.\u00a0Vos besoins sont discut\u00e9s et pris en consid\u00e9ration, suivis d\u2019une s\u00e9ance de s\u00e9lection de tissus.\u00a0Un deuxi\u00e8me rendez-vous est pr\u00e9vu tout de suite, o\u00f9 les croquis sont dessin\u00e9s sp\u00e9cifiquement pour vous.\u00a0Vous essayerez une premi\u00e8re toile lors de votre second rendez-vous. Chaque v\u00eatement est coup\u00e9 \u00e0 partir de z\u00e9ro, cr\u00e9\u00e9 et fait \u00e0 la main par Maria Karimi et son \u00e9quipe de tailleurs hautement qualifi\u00e9s avec le meilleur artisanat.\u00a0La nature du service Grande Mesure est bas\u00e9e non seulement sur les comp\u00e9tences et la cr\u00e9ation d\u2019un costume sur mesure exclusif, d\u2019une robe, d\u2019une chemise ou d\u2019une robe de soir\u00e9e, mais aussi la n\u00e9cessit\u00e9 de partager et de refl\u00e9ter votre personnalit\u00e9, votre style de vie, tout en mettant en avant les aspirations de la marque MAR. Contrairement au sur mesure \u00e9l\u00e9mentaire [&hellip;]<\/p>\n","protected":false},"author":4,"featured_media":0,"parent":337,"menu_order":0,"comment_status":"closed","ping_status":"closed","template":"","meta":[],"_links":{"self":[{"href":"https:\/\/mariakarimi.com\/fr\/wp-json\/wp\/v2\/pages\/365"}],"collection":[{"href":"https:\/\/mariakarimi.com\/fr\/wp-json\/wp\/v2\/pages"}],"about":[{"href":"https:\/\/mariakarimi.com\/fr\/wp-json\/wp\/v2\/types\/page"}],"author":[{"embeddable":true,"href":"https:\/\/mariakarimi.com\/fr\/wp-json\/wp\/v2\/users\/4"}],"replies":[{"embeddable":true,"href":"https:\/\/mariakarimi.com\/fr\/wp-json\/wp\/v2\/comments?post=365"}],"version-history":[{"count":0,"href":"https:\/\/mariakarimi.com\/fr\/wp-json\/wp\/v2\/pages\/365\/revisions"}],"up":[{"embeddable":true,"href":"https:\/\/mariakarimi.com\/fr\/wp-json\/wp\/v2\/pages\/337"}],"wp:attachment":[{"href":"https:\/\/mariakarimi.com\/fr\/wp-json\/wp\/v2\/media?parent=365"}],"curies":[{"name":"wp","href":"https:\/\/api.w.org\/{rel}","templated":true}]}}