{"id":2491,"date":"2021-03-20T17:01:06","date_gmt":"2021-03-20T21:01:06","guid":{"rendered":"https:\/\/mariakarimi.com\/product\/robe-de-pyjama-en-soie\/"},"modified":"2021-04-08T14:07:15","modified_gmt":"2021-04-08T18:07:15","slug":"robe-de-pyjama-en-soie","status":"publish","type":"product","link":"https:\/\/mariakarimi.com\/fr\/produit\/robe-de-pyjama-en-soie\/","title":{"rendered":"Peignoir en Soie"},"content":{"rendered":"<p>Cette robe de Pyjama avec des manches raglans est fabriqu\u00e9e en 100% soie Charmeuse. Il y a un contraste de couleur avec un c\u00f4t\u00e9 du dos en soie Noire et les deux poches sur le devant en forme de LUNE, insigne de MAR. Un large col qui donne l&#8217;effet d&#8217;un foulard. Ces d\u00e9tails transforment une simple robe de Pyjama en un Long Manteau en Soie pour une soir\u00e9e chic. Cintr\u00e9 \u00e0 la taille par une simple ceinture pour pr\u00e9server la l\u00e9g\u00e8ret\u00e9 et l&#8217;unisexe, avec deux passants sur les c\u00f4t\u00e9s pour apporter du confort.<\/p>\n<p>Confectionn\u00e9 avec savoir-faire dans notre atelier \u00e0 Montr\u00e9al.<\/p>\n<p>&nbsp;<\/p>\n","protected":false},"excerpt":{"rendered":"<p>Cette robe de Pyjama avec des manches raglans est fabriqu\u00e9e en 100% soie Charmeuse. Il y a un contraste de couleur avec un c\u00f4t\u00e9 du dos en soie Noire et les deux poches sur le devant en forme de LUNE, insigne de MAR. Un large col qui donne l&#8217;effet d&#8217;un foulard. Ces d\u00e9tails transforment une simple robe de Pyjama en un Long Manteau en Soie pour une soir\u00e9e chic. Cintr\u00e9 \u00e0 la taille par une simple ceinture pour pr\u00e9server la l\u00e9g\u00e8ret\u00e9 et l&#8217;unisexe, avec deux passants sur les c\u00f4t\u00e9s pour apporter du confort. Confectionn\u00e9 avec savoir-faire dans notre atelier \u00e0 Montr\u00e9al. &nbsp;<\/p>\n","protected":false},"featured_media":2103,"template":"","meta":[],"product_cat":[26],"product_tag":[],"_links":{"self":[{"href":"https:\/\/mariakarimi.com\/fr\/wp-json\/wp\/v2\/product\/2491"}],"collection":[{"href":"https:\/\/mariakarimi.com\/fr\/wp-json\/wp\/v2\/product"}],"about":[{"href":"https:\/\/mariakarimi.com\/fr\/wp-json\/wp\/v2\/types\/product"}],"wp:featuredmedia":[{"embeddable":true,"href":"https:\/\/mariakarimi.com\/fr\/wp-json\/wp\/v2\/media\/2103"}],"wp:attachment":[{"href":"https:\/\/mariakarimi.com\/fr\/wp-json\/wp\/v2\/media?parent=2491"}],"wp:term":[{"taxonomy":"product_cat","embeddable":true,"href":"https:\/\/mariakarimi.com\/fr\/wp-json\/wp\/v2\/product_cat?post=2491"},{"taxonomy":"product_tag","embeddable":true,"href":"https:\/\/mariakarimi.com\/fr\/wp-json\/wp\/v2\/product_tag?post=2491"}],"curies":[{"name":"wp","href":"https:\/\/api.w.org\/{rel}","templated":true}]}}