{"id":2498,"date":"2021-03-20T17:01:06","date_gmt":"2021-03-20T21:01:06","guid":{"rendered":"https:\/\/mariakarimi.com\/?post_type=product&#038;p=2498"},"modified":"2021-04-08T14:07:45","modified_gmt":"2021-04-08T18:07:45","slug":"chemise-avec-imprime-fleurie","status":"publish","type":"product","link":"https:\/\/mariakarimi.com\/fr\/produit\/chemise-avec-imprime-fleurie\/","title":{"rendered":"Chemise avec Imprim\u00e9 fleurie"},"content":{"rendered":"<p>Cette chemise avec un Imprim\u00e9 Printemps avec des manches courtes est parfaite pour illuminer votre look, c&#8217;est une intemporelle avec une coupe droite et un col debout \u00e9pur\u00e9 pour conserver la l\u00e9g\u00e8ret\u00e9 et la fraicheur de la chemise.<\/p>\n<p>Confectionn\u00e9 avec L&#8217;IMPRIM\u00c9 ORIGINAL de MAR dans un fin M\u00e9lange de Coton et Soie \u00e0 Montr\u00e9al.<\/p>\n<p>&nbsp;<\/p>\n<p>&nbsp;<\/p>\n","protected":false},"excerpt":{"rendered":"<p>Cette chemise avec un Imprim\u00e9 Printemps avec des manches courtes est parfaite pour illuminer votre look, c&#8217;est une intemporelle avec une coupe droite et un col debout \u00e9pur\u00e9 pour conserver la l\u00e9g\u00e8ret\u00e9 et la fraicheur de la chemise. Confectionn\u00e9 avec L&#8217;IMPRIM\u00c9 ORIGINAL de MAR dans un fin M\u00e9lange de Coton et Soie \u00e0 Montr\u00e9al. &nbsp; &nbsp;<\/p>\n","protected":false},"featured_media":2039,"template":"","meta":[],"product_cat":[26],"product_tag":[],"_links":{"self":[{"href":"https:\/\/mariakarimi.com\/fr\/wp-json\/wp\/v2\/product\/2498"}],"collection":[{"href":"https:\/\/mariakarimi.com\/fr\/wp-json\/wp\/v2\/product"}],"about":[{"href":"https:\/\/mariakarimi.com\/fr\/wp-json\/wp\/v2\/types\/product"}],"wp:featuredmedia":[{"embeddable":true,"href":"https:\/\/mariakarimi.com\/fr\/wp-json\/wp\/v2\/media\/2039"}],"wp:attachment":[{"href":"https:\/\/mariakarimi.com\/fr\/wp-json\/wp\/v2\/media?parent=2498"}],"wp:term":[{"taxonomy":"product_cat","embeddable":true,"href":"https:\/\/mariakarimi.com\/fr\/wp-json\/wp\/v2\/product_cat?post=2498"},{"taxonomy":"product_tag","embeddable":true,"href":"https:\/\/mariakarimi.com\/fr\/wp-json\/wp\/v2\/product_tag?post=2498"}],"curies":[{"name":"wp","href":"https:\/\/api.w.org\/{rel}","templated":true}]}}