{"id":3137,"date":"2021-03-22T10:37:54","date_gmt":"2021-03-22T14:37:54","guid":{"rendered":"https:\/\/mariakarimi.com\/?post_type=product&#038;p=3137"},"modified":"2021-04-08T13:35:18","modified_gmt":"2021-04-08T17:35:18","slug":"pantalon-large-plisse","status":"publish","type":"product","link":"https:\/\/mariakarimi.com\/fr\/produit\/pantalon-large-plisse\/","title":{"rendered":"Pantalon Large Pliss\u00e9"},"content":{"rendered":"<p>Notre pantalon pliss\u00e9 100% Lin, inspir\u00e9 du style Palazzo est l&#8217;indispensable \u00e0 avoir dans sa garde-robe pour cet \u00c9t\u00e9.<br \/>\nIl illustre parfaitement MAR avec ses coupes impeccables pour une silhouette raffin\u00e9e et confortable. Ces plis sont asym\u00e9triques et est taille Mi-haute. La fermeture est dissimul\u00e9e sur le devant et enti\u00e8rement doubl\u00e9 de bemberg 100%.<\/p>\n<p>Confectionn\u00e9 avec le savoir-faire dans notre ateliers de Montr\u00e9al.<\/p>\n","protected":false},"excerpt":{"rendered":"<p>Notre pantalon pliss\u00e9 100% Lin, inspir\u00e9 du style Palazzo est l&#8217;indispensable \u00e0 avoir dans sa garde-robe pour cet \u00c9t\u00e9. Il illustre parfaitement MAR avec ses coupes impeccables pour une silhouette raffin\u00e9e et confortable. Ces plis sont asym\u00e9triques et est taille Mi-haute. La fermeture est dissimul\u00e9e sur le devant et enti\u00e8rement doubl\u00e9 de bemberg 100%. Confectionn\u00e9 avec le savoir-faire dans notre ateliers de Montr\u00e9al.<\/p>\n","protected":false},"featured_media":2173,"template":"","meta":[],"product_cat":[118],"product_tag":[],"_links":{"self":[{"href":"https:\/\/mariakarimi.com\/fr\/wp-json\/wp\/v2\/product\/3137"}],"collection":[{"href":"https:\/\/mariakarimi.com\/fr\/wp-json\/wp\/v2\/product"}],"about":[{"href":"https:\/\/mariakarimi.com\/fr\/wp-json\/wp\/v2\/types\/product"}],"wp:featuredmedia":[{"embeddable":true,"href":"https:\/\/mariakarimi.com\/fr\/wp-json\/wp\/v2\/media\/2173"}],"wp:attachment":[{"href":"https:\/\/mariakarimi.com\/fr\/wp-json\/wp\/v2\/media?parent=3137"}],"wp:term":[{"taxonomy":"product_cat","embeddable":true,"href":"https:\/\/mariakarimi.com\/fr\/wp-json\/wp\/v2\/product_cat?post=3137"},{"taxonomy":"product_tag","embeddable":true,"href":"https:\/\/mariakarimi.com\/fr\/wp-json\/wp\/v2\/product_tag?post=3137"}],"curies":[{"name":"wp","href":"https:\/\/api.w.org\/{rel}","templated":true}]}}