{"id":3144,"date":"2021-03-22T10:37:53","date_gmt":"2021-03-22T14:37:53","guid":{"rendered":"https:\/\/mariakarimi.com\/?post_type=product&#038;p=3144"},"modified":"2021-04-08T13:35:53","modified_gmt":"2021-04-08T17:35:53","slug":"peignoir-en-soie","status":"publish","type":"product","link":"https:\/\/mariakarimi.com\/fr\/produit\/peignoir-en-soie\/","title":{"rendered":"Peignoir en soie"},"content":{"rendered":"<p>Notre peignoir avec des manches raglans est fabriqu\u00e9e de soie 100% Charmeuse. Il y a un contraste de couleur avec un c\u00f4t\u00e9 du dos en soie Noire et les deux poches sur le devant en forme de LUNE, insigne de MAR. Un large col qui donne l&#8217;effet d&#8217;un foulard. Ces d\u00e9tails transforment une simple robe de Pyjama en un Long Manteau en Soie pour une soir\u00e9e chic. Cintr\u00e9 \u00e0 la taille par une simple ceinture pour pr\u00e9server la l\u00e9g\u00e8ret\u00e9 et l&#8217;unisexe, avec deux passants sur les c\u00f4t\u00e9s pour apporter du confort.<\/p>\n<p>Confectionn\u00e9 avec le savoir-faire dans notre atelier de Montr\u00e9al.<\/p>\n","protected":false},"excerpt":{"rendered":"<p>Notre peignoir avec des manches raglans est fabriqu\u00e9e de soie 100% Charmeuse. Il y a un contraste de couleur avec un c\u00f4t\u00e9 du dos en soie Noire et les deux poches sur le devant en forme de LUNE, insigne de MAR. Un large col qui donne l&#8217;effet d&#8217;un foulard. Ces d\u00e9tails transforment une simple robe de Pyjama en un Long Manteau en Soie pour une soir\u00e9e chic. Cintr\u00e9 \u00e0 la taille par une simple ceinture pour pr\u00e9server la l\u00e9g\u00e8ret\u00e9 et l&#8217;unisexe, avec deux passants sur les c\u00f4t\u00e9s pour apporter du confort. Confectionn\u00e9 avec le savoir-faire dans notre atelier de Montr\u00e9al.<\/p>\n","protected":false},"featured_media":2153,"template":"","meta":[],"product_cat":[118],"product_tag":[],"_links":{"self":[{"href":"https:\/\/mariakarimi.com\/fr\/wp-json\/wp\/v2\/product\/3144"}],"collection":[{"href":"https:\/\/mariakarimi.com\/fr\/wp-json\/wp\/v2\/product"}],"about":[{"href":"https:\/\/mariakarimi.com\/fr\/wp-json\/wp\/v2\/types\/product"}],"wp:featuredmedia":[{"embeddable":true,"href":"https:\/\/mariakarimi.com\/fr\/wp-json\/wp\/v2\/media\/2153"}],"wp:attachment":[{"href":"https:\/\/mariakarimi.com\/fr\/wp-json\/wp\/v2\/media?parent=3144"}],"wp:term":[{"taxonomy":"product_cat","embeddable":true,"href":"https:\/\/mariakarimi.com\/fr\/wp-json\/wp\/v2\/product_cat?post=3144"},{"taxonomy":"product_tag","embeddable":true,"href":"https:\/\/mariakarimi.com\/fr\/wp-json\/wp\/v2\/product_tag?post=3144"}],"curies":[{"name":"wp","href":"https:\/\/api.w.org\/{rel}","templated":true}]}}