{"id":3151,"date":"2021-03-21T20:29:10","date_gmt":"2021-03-22T00:29:10","guid":{"rendered":"https:\/\/mariakarimi.com\/?post_type=product&#038;p=3151"},"modified":"2021-04-08T13:36:47","modified_gmt":"2021-04-08T17:36:47","slug":"chemise-de-pyjama-en-soie","status":"publish","type":"product","link":"https:\/\/mariakarimi.com\/fr\/produit\/chemise-de-pyjama-en-soie\/","title":{"rendered":"Chemise de Pyjama en Soie"},"content":{"rendered":"<p>Cette chemise de Pyjama en Soie avec des manches courtes, est simple, \u00e9l\u00e9gante, intemporelle et AUDACIEUSE. Elle repr\u00e9sente la coupe impeccable de MAR et son design raffin\u00e9.<\/p>\n<p>Confectionn\u00e9 avec savoir-faire dans notre atelier de Montr\u00e9al.<\/p>\n","protected":false},"excerpt":{"rendered":"<p>Cette chemise de Pyjama en Soie avec des manches courtes, est simple, \u00e9l\u00e9gante, intemporelle et AUDACIEUSE. Elle repr\u00e9sente la coupe impeccable de MAR et son design raffin\u00e9. Confectionn\u00e9 avec savoir-faire dans notre atelier de Montr\u00e9al.<\/p>\n","protected":false},"featured_media":2099,"template":"","meta":[],"product_cat":[26],"product_tag":[],"_links":{"self":[{"href":"https:\/\/mariakarimi.com\/fr\/wp-json\/wp\/v2\/product\/3151"}],"collection":[{"href":"https:\/\/mariakarimi.com\/fr\/wp-json\/wp\/v2\/product"}],"about":[{"href":"https:\/\/mariakarimi.com\/fr\/wp-json\/wp\/v2\/types\/product"}],"wp:featuredmedia":[{"embeddable":true,"href":"https:\/\/mariakarimi.com\/fr\/wp-json\/wp\/v2\/media\/2099"}],"wp:attachment":[{"href":"https:\/\/mariakarimi.com\/fr\/wp-json\/wp\/v2\/media?parent=3151"}],"wp:term":[{"taxonomy":"product_cat","embeddable":true,"href":"https:\/\/mariakarimi.com\/fr\/wp-json\/wp\/v2\/product_cat?post=3151"},{"taxonomy":"product_tag","embeddable":true,"href":"https:\/\/mariakarimi.com\/fr\/wp-json\/wp\/v2\/product_tag?post=3151"}],"curies":[{"name":"wp","href":"https:\/\/api.w.org\/{rel}","templated":true}]}}