{"id":3165,"date":"2021-03-21T16:10:29","date_gmt":"2021-03-21T20:10:29","guid":{"rendered":"https:\/\/mariakarimi.com\/?post_type=product&#038;p=3165"},"modified":"2021-04-08T13:38:18","modified_gmt":"2021-04-08T17:38:18","slug":"short-de-pyjama-en-soie","status":"publish","type":"product","link":"https:\/\/mariakarimi.com\/fr\/produit\/short-de-pyjama-en-soie\/","title":{"rendered":"Short de Pyjama en Soie"},"content":{"rendered":"<p>Notre short \u00e0 la taille Mi-haute en SOIE extensible sur le devant gr\u00e2ce \u00e0 une ceinture avec boucle en m\u00e9tal pour rajouter une touche d&#8217;\u00e9l\u00e9gance. Les d\u00e9tails rappellent la coupe impeccable de MAR ainsi que son design \u00e9pur\u00e9 et intemporel. Deux poches sur les c\u00f4t\u00e9s et un \u00e9lastique pos\u00e9 \u00e0 la taille dans le dos pour deux fois plus de confort sans modifier la coupe au niveau des hanches.<\/p>\n<p>Confectionn\u00e9 avec savoir-faire de notre atelier de Montr\u00e9al.<\/p>\n","protected":false},"excerpt":{"rendered":"<p>Notre short \u00e0 la taille Mi-haute en SOIE extensible sur le devant gr\u00e2ce \u00e0 une ceinture avec boucle en m\u00e9tal pour rajouter une touche d&#8217;\u00e9l\u00e9gance. Les d\u00e9tails rappellent la coupe impeccable de MAR ainsi que son design \u00e9pur\u00e9 et intemporel. Deux poches sur les c\u00f4t\u00e9s et un \u00e9lastique pos\u00e9 \u00e0 la taille dans le dos pour deux fois plus de confort sans modifier la coupe au niveau des hanches. Confectionn\u00e9 avec savoir-faire de notre atelier de Montr\u00e9al.<\/p>\n","protected":false},"featured_media":2149,"template":"","meta":[],"product_cat":[118],"product_tag":[],"_links":{"self":[{"href":"https:\/\/mariakarimi.com\/fr\/wp-json\/wp\/v2\/product\/3165"}],"collection":[{"href":"https:\/\/mariakarimi.com\/fr\/wp-json\/wp\/v2\/product"}],"about":[{"href":"https:\/\/mariakarimi.com\/fr\/wp-json\/wp\/v2\/types\/product"}],"wp:featuredmedia":[{"embeddable":true,"href":"https:\/\/mariakarimi.com\/fr\/wp-json\/wp\/v2\/media\/2149"}],"wp:attachment":[{"href":"https:\/\/mariakarimi.com\/fr\/wp-json\/wp\/v2\/media?parent=3165"}],"wp:term":[{"taxonomy":"product_cat","embeddable":true,"href":"https:\/\/mariakarimi.com\/fr\/wp-json\/wp\/v2\/product_cat?post=3165"},{"taxonomy":"product_tag","embeddable":true,"href":"https:\/\/mariakarimi.com\/fr\/wp-json\/wp\/v2\/product_tag?post=3165"}],"curies":[{"name":"wp","href":"https:\/\/api.w.org\/{rel}","templated":true}]}}