{"id":3172,"date":"2021-03-21T16:10:28","date_gmt":"2021-03-21T20:10:28","guid":{"rendered":"https:\/\/mariakarimi.com\/?post_type=product&#038;p=3172"},"modified":"2021-04-08T13:39:22","modified_gmt":"2021-04-08T17:39:22","slug":"bustier-court-en-maille","status":"publish","type":"product","link":"https:\/\/mariakarimi.com\/fr\/produit\/bustier-court-en-maille\/","title":{"rendered":"Bustier court en maille"},"content":{"rendered":"<p>Notre bandeau en Tricot peut \u00eatre port\u00e9 avec votre jupe, jeans ou jupe-culotte pr\u00e9f\u00e9r\u00e9s. Les c\u00f4tes du tricot dans le dos sont plus \u00e9lastiques et apporte du confort. Nous l&#8217;avons ici avec notre Jupe Courte en Tricot et notre Cardigan Noir en Tricot comme un ensemble.<\/p>\n<p>&nbsp;<\/p>\n","protected":false},"excerpt":{"rendered":"<p>Notre bandeau en Tricot peut \u00eatre port\u00e9 avec votre jupe, jeans ou jupe-culotte pr\u00e9f\u00e9r\u00e9s. Les c\u00f4tes du tricot dans le dos sont plus \u00e9lastiques et apporte du confort. Nous l&#8217;avons ici avec notre Jupe Courte en Tricot et notre Cardigan Noir en Tricot comme un ensemble. &nbsp;<\/p>\n","protected":false},"featured_media":2199,"template":"","meta":[],"product_cat":[118],"product_tag":[],"_links":{"self":[{"href":"https:\/\/mariakarimi.com\/fr\/wp-json\/wp\/v2\/product\/3172"}],"collection":[{"href":"https:\/\/mariakarimi.com\/fr\/wp-json\/wp\/v2\/product"}],"about":[{"href":"https:\/\/mariakarimi.com\/fr\/wp-json\/wp\/v2\/types\/product"}],"wp:featuredmedia":[{"embeddable":true,"href":"https:\/\/mariakarimi.com\/fr\/wp-json\/wp\/v2\/media\/2199"}],"wp:attachment":[{"href":"https:\/\/mariakarimi.com\/fr\/wp-json\/wp\/v2\/media?parent=3172"}],"wp:term":[{"taxonomy":"product_cat","embeddable":true,"href":"https:\/\/mariakarimi.com\/fr\/wp-json\/wp\/v2\/product_cat?post=3172"},{"taxonomy":"product_tag","embeddable":true,"href":"https:\/\/mariakarimi.com\/fr\/wp-json\/wp\/v2\/product_tag?post=3172"}],"curies":[{"name":"wp","href":"https:\/\/api.w.org\/{rel}","templated":true}]}}