{"id":3179,"date":"2021-03-21T16:10:28","date_gmt":"2021-03-21T20:10:28","guid":{"rendered":"https:\/\/mariakarimi.com\/?post_type=product&#038;p=3179"},"modified":"2021-04-08T13:49:33","modified_gmt":"2021-04-08T17:49:33","slug":"cardigan-en-maille","status":"publish","type":"product","link":"https:\/\/mariakarimi.com\/fr\/produit\/cardigan-en-maille\/","title":{"rendered":"Cardigan en maille"},"content":{"rendered":"<p>Notre cardigan est \u00e0 ajouter \u00e0 votre tenue chic et d\u00e9contract\u00e9e. Des \u00e9paules l\u00e9g\u00e8rement baiss\u00e9es, un col ch\u00e2le et une ceinture \u00e0 part en tricot, r\u00e9sument l&#8217;oeil complexe de MAR pour changer une simple tenue en une plus complexe. En dessous, notre ensemble Pyjama en Soie pour montrer la superposition des diff\u00e9rentes textures possible durant la saison.<\/p>\n<p>&nbsp;<\/p>\n","protected":false},"excerpt":{"rendered":"<p>Notre cardigan est \u00e0 ajouter \u00e0 votre tenue chic et d\u00e9contract\u00e9e. Des \u00e9paules l\u00e9g\u00e8rement baiss\u00e9es, un col ch\u00e2le et une ceinture \u00e0 part en tricot, r\u00e9sument l&#8217;oeil complexe de MAR pour changer une simple tenue en une plus complexe. En dessous, notre ensemble Pyjama en Soie pour montrer la superposition des diff\u00e9rentes textures possible durant la saison. &nbsp;<\/p>\n","protected":false},"featured_media":2199,"template":"","meta":[],"product_cat":[118],"product_tag":[],"_links":{"self":[{"href":"https:\/\/mariakarimi.com\/fr\/wp-json\/wp\/v2\/product\/3179"}],"collection":[{"href":"https:\/\/mariakarimi.com\/fr\/wp-json\/wp\/v2\/product"}],"about":[{"href":"https:\/\/mariakarimi.com\/fr\/wp-json\/wp\/v2\/types\/product"}],"wp:featuredmedia":[{"embeddable":true,"href":"https:\/\/mariakarimi.com\/fr\/wp-json\/wp\/v2\/media\/2199"}],"wp:attachment":[{"href":"https:\/\/mariakarimi.com\/fr\/wp-json\/wp\/v2\/media?parent=3179"}],"wp:term":[{"taxonomy":"product_cat","embeddable":true,"href":"https:\/\/mariakarimi.com\/fr\/wp-json\/wp\/v2\/product_cat?post=3179"},{"taxonomy":"product_tag","embeddable":true,"href":"https:\/\/mariakarimi.com\/fr\/wp-json\/wp\/v2\/product_tag?post=3179"}],"curies":[{"name":"wp","href":"https:\/\/api.w.org\/{rel}","templated":true}]}}