{"id":3191,"date":"2021-03-21T16:10:27","date_gmt":"2021-03-21T20:10:27","guid":{"rendered":"https:\/\/mariakarimi.com\/?post_type=product&#038;p=3191"},"modified":"2021-04-08T13:53:49","modified_gmt":"2021-04-08T17:53:49","slug":"chemise-coupe-droite-avec-emmanchures-basses","status":"publish","type":"product","link":"https:\/\/mariakarimi.com\/fr\/produit\/chemise-coupe-droite-avec-emmanchures-basses\/","title":{"rendered":"Chemise Coupe Droite avec Emmanchures Basses"},"content":{"rendered":"<p>Notre chemise avec coupe droite et des \u00e9paules basses est r\u00e9alis\u00e9e, avec la finesse de l&#8217;Italie, dans un m\u00e9lange de LIN et COTON. Elle met en valeur le contraste de couleurs des manches et du col noir pour un style chic et contemporain. Les boutons sont cach\u00e9s par une sous-patte pour une finition raffin\u00e9e et deux fentes sur les c\u00f4t\u00e9s apportent confort aux hanches avec un ruban noir en gros grain pour un effet chic et d\u00e9contract\u00e9. Le devant est l\u00e9g\u00e8rement plus court que le dos pour une touche d&#8217;\u00e9l\u00e9gance.<\/p>\n","protected":false},"excerpt":{"rendered":"<p>Notre chemise avec coupe droite et des \u00e9paules basses est r\u00e9alis\u00e9e, avec la finesse de l&#8217;Italie, dans un m\u00e9lange de LIN et COTON. Elle met en valeur le contraste de couleurs des manches et du col noir pour un style chic et contemporain. Les boutons sont cach\u00e9s par une sous-patte pour une finition raffin\u00e9e et deux fentes sur les c\u00f4t\u00e9s apportent confort aux hanches avec un ruban noir en gros grain pour un effet chic et d\u00e9contract\u00e9. Le devant est l\u00e9g\u00e8rement plus court que le dos pour une touche d&#8217;\u00e9l\u00e9gance.<\/p>\n","protected":false},"featured_media":2147,"template":"","meta":[],"product_cat":[118],"product_tag":[],"_links":{"self":[{"href":"https:\/\/mariakarimi.com\/fr\/wp-json\/wp\/v2\/product\/3191"}],"collection":[{"href":"https:\/\/mariakarimi.com\/fr\/wp-json\/wp\/v2\/product"}],"about":[{"href":"https:\/\/mariakarimi.com\/fr\/wp-json\/wp\/v2\/types\/product"}],"wp:featuredmedia":[{"embeddable":true,"href":"https:\/\/mariakarimi.com\/fr\/wp-json\/wp\/v2\/media\/2147"}],"wp:attachment":[{"href":"https:\/\/mariakarimi.com\/fr\/wp-json\/wp\/v2\/media?parent=3191"}],"wp:term":[{"taxonomy":"product_cat","embeddable":true,"href":"https:\/\/mariakarimi.com\/fr\/wp-json\/wp\/v2\/product_cat?post=3191"},{"taxonomy":"product_tag","embeddable":true,"href":"https:\/\/mariakarimi.com\/fr\/wp-json\/wp\/v2\/product_tag?post=3191"}],"curies":[{"name":"wp","href":"https:\/\/api.w.org\/{rel}","templated":true}]}}