{"id":3198,"date":"2021-03-21T16:10:26","date_gmt":"2021-03-21T20:10:26","guid":{"rendered":"https:\/\/mariakarimi.com\/?post_type=product&#038;p=3198"},"modified":"2021-04-08T13:54:19","modified_gmt":"2021-04-08T17:54:19","slug":"pantalon-tailleur-en-lin-coton","status":"publish","type":"product","link":"https:\/\/mariakarimi.com\/fr\/produit\/pantalon-tailleur-en-lin-coton\/","title":{"rendered":"Pantalon Tailleur en Lin-Coton"},"content":{"rendered":"<p>Notre pantalon moderne \u00e0 taille mi-haute poss\u00e8de des rubans en gros-grain sur les c\u00f4t\u00e9s ainsi que des poches lat\u00e9rales, deux poches dans le dos, deux plis sur le devant. Fabriqu\u00e9 dans un 50\/50 de lin et coton Italien. Le ruban en gros grain \u00e0 la taille est ajustable sur le devant par des \u00e9lastiques et des boutonni\u00e8res, pour un confort \u00e0 la taille sans modifier la forme sur les hanches.<\/p>\n<p>Confectionn\u00e9 avec\u00a0 savoir-faire dans notre atelier de Montr\u00e9al.<\/p>\n","protected":false},"excerpt":{"rendered":"<p>Notre pantalon moderne \u00e0 taille mi-haute poss\u00e8de des rubans en gros-grain sur les c\u00f4t\u00e9s ainsi que des poches lat\u00e9rales, deux poches dans le dos, deux plis sur le devant. Fabriqu\u00e9 dans un 50\/50 de lin et coton Italien. Le ruban en gros grain \u00e0 la taille est ajustable sur le devant par des \u00e9lastiques et des boutonni\u00e8res, pour un confort \u00e0 la taille sans modifier la forme sur les hanches. Confectionn\u00e9 avec\u00a0 savoir-faire dans notre atelier de Montr\u00e9al.<\/p>\n","protected":false},"featured_media":2145,"template":"","meta":[],"product_cat":[118],"product_tag":[],"_links":{"self":[{"href":"https:\/\/mariakarimi.com\/fr\/wp-json\/wp\/v2\/product\/3198"}],"collection":[{"href":"https:\/\/mariakarimi.com\/fr\/wp-json\/wp\/v2\/product"}],"about":[{"href":"https:\/\/mariakarimi.com\/fr\/wp-json\/wp\/v2\/types\/product"}],"wp:featuredmedia":[{"embeddable":true,"href":"https:\/\/mariakarimi.com\/fr\/wp-json\/wp\/v2\/media\/2145"}],"wp:attachment":[{"href":"https:\/\/mariakarimi.com\/fr\/wp-json\/wp\/v2\/media?parent=3198"}],"wp:term":[{"taxonomy":"product_cat","embeddable":true,"href":"https:\/\/mariakarimi.com\/fr\/wp-json\/wp\/v2\/product_cat?post=3198"},{"taxonomy":"product_tag","embeddable":true,"href":"https:\/\/mariakarimi.com\/fr\/wp-json\/wp\/v2\/product_tag?post=3198"}],"curies":[{"name":"wp","href":"https:\/\/api.w.org\/{rel}","templated":true}]}}