{"id":3205,"date":"2021-03-21T16:10:26","date_gmt":"2021-03-21T20:10:26","guid":{"rendered":"https:\/\/mariakarimi.com\/?post_type=product&#038;p=3205"},"modified":"2021-04-08T13:55:46","modified_gmt":"2021-04-08T17:55:46","slug":"chemise-coupe-droite-avec-emmanchures-basses-2","status":"publish","type":"product","link":"https:\/\/mariakarimi.com\/fr\/produit\/chemise-coupe-droite-avec-emmanchures-basses-2\/","title":{"rendered":"Chemise Coupe Droite avec Emmanchures Basses"},"content":{"rendered":"<p>Notre chemise avec une coupe droite est fabriqu\u00e9e dans la finesse d&#8217;un tissu Itatien en coton. Son contraste de couleur des manches et du col en bleu marine apporte subtilement une touche de chic et contemporain. Sa sous-patte vient rendre les boutonni\u00e8res invisibles et ses fentes sur les c\u00f4t\u00e9s apportent du confort au niveau des hanches. Le devant est l\u00e9g\u00e8rement plus court que le dos pour une touche d&#8217;\u00e9l\u00e9gance.<\/p>\n","protected":false},"excerpt":{"rendered":"<p>Notre chemise avec une coupe droite est fabriqu\u00e9e dans la finesse d&#8217;un tissu Itatien en coton. Son contraste de couleur des manches et du col en bleu marine apporte subtilement une touche de chic et contemporain. Sa sous-patte vient rendre les boutonni\u00e8res invisibles et ses fentes sur les c\u00f4t\u00e9s apportent du confort au niveau des hanches. Le devant est l\u00e9g\u00e8rement plus court que le dos pour une touche d&#8217;\u00e9l\u00e9gance.<\/p>\n","protected":false},"featured_media":2137,"template":"","meta":[],"product_cat":[118],"product_tag":[],"_links":{"self":[{"href":"https:\/\/mariakarimi.com\/fr\/wp-json\/wp\/v2\/product\/3205"}],"collection":[{"href":"https:\/\/mariakarimi.com\/fr\/wp-json\/wp\/v2\/product"}],"about":[{"href":"https:\/\/mariakarimi.com\/fr\/wp-json\/wp\/v2\/types\/product"}],"wp:featuredmedia":[{"embeddable":true,"href":"https:\/\/mariakarimi.com\/fr\/wp-json\/wp\/v2\/media\/2137"}],"wp:attachment":[{"href":"https:\/\/mariakarimi.com\/fr\/wp-json\/wp\/v2\/media?parent=3205"}],"wp:term":[{"taxonomy":"product_cat","embeddable":true,"href":"https:\/\/mariakarimi.com\/fr\/wp-json\/wp\/v2\/product_cat?post=3205"},{"taxonomy":"product_tag","embeddable":true,"href":"https:\/\/mariakarimi.com\/fr\/wp-json\/wp\/v2\/product_tag?post=3205"}],"curies":[{"name":"wp","href":"https:\/\/api.w.org\/{rel}","templated":true}]}}