{"id":3212,"date":"2021-03-21T16:10:26","date_gmt":"2021-03-21T20:10:26","guid":{"rendered":"https:\/\/mariakarimi.com\/?post_type=product&#038;p=3212"},"modified":"2021-04-08T13:56:28","modified_gmt":"2021-04-08T17:56:28","slug":"pantalon-tailleur-en-lin-coton-2","status":"publish","type":"product","link":"https:\/\/mariakarimi.com\/fr\/produit\/pantalon-tailleur-en-lin-coton-2\/","title":{"rendered":"Pantalon Tailleur en Laine"},"content":{"rendered":"<p>Ce pantalon moderne \u00e0 la taille mi-haute avec un ruban en gros-grain sur les c\u00f4t\u00e9s, des poches dans la d\u00e9coupe et deux dans le dos. R\u00e9alis\u00e9 dans un faille en laine 100% Italienne. L&#8217;\u00e9lastique pos\u00e9 dans le dos \u00e0 la taille apporte un confort suppl\u00e9mentaire et s&#8217;ajuste aux hanches.<\/p>\n<p>Fabriqu\u00e9 avec savoir-faire dans notre atelier \u00e0 Montr\u00e9al.<\/p>\n","protected":false},"excerpt":{"rendered":"<p>Ce pantalon moderne \u00e0 la taille mi-haute avec un ruban en gros-grain sur les c\u00f4t\u00e9s, des poches dans la d\u00e9coupe et deux dans le dos. R\u00e9alis\u00e9 dans un faille en laine 100% Italienne. L&#8217;\u00e9lastique pos\u00e9 dans le dos \u00e0 la taille apporte un confort suppl\u00e9mentaire et s&#8217;ajuste aux hanches. Fabriqu\u00e9 avec savoir-faire dans notre atelier \u00e0 Montr\u00e9al.<\/p>\n","protected":false},"featured_media":2219,"template":"","meta":[],"product_cat":[118],"product_tag":[],"_links":{"self":[{"href":"https:\/\/mariakarimi.com\/fr\/wp-json\/wp\/v2\/product\/3212"}],"collection":[{"href":"https:\/\/mariakarimi.com\/fr\/wp-json\/wp\/v2\/product"}],"about":[{"href":"https:\/\/mariakarimi.com\/fr\/wp-json\/wp\/v2\/types\/product"}],"wp:featuredmedia":[{"embeddable":true,"href":"https:\/\/mariakarimi.com\/fr\/wp-json\/wp\/v2\/media\/2219"}],"wp:attachment":[{"href":"https:\/\/mariakarimi.com\/fr\/wp-json\/wp\/v2\/media?parent=3212"}],"wp:term":[{"taxonomy":"product_cat","embeddable":true,"href":"https:\/\/mariakarimi.com\/fr\/wp-json\/wp\/v2\/product_cat?post=3212"},{"taxonomy":"product_tag","embeddable":true,"href":"https:\/\/mariakarimi.com\/fr\/wp-json\/wp\/v2\/product_tag?post=3212"}],"curies":[{"name":"wp","href":"https:\/\/api.w.org\/{rel}","templated":true}]}}