{"id":3226,"date":"2021-03-21T13:10:46","date_gmt":"2021-03-21T17:10:46","guid":{"rendered":"https:\/\/mariakarimi.com\/?post_type=product&#038;p=3226"},"modified":"2021-04-08T13:57:27","modified_gmt":"2021-04-08T17:57:27","slug":"spacey-1-chemise-de-smoking","status":"publish","type":"product","link":"https:\/\/mariakarimi.com\/fr\/produit\/spacey-1-chemise-de-smoking\/","title":{"rendered":"Spacey-1 Chemise de Smoking"},"content":{"rendered":"<p>Cette chemise intemporelle avec une coupe droite se compl\u00e8te parfaitement avec un jeans ou un short noir pour un style d\u00e9contract\u00e9 ou encore pour rehausser votre tenue lors d&#8217;un \u00e9v\u00e8nement important. La forme g\u00e9om\u00e9trique en couleur est la signature de la marque MAR reconnue pour ses costumes complexes et un design intemporel.<\/p>\n<p>NOTES: La coupe de la Chemise SPACEY-2\/ NOIR ressemble \u00e0 la SPACEY-1 en Bleu Marine. Le design est diff\u00e9rent comme la forme g\u00e9om\u00e9trique en bleu marine sur le devant ainsi que les couleurs.<\/p>\n<p>Confectionn\u00e9 avec la finesse du coton Italien dans notre atelier de Montr\u00e9al.<\/p>\n","protected":false},"excerpt":{"rendered":"<p>Cette chemise intemporelle avec une coupe droite se compl\u00e8te parfaitement avec un jeans ou un short noir pour un style d\u00e9contract\u00e9 ou encore pour rehausser votre tenue lors d&#8217;un \u00e9v\u00e8nement important. La forme g\u00e9om\u00e9trique en couleur est la signature de la marque MAR reconnue pour ses costumes complexes et un design intemporel. NOTES: La coupe de la Chemise SPACEY-2\/ NOIR ressemble \u00e0 la SPACEY-1 en Bleu Marine. Le design est diff\u00e9rent comme la forme g\u00e9om\u00e9trique en bleu marine sur le devant ainsi que les couleurs. Confectionn\u00e9 avec la finesse du coton Italien dans notre atelier de Montr\u00e9al.<\/p>\n","protected":false},"featured_media":2221,"template":"","meta":[],"product_cat":[118],"product_tag":[],"_links":{"self":[{"href":"https:\/\/mariakarimi.com\/fr\/wp-json\/wp\/v2\/product\/3226"}],"collection":[{"href":"https:\/\/mariakarimi.com\/fr\/wp-json\/wp\/v2\/product"}],"about":[{"href":"https:\/\/mariakarimi.com\/fr\/wp-json\/wp\/v2\/types\/product"}],"wp:featuredmedia":[{"embeddable":true,"href":"https:\/\/mariakarimi.com\/fr\/wp-json\/wp\/v2\/media\/2221"}],"wp:attachment":[{"href":"https:\/\/mariakarimi.com\/fr\/wp-json\/wp\/v2\/media?parent=3226"}],"wp:term":[{"taxonomy":"product_cat","embeddable":true,"href":"https:\/\/mariakarimi.com\/fr\/wp-json\/wp\/v2\/product_cat?post=3226"},{"taxonomy":"product_tag","embeddable":true,"href":"https:\/\/mariakarimi.com\/fr\/wp-json\/wp\/v2\/product_tag?post=3226"}],"curies":[{"name":"wp","href":"https:\/\/api.w.org\/{rel}","templated":true}]}}