{"id":3244,"date":"2021-03-21T13:10:43","date_gmt":"2021-03-21T17:10:43","guid":{"rendered":"https:\/\/mariakarimi.com\/?post_type=product&#038;p=3244"},"modified":"2021-04-08T13:58:25","modified_gmt":"2021-04-08T17:58:25","slug":"chemise-rose-en-seersucker","status":"publish","type":"product","link":"https:\/\/mariakarimi.com\/fr\/produit\/chemise-rose-en-seersucker\/","title":{"rendered":"Chemise Rose en SeerSucker"},"content":{"rendered":"<p>Notre chemise tailleur avec les emmanchures basses et une coupe droite est r\u00e9alis\u00e9 dans un fin SEERSUCKER Italien. Un contraste de rayure rouge et rose clair sur les manches ainsi qu&#8217;un contraste bleu marine au col et une poche LUNE, la signature de MAR. Une patte de boutonnage pour dissimuler les boutons et garder une finition simple pour laisser les couleurs se d\u00e9marquer.<br \/>\n\u00c0 SAVOIR: Chic, contemporaine et ludique, facile \u00e0 porter avec un pantalon blanc, ou n&#8217;importe quel jeans ou jupe.<\/p>\n<p>Confectionn\u00e9 avec savoir-faire dans notre atelier de Montr\u00e9al.<\/p>\n","protected":false},"excerpt":{"rendered":"<p>Notre chemise tailleur avec les emmanchures basses et une coupe droite est r\u00e9alis\u00e9 dans un fin SEERSUCKER Italien. Un contraste de rayure rouge et rose clair sur les manches ainsi qu&#8217;un contraste bleu marine au col et une poche LUNE, la signature de MAR. Une patte de boutonnage pour dissimuler les boutons et garder une finition simple pour laisser les couleurs se d\u00e9marquer. \u00c0 SAVOIR: Chic, contemporaine et ludique, facile \u00e0 porter avec un pantalon blanc, ou n&#8217;importe quel jeans ou jupe. Confectionn\u00e9 avec savoir-faire dans notre atelier de Montr\u00e9al.<\/p>\n","protected":false},"featured_media":2163,"template":"","meta":[],"product_cat":[118],"product_tag":[],"_links":{"self":[{"href":"https:\/\/mariakarimi.com\/fr\/wp-json\/wp\/v2\/product\/3244"}],"collection":[{"href":"https:\/\/mariakarimi.com\/fr\/wp-json\/wp\/v2\/product"}],"about":[{"href":"https:\/\/mariakarimi.com\/fr\/wp-json\/wp\/v2\/types\/product"}],"wp:featuredmedia":[{"embeddable":true,"href":"https:\/\/mariakarimi.com\/fr\/wp-json\/wp\/v2\/media\/2163"}],"wp:attachment":[{"href":"https:\/\/mariakarimi.com\/fr\/wp-json\/wp\/v2\/media?parent=3244"}],"wp:term":[{"taxonomy":"product_cat","embeddable":true,"href":"https:\/\/mariakarimi.com\/fr\/wp-json\/wp\/v2\/product_cat?post=3244"},{"taxonomy":"product_tag","embeddable":true,"href":"https:\/\/mariakarimi.com\/fr\/wp-json\/wp\/v2\/product_tag?post=3244"}],"curies":[{"name":"wp","href":"https:\/\/api.w.org\/{rel}","templated":true}]}}