{"id":3266,"date":"2021-03-21T13:10:41","date_gmt":"2021-03-21T17:10:41","guid":{"rendered":"https:\/\/mariakarimi.com\/?post_type=product&#038;p=3266"},"modified":"2021-04-08T13:59:52","modified_gmt":"2021-04-08T17:59:52","slug":"jupe-midi-plisse-avec-imprime-fleurie","status":"publish","type":"product","link":"https:\/\/mariakarimi.com\/fr\/produit\/jupe-midi-plisse-avec-imprime-fleurie\/","title":{"rendered":"Jupe Midi Pliss\u00e9 avec Imprim\u00e9 fleurie"},"content":{"rendered":"<p>Notre Jupe Midi Pliss\u00e9 avec Imprim\u00e9 fleurie est la pi\u00e8ce parfaite pour illuminer votre journ\u00e9e, c&#8217;est une intemporelle avec une coupe \u00e9vas\u00e9e, des boutons rouges contrastant pour conserver la gaiet\u00e9 et la fraicheur. Lorsque vous la portez avec la Chemise Sans Manches avec Imprim\u00e9 Printemps, la tenue donne l&#8217;impression de robe.<\/p>\n<p>Confectionn\u00e9 avec L&#8217;IMPRIM\u00c9 ORIGINAL de MAR dans un fin M\u00e9lange de Coton et Soie \u00e0 Montr\u00e9al.<\/p>\n","protected":false},"excerpt":{"rendered":"<p>Notre Jupe Midi Pliss\u00e9 avec Imprim\u00e9 fleurie est la pi\u00e8ce parfaite pour illuminer votre journ\u00e9e, c&#8217;est une intemporelle avec une coupe \u00e9vas\u00e9e, des boutons rouges contrastant pour conserver la gaiet\u00e9 et la fraicheur. Lorsque vous la portez avec la Chemise Sans Manches avec Imprim\u00e9 Printemps, la tenue donne l&#8217;impression de robe. Confectionn\u00e9 avec L&#8217;IMPRIM\u00c9 ORIGINAL de MAR dans un fin M\u00e9lange de Coton et Soie \u00e0 Montr\u00e9al.<\/p>\n","protected":false},"featured_media":2167,"template":"","meta":[],"product_cat":[118],"product_tag":[],"_links":{"self":[{"href":"https:\/\/mariakarimi.com\/fr\/wp-json\/wp\/v2\/product\/3266"}],"collection":[{"href":"https:\/\/mariakarimi.com\/fr\/wp-json\/wp\/v2\/product"}],"about":[{"href":"https:\/\/mariakarimi.com\/fr\/wp-json\/wp\/v2\/types\/product"}],"wp:featuredmedia":[{"embeddable":true,"href":"https:\/\/mariakarimi.com\/fr\/wp-json\/wp\/v2\/media\/2167"}],"wp:attachment":[{"href":"https:\/\/mariakarimi.com\/fr\/wp-json\/wp\/v2\/media?parent=3266"}],"wp:term":[{"taxonomy":"product_cat","embeddable":true,"href":"https:\/\/mariakarimi.com\/fr\/wp-json\/wp\/v2\/product_cat?post=3266"},{"taxonomy":"product_tag","embeddable":true,"href":"https:\/\/mariakarimi.com\/fr\/wp-json\/wp\/v2\/product_tag?post=3266"}],"curies":[{"name":"wp","href":"https:\/\/api.w.org\/{rel}","templated":true}]}}