{"id":3273,"date":"2021-03-21T13:10:41","date_gmt":"2021-03-21T17:10:41","guid":{"rendered":"https:\/\/mariakarimi.com\/?post_type=product&#038;p=3273"},"modified":"2021-04-08T14:04:26","modified_gmt":"2021-04-08T18:04:26","slug":"chemise-sans-manches-avec-imprime-fleurie","status":"publish","type":"product","link":"https:\/\/mariakarimi.com\/fr\/produit\/chemise-sans-manches-avec-imprime-fleurie\/","title":{"rendered":"Chemise Sans Manches avec Imprim\u00e9 fleurie"},"content":{"rendered":"<p>Notre chemise sans manches avec un Imprim\u00e9 fleurie est parfaite pour illuminer votre look, c&#8217;est une intemporelle avec une coupe droite, 4 pinces sur le devant pour d\u00e9finir la silhouette, un col blanc et des boutons rouges pour conserver la l\u00e9g\u00e8ret\u00e9 et la fraicheur de la chemise.<\/p>\n<p>Confectionn\u00e9 avec L&#8217;IMPRIM\u00c9 ORIGINAL de MAR dans un fin M\u00e9lange de Coton et Soie \u00e0 Montr\u00e9al.<\/p>\n","protected":false},"excerpt":{"rendered":"<p>Notre chemise sans manches avec un Imprim\u00e9 fleurie est parfaite pour illuminer votre look, c&#8217;est une intemporelle avec une coupe droite, 4 pinces sur le devant pour d\u00e9finir la silhouette, un col blanc et des boutons rouges pour conserver la l\u00e9g\u00e8ret\u00e9 et la fraicheur de la chemise. Confectionn\u00e9 avec L&#8217;IMPRIM\u00c9 ORIGINAL de MAR dans un fin M\u00e9lange de Coton et Soie \u00e0 Montr\u00e9al.<\/p>\n","protected":false},"featured_media":2169,"template":"","meta":[],"product_cat":[118],"product_tag":[],"_links":{"self":[{"href":"https:\/\/mariakarimi.com\/fr\/wp-json\/wp\/v2\/product\/3273"}],"collection":[{"href":"https:\/\/mariakarimi.com\/fr\/wp-json\/wp\/v2\/product"}],"about":[{"href":"https:\/\/mariakarimi.com\/fr\/wp-json\/wp\/v2\/types\/product"}],"wp:featuredmedia":[{"embeddable":true,"href":"https:\/\/mariakarimi.com\/fr\/wp-json\/wp\/v2\/media\/2169"}],"wp:attachment":[{"href":"https:\/\/mariakarimi.com\/fr\/wp-json\/wp\/v2\/media?parent=3273"}],"wp:term":[{"taxonomy":"product_cat","embeddable":true,"href":"https:\/\/mariakarimi.com\/fr\/wp-json\/wp\/v2\/product_cat?post=3273"},{"taxonomy":"product_tag","embeddable":true,"href":"https:\/\/mariakarimi.com\/fr\/wp-json\/wp\/v2\/product_tag?post=3273"}],"curies":[{"name":"wp","href":"https:\/\/api.w.org\/{rel}","templated":true}]}}