{"id":3286,"date":"2021-03-21T13:10:40","date_gmt":"2021-03-21T17:10:40","guid":{"rendered":"https:\/\/mariakarimi.com\/?post_type=product&#038;p=3286"},"modified":"2021-04-08T14:06:05","modified_gmt":"2021-04-08T18:06:05","slug":"short-large-plisse","status":"publish","type":"product","link":"https:\/\/mariakarimi.com\/fr\/produit\/short-large-plisse\/","title":{"rendered":"Short Large Pliss\u00e9"},"content":{"rendered":"<p>Notre short Pliss\u00e9 inspir\u00e9 du style Palazzo est fabriqu\u00e9 dans un tissu en 100% cachemire. C&#8217;est un Indispensable de votre garde-robe pour vous habiller \u00e0 tout moment de la saison.<br \/>\nIl illustre parfaitement MAR avec ses coupes impeccables pour une silhouette raffin\u00e9e et confortable. Ces plis sont asym\u00e9triques et est taille Mi-haute. La fermeture est dissimul\u00e9e sur le devant.<\/p>\n<p>\u00c0 SAVOIR: En l&#8217;achetant avec la Veste Sans Manche avec Simple Boutonnage, vous avez la ceinture Tailleur en Fleur amovible qui peut \u00eatre port\u00e9e sur toute autre tenue.<\/p>\n","protected":false},"excerpt":{"rendered":"<p>Notre short Pliss\u00e9 inspir\u00e9 du style Palazzo est fabriqu\u00e9 dans un tissu en 100% cachemire. C&#8217;est un Indispensable de votre garde-robe pour vous habiller \u00e0 tout moment de la saison. Il illustre parfaitement MAR avec ses coupes impeccables pour une silhouette raffin\u00e9e et confortable. Ces plis sont asym\u00e9triques et est taille Mi-haute. La fermeture est dissimul\u00e9e sur le devant. \u00c0 SAVOIR: En l&#8217;achetant avec la Veste Sans Manche avec Simple Boutonnage, vous avez la ceinture Tailleur en Fleur amovible qui peut \u00eatre port\u00e9e sur toute autre tenue.<\/p>\n","protected":false},"featured_media":2181,"template":"","meta":[],"product_cat":[118],"product_tag":[],"_links":{"self":[{"href":"https:\/\/mariakarimi.com\/fr\/wp-json\/wp\/v2\/product\/3286"}],"collection":[{"href":"https:\/\/mariakarimi.com\/fr\/wp-json\/wp\/v2\/product"}],"about":[{"href":"https:\/\/mariakarimi.com\/fr\/wp-json\/wp\/v2\/types\/product"}],"wp:featuredmedia":[{"embeddable":true,"href":"https:\/\/mariakarimi.com\/fr\/wp-json\/wp\/v2\/media\/2181"}],"wp:attachment":[{"href":"https:\/\/mariakarimi.com\/fr\/wp-json\/wp\/v2\/media?parent=3286"}],"wp:term":[{"taxonomy":"product_cat","embeddable":true,"href":"https:\/\/mariakarimi.com\/fr\/wp-json\/wp\/v2\/product_cat?post=3286"},{"taxonomy":"product_tag","embeddable":true,"href":"https:\/\/mariakarimi.com\/fr\/wp-json\/wp\/v2\/product_tag?post=3286"}],"curies":[{"name":"wp","href":"https:\/\/api.w.org\/{rel}","templated":true}]}}