{"id":3293,"date":"2021-03-21T13:10:40","date_gmt":"2021-03-21T17:10:40","guid":{"rendered":"https:\/\/mariakarimi.com\/?post_type=product&#038;p=3293"},"modified":"2021-04-08T14:06:37","modified_gmt":"2021-04-08T18:06:37","slug":"veste-sans-manche-a-simple-boutonnage","status":"publish","type":"product","link":"https:\/\/mariakarimi.com\/fr\/produit\/veste-sans-manche-a-simple-boutonnage\/","title":{"rendered":"Veste Sans Manche \u00e0 Simple Boutonnage"},"content":{"rendered":"<p>Notre veste Sans Manches \u00e0 simple boutonnage est r\u00e9alis\u00e9e dans un tissu 100% cachemire, est un Indispensable de votre garde-robe pour vous habiller \u00e0 tout moment de la saison.<br \/>\nElle illustre parfaitement MAR avec ses coupes impeccables pour avoir une silhouette raffin\u00e9e et confortable.<br \/>\nRevers crant\u00e9, devant \u00c9vas\u00e9 avec deux poches \u00e0 rabat, un bouton sur le devant et une fente au milieu dos, le tout enti\u00e8rement doubl\u00e9.<br \/>\n\u00c0 SAVOIR: Pr\u00e9sent\u00e9 avec la ceinture Tailleur en Fleur amovible qui peut \u00eatre port\u00e9e sur toute autre tenue.<\/p>\n","protected":false},"excerpt":{"rendered":"<p>Notre veste Sans Manches \u00e0 simple boutonnage est r\u00e9alis\u00e9e dans un tissu 100% cachemire, est un Indispensable de votre garde-robe pour vous habiller \u00e0 tout moment de la saison. Elle illustre parfaitement MAR avec ses coupes impeccables pour avoir une silhouette raffin\u00e9e et confortable. Revers crant\u00e9, devant \u00c9vas\u00e9 avec deux poches \u00e0 rabat, un bouton sur le devant et une fente au milieu dos, le tout enti\u00e8rement doubl\u00e9. \u00c0 SAVOIR: Pr\u00e9sent\u00e9 avec la ceinture Tailleur en Fleur amovible qui peut \u00eatre port\u00e9e sur toute autre tenue.<\/p>\n","protected":false},"featured_media":2177,"template":"","meta":[],"product_cat":[118],"product_tag":[],"_links":{"self":[{"href":"https:\/\/mariakarimi.com\/fr\/wp-json\/wp\/v2\/product\/3293"}],"collection":[{"href":"https:\/\/mariakarimi.com\/fr\/wp-json\/wp\/v2\/product"}],"about":[{"href":"https:\/\/mariakarimi.com\/fr\/wp-json\/wp\/v2\/types\/product"}],"wp:featuredmedia":[{"embeddable":true,"href":"https:\/\/mariakarimi.com\/fr\/wp-json\/wp\/v2\/media\/2177"}],"wp:attachment":[{"href":"https:\/\/mariakarimi.com\/fr\/wp-json\/wp\/v2\/media?parent=3293"}],"wp:term":[{"taxonomy":"product_cat","embeddable":true,"href":"https:\/\/mariakarimi.com\/fr\/wp-json\/wp\/v2\/product_cat?post=3293"},{"taxonomy":"product_tag","embeddable":true,"href":"https:\/\/mariakarimi.com\/fr\/wp-json\/wp\/v2\/product_tag?post=3293"}],"curies":[{"name":"wp","href":"https:\/\/api.w.org\/{rel}","templated":true}]}}