{"id":3300,"date":"2021-03-20T17:01:04","date_gmt":"2021-03-20T21:01:04","guid":{"rendered":"https:\/\/mariakarimi.com\/?post_type=product&#038;p=3300"},"modified":"2021-05-11T11:33:29","modified_gmt":"2021-05-11T15:33:29","slug":"cardigan-en-maille-100-coton","status":"publish","type":"product","link":"https:\/\/mariakarimi.com\/fr\/produit\/cardigan-en-maille-100-coton\/","title":{"rendered":"Cardigan en maille 100% coton"},"content":{"rendered":"<p>Un cardigan \u00e0 ajouter \u00e0 votre tenue chic et d\u00e9contract\u00e9e. Des \u00e9paules l\u00e9g\u00e8rement baiss\u00e9es, un col ch\u00e2le et une ceinture en tricot, r\u00e9sument l&#8217;oeil complexe de MAR pour changer une simple tenue en une plus complexe.<\/p>\n<p>Con\u00e7u et r\u00e9alis\u00e9 de fa\u00e7on \u00e9thique dans notre atelier de Montr\u00e9al avec un fil Italien 100% coton.<\/p>\n","protected":false},"excerpt":{"rendered":"<p>Un cardigan \u00e0 ajouter \u00e0 votre tenue chic et d\u00e9contract\u00e9e. Des \u00e9paules l\u00e9g\u00e8rement baiss\u00e9es, un col ch\u00e2le et une ceinture en tricot, r\u00e9sument l&#8217;oeil complexe de MAR pour changer une simple tenue en une plus complexe. Con\u00e7u et r\u00e9alis\u00e9 de fa\u00e7on \u00e9thique dans notre atelier de Montr\u00e9al avec un fil Italien 100% coton.<\/p>\n","protected":false},"featured_media":2109,"template":"","meta":[],"product_cat":[26],"product_tag":[],"_links":{"self":[{"href":"https:\/\/mariakarimi.com\/fr\/wp-json\/wp\/v2\/product\/3300"}],"collection":[{"href":"https:\/\/mariakarimi.com\/fr\/wp-json\/wp\/v2\/product"}],"about":[{"href":"https:\/\/mariakarimi.com\/fr\/wp-json\/wp\/v2\/types\/product"}],"wp:featuredmedia":[{"embeddable":true,"href":"https:\/\/mariakarimi.com\/fr\/wp-json\/wp\/v2\/media\/2109"}],"wp:attachment":[{"href":"https:\/\/mariakarimi.com\/fr\/wp-json\/wp\/v2\/media?parent=3300"}],"wp:term":[{"taxonomy":"product_cat","embeddable":true,"href":"https:\/\/mariakarimi.com\/fr\/wp-json\/wp\/v2\/product_cat?post=3300"},{"taxonomy":"product_tag","embeddable":true,"href":"https:\/\/mariakarimi.com\/fr\/wp-json\/wp\/v2\/product_tag?post=3300"}],"curies":[{"name":"wp","href":"https:\/\/api.w.org\/{rel}","templated":true}]}}