{"id":3307,"date":"2021-03-20T17:01:04","date_gmt":"2021-03-20T21:01:04","guid":{"rendered":"https:\/\/mariakarimi.com\/?post_type=product&#038;p=3307"},"modified":"2021-04-08T14:09:40","modified_gmt":"2021-04-08T18:09:40","slug":"polo-en-jersey-de-coton-jaune","status":"publish","type":"product","link":"https:\/\/mariakarimi.com\/fr\/produit\/polo-en-jersey-de-coton-jaune\/","title":{"rendered":"Polo en Jersey de Coton Jaune"},"content":{"rendered":"<p>Inspir\u00e9 du style polo, cette chemise apporte confort, couleur et gaiet\u00e9 gr\u00e2ce au contraste de couleur sur le devant et les manches. Confectionn\u00e9 dans un fin tissu Italien en Jersey de coton, il s&#8217;accorde parfaitement avec un jeans pour un style d\u00e9contract\u00e9 ou un costume d&#8217;\u00e9t\u00e9 pour un style chic et contemporain.<\/p>\n","protected":false},"excerpt":{"rendered":"<p>Inspir\u00e9 du style polo, cette chemise apporte confort, couleur et gaiet\u00e9 gr\u00e2ce au contraste de couleur sur le devant et les manches. Confectionn\u00e9 dans un fin tissu Italien en Jersey de coton, il s&#8217;accorde parfaitement avec un jeans pour un style d\u00e9contract\u00e9 ou un costume d&#8217;\u00e9t\u00e9 pour un style chic et contemporain.<\/p>\n","protected":false},"featured_media":2065,"template":"","meta":[],"product_cat":[26],"product_tag":[],"_links":{"self":[{"href":"https:\/\/mariakarimi.com\/fr\/wp-json\/wp\/v2\/product\/3307"}],"collection":[{"href":"https:\/\/mariakarimi.com\/fr\/wp-json\/wp\/v2\/product"}],"about":[{"href":"https:\/\/mariakarimi.com\/fr\/wp-json\/wp\/v2\/types\/product"}],"wp:featuredmedia":[{"embeddable":true,"href":"https:\/\/mariakarimi.com\/fr\/wp-json\/wp\/v2\/media\/2065"}],"wp:attachment":[{"href":"https:\/\/mariakarimi.com\/fr\/wp-json\/wp\/v2\/media?parent=3307"}],"wp:term":[{"taxonomy":"product_cat","embeddable":true,"href":"https:\/\/mariakarimi.com\/fr\/wp-json\/wp\/v2\/product_cat?post=3307"},{"taxonomy":"product_tag","embeddable":true,"href":"https:\/\/mariakarimi.com\/fr\/wp-json\/wp\/v2\/product_tag?post=3307"}],"curies":[{"name":"wp","href":"https:\/\/api.w.org\/{rel}","templated":true}]}}