{"id":3314,"date":"2021-03-20T17:01:04","date_gmt":"2021-03-20T21:01:04","guid":{"rendered":"https:\/\/mariakarimi.com\/?post_type=product&#038;p=3314"},"modified":"2021-04-08T14:10:26","modified_gmt":"2021-04-08T18:10:26","slug":"pull-en-maille-100-coton","status":"publish","type":"product","link":"https:\/\/mariakarimi.com\/fr\/produit\/pull-en-maille-100-coton\/","title":{"rendered":"Pull en maille 100% coton"},"content":{"rendered":"<p>Rehausser votre look d\u00e9contract\u00e9 gr\u00e2ce \u00e0 ce luxueux pull Tricot\u00e9 en COTON avec des manches longues, les emmanchures l\u00e9g\u00e8rement baiss\u00e9es, des c\u00f4tes plus larges et noires sur le col, les poignets et l&#8217;ourlet du bas.MAR est reconnu pour sa ma\u00eetrise de transformer une pi\u00e8ce classique en une plus complexe gr\u00e2ce aux d\u00e9tails.<\/p>\n<p>Con\u00e7u et r\u00e9alis\u00e9s de fa\u00e7on \u00e9thique dans notre atelier de Montr\u00e9al avec un fil Italien 100% coton.<\/p>\n","protected":false},"excerpt":{"rendered":"<p>Rehausser votre look d\u00e9contract\u00e9 gr\u00e2ce \u00e0 ce luxueux pull Tricot\u00e9 en COTON avec des manches longues, les emmanchures l\u00e9g\u00e8rement baiss\u00e9es, des c\u00f4tes plus larges et noires sur le col, les poignets et l&#8217;ourlet du bas.MAR est reconnu pour sa ma\u00eetrise de transformer une pi\u00e8ce classique en une plus complexe gr\u00e2ce aux d\u00e9tails. Con\u00e7u et r\u00e9alis\u00e9s de fa\u00e7on \u00e9thique dans notre atelier de Montr\u00e9al avec un fil Italien 100% coton.<\/p>\n","protected":false},"featured_media":2071,"template":"","meta":[],"product_cat":[26],"product_tag":[],"_links":{"self":[{"href":"https:\/\/mariakarimi.com\/fr\/wp-json\/wp\/v2\/product\/3314"}],"collection":[{"href":"https:\/\/mariakarimi.com\/fr\/wp-json\/wp\/v2\/product"}],"about":[{"href":"https:\/\/mariakarimi.com\/fr\/wp-json\/wp\/v2\/types\/product"}],"wp:featuredmedia":[{"embeddable":true,"href":"https:\/\/mariakarimi.com\/fr\/wp-json\/wp\/v2\/media\/2071"}],"wp:attachment":[{"href":"https:\/\/mariakarimi.com\/fr\/wp-json\/wp\/v2\/media?parent=3314"}],"wp:term":[{"taxonomy":"product_cat","embeddable":true,"href":"https:\/\/mariakarimi.com\/fr\/wp-json\/wp\/v2\/product_cat?post=3314"},{"taxonomy":"product_tag","embeddable":true,"href":"https:\/\/mariakarimi.com\/fr\/wp-json\/wp\/v2\/product_tag?post=3314"}],"curies":[{"name":"wp","href":"https:\/\/api.w.org\/{rel}","templated":true}]}}