{"id":3328,"date":"2021-03-20T17:01:03","date_gmt":"2021-03-20T21:01:03","guid":{"rendered":"https:\/\/mariakarimi.com\/?post_type=product&#038;p=3328"},"modified":"2021-04-08T14:11:38","modified_gmt":"2021-04-08T18:11:38","slug":"short-en-lin","status":"publish","type":"product","link":"https:\/\/mariakarimi.com\/fr\/produit\/short-en-lin\/","title":{"rendered":"Short  en Lin"},"content":{"rendered":"<p>Ce short \u00e0 taille MI-haute beige en lin est ajustable sur le devant gr\u00e2ce \u00e0 une ceinture avec des boucles en m\u00e9tal pour une touche suppl\u00e9mentaire d&#8217;\u00e9l\u00e9gance \u00e0 votre style d\u00e9contract\u00e9. Ces d\u00e9tails rappellent la coupe impeccable et raffin\u00e9e de MAR.<br \/>\nL&#8217;\u00e9lastique pos\u00e9 \u00e0 la taille dans le dos donne du confort sans affecter la coupe au niveau des hanches.<\/p>\n<p>Confectionn\u00e9 avec le savoir-faire de notre atelier \u00e0 Montr\u00e9al.<\/p>\n","protected":false},"excerpt":{"rendered":"<p>Ce short \u00e0 taille MI-haute beige en lin est ajustable sur le devant gr\u00e2ce \u00e0 une ceinture avec des boucles en m\u00e9tal pour une touche suppl\u00e9mentaire d&#8217;\u00e9l\u00e9gance \u00e0 votre style d\u00e9contract\u00e9. Ces d\u00e9tails rappellent la coupe impeccable et raffin\u00e9e de MAR. L&#8217;\u00e9lastique pos\u00e9 \u00e0 la taille dans le dos donne du confort sans affecter la coupe au niveau des hanches. Confectionn\u00e9 avec le savoir-faire de notre atelier \u00e0 Montr\u00e9al.<\/p>\n","protected":false},"featured_media":2033,"template":"","meta":[],"product_cat":[26],"product_tag":[],"_links":{"self":[{"href":"https:\/\/mariakarimi.com\/fr\/wp-json\/wp\/v2\/product\/3328"}],"collection":[{"href":"https:\/\/mariakarimi.com\/fr\/wp-json\/wp\/v2\/product"}],"about":[{"href":"https:\/\/mariakarimi.com\/fr\/wp-json\/wp\/v2\/types\/product"}],"wp:featuredmedia":[{"embeddable":true,"href":"https:\/\/mariakarimi.com\/fr\/wp-json\/wp\/v2\/media\/2033"}],"wp:attachment":[{"href":"https:\/\/mariakarimi.com\/fr\/wp-json\/wp\/v2\/media?parent=3328"}],"wp:term":[{"taxonomy":"product_cat","embeddable":true,"href":"https:\/\/mariakarimi.com\/fr\/wp-json\/wp\/v2\/product_cat?post=3328"},{"taxonomy":"product_tag","embeddable":true,"href":"https:\/\/mariakarimi.com\/fr\/wp-json\/wp\/v2\/product_tag?post=3328"}],"curies":[{"name":"wp","href":"https:\/\/api.w.org\/{rel}","templated":true}]}}