{"id":3336,"date":"2021-03-20T17:01:02","date_gmt":"2021-03-20T21:01:02","guid":{"rendered":"https:\/\/mariakarimi.com\/?post_type=product&#038;p=3336"},"modified":"2021-04-08T14:12:15","modified_gmt":"2021-04-08T18:12:15","slug":"trench-coat-manche-raglan-en-denim-2","status":"publish","type":"product","link":"https:\/\/mariakarimi.com\/fr\/produit\/trench-coat-manche-raglan-en-denim-2\/","title":{"rendered":"Trench coat manche Raglan en Denim"},"content":{"rendered":"<p>Ce trench-coat avec une coupe droite et des manches raglans est fabriqu\u00e9 dans un jeans Stretch bleu indigo pour un grand confort. Cintr\u00e9 \u00e0 la taille par une simple ceinture pour pr\u00e9server la l\u00e9g\u00e8ret\u00e9 et l&#8217;unisexe. Une large fente au dos, deux poches devant en forme de LUNE de l&#8217;esprit MAR et une poche cach\u00e9e \u00e0 l&#8217;int\u00e9rieur.<br \/>\nConfectionn\u00e9 avec savoir-faire de notre atelier de Montr\u00e9al.<\/p>\n","protected":false},"excerpt":{"rendered":"<p>Ce trench-coat avec une coupe droite et des manches raglans est fabriqu\u00e9 dans un jeans Stretch bleu indigo pour un grand confort. Cintr\u00e9 \u00e0 la taille par une simple ceinture pour pr\u00e9server la l\u00e9g\u00e8ret\u00e9 et l&#8217;unisexe. Une large fente au dos, deux poches devant en forme de LUNE de l&#8217;esprit MAR et une poche cach\u00e9e \u00e0 l&#8217;int\u00e9rieur. Confectionn\u00e9 avec savoir-faire de notre atelier de Montr\u00e9al.<\/p>\n","protected":false},"featured_media":2125,"template":"","meta":[],"product_cat":[26],"product_tag":[],"_links":{"self":[{"href":"https:\/\/mariakarimi.com\/fr\/wp-json\/wp\/v2\/product\/3336"}],"collection":[{"href":"https:\/\/mariakarimi.com\/fr\/wp-json\/wp\/v2\/product"}],"about":[{"href":"https:\/\/mariakarimi.com\/fr\/wp-json\/wp\/v2\/types\/product"}],"wp:featuredmedia":[{"embeddable":true,"href":"https:\/\/mariakarimi.com\/fr\/wp-json\/wp\/v2\/media\/2125"}],"wp:attachment":[{"href":"https:\/\/mariakarimi.com\/fr\/wp-json\/wp\/v2\/media?parent=3336"}],"wp:term":[{"taxonomy":"product_cat","embeddable":true,"href":"https:\/\/mariakarimi.com\/fr\/wp-json\/wp\/v2\/product_cat?post=3336"},{"taxonomy":"product_tag","embeddable":true,"href":"https:\/\/mariakarimi.com\/fr\/wp-json\/wp\/v2\/product_tag?post=3336"}],"curies":[{"name":"wp","href":"https:\/\/api.w.org\/{rel}","templated":true}]}}