{"id":3374,"date":"2021-03-20T13:47:42","date_gmt":"2021-03-20T17:47:42","guid":{"rendered":"https:\/\/mariakarimi.com\/?post_type=product&#038;p=3374"},"modified":"2021-04-07T09:28:04","modified_gmt":"2021-04-07T13:28:04","slug":"foulard-en-serge-de-soie-24-pouces","status":"publish","type":"product","link":"https:\/\/mariakarimi.com\/fr\/produit\/foulard-en-serge-de-soie-24-pouces\/","title":{"rendered":"Foulard en Serg\u00e9 de Soie 24 pouces"},"content":{"rendered":"<p>Ce foulard imprim\u00e9 des deux c\u00f4t\u00e9s est fabriqu\u00e9 dans un serg\u00e9 de soie fluide avec l&#8217;authentique motif de MAR Unisexe floral et ray\u00e9 dans les teintes jaune, marine, noire, et blanc.<br \/>\nCoup\u00e9 et fabriqu\u00e9 \u00e0 la main dans un carr\u00e9 de 60cm, id\u00e9al pour nouer autour du cou ou le porter sur la t\u00eate.<\/p>\n","protected":false},"excerpt":{"rendered":"<p>Ce foulard imprim\u00e9 des deux c\u00f4t\u00e9s est fabriqu\u00e9 dans un serg\u00e9 de soie fluide avec l&#8217;authentique motif de MAR Unisexe floral et ray\u00e9 dans les teintes jaune, marine, noire, et blanc. Coup\u00e9 et fabriqu\u00e9 \u00e0 la main dans un carr\u00e9 de 60cm, id\u00e9al pour nouer autour du cou ou le porter sur la t\u00eate.<\/p>\n","protected":false},"featured_media":2205,"template":"","meta":[],"product_cat":[138],"product_tag":[],"_links":{"self":[{"href":"https:\/\/mariakarimi.com\/fr\/wp-json\/wp\/v2\/product\/3374"}],"collection":[{"href":"https:\/\/mariakarimi.com\/fr\/wp-json\/wp\/v2\/product"}],"about":[{"href":"https:\/\/mariakarimi.com\/fr\/wp-json\/wp\/v2\/types\/product"}],"wp:featuredmedia":[{"embeddable":true,"href":"https:\/\/mariakarimi.com\/fr\/wp-json\/wp\/v2\/media\/2205"}],"wp:attachment":[{"href":"https:\/\/mariakarimi.com\/fr\/wp-json\/wp\/v2\/media?parent=3374"}],"wp:term":[{"taxonomy":"product_cat","embeddable":true,"href":"https:\/\/mariakarimi.com\/fr\/wp-json\/wp\/v2\/product_cat?post=3374"},{"taxonomy":"product_tag","embeddable":true,"href":"https:\/\/mariakarimi.com\/fr\/wp-json\/wp\/v2\/product_tag?post=3374"}],"curies":[{"name":"wp","href":"https:\/\/api.w.org\/{rel}","templated":true}]}}