{"id":3415,"date":"2021-03-20T13:11:48","date_gmt":"2021-03-20T17:11:48","guid":{"rendered":"https:\/\/mariakarimi.com\/?post_type=product&#038;p=3415"},"modified":"2021-04-08T14:17:28","modified_gmt":"2021-04-08T18:17:28","slug":"chemise-happy-coupe-droite-2","status":"publish","type":"product","link":"https:\/\/mariakarimi.com\/fr\/produit\/chemise-happy-coupe-droite-2\/","title":{"rendered":"Chemise Happy Coupe Droite"},"content":{"rendered":"<p>La chemise jaune HAPPY ajust\u00e9e est la pi\u00e8ce parfaite pour \u00e9gayer votre journ\u00e9e. C&#8217;est une intemporelle, une coupe droite, des poignets fran\u00e7ais et une poche rouge en forme de LUNE, une signature de MAR pour cette saison.Confectionn\u00e9 dans un coton Italien dans notre atelier de Montr\u00e9al.<\/p>\n","protected":false},"excerpt":{"rendered":"<p>La chemise jaune HAPPY ajust\u00e9e est la pi\u00e8ce parfaite pour \u00e9gayer votre journ\u00e9e. C&#8217;est une intemporelle, une coupe droite, des poignets fran\u00e7ais et une poche rouge en forme de LUNE, une signature de MAR pour cette saison.Confectionn\u00e9 dans un coton Italien dans notre atelier de Montr\u00e9al.<\/p>\n","protected":false},"featured_media":2057,"template":"","meta":[],"product_cat":[26],"product_tag":[],"_links":{"self":[{"href":"https:\/\/mariakarimi.com\/fr\/wp-json\/wp\/v2\/product\/3415"}],"collection":[{"href":"https:\/\/mariakarimi.com\/fr\/wp-json\/wp\/v2\/product"}],"about":[{"href":"https:\/\/mariakarimi.com\/fr\/wp-json\/wp\/v2\/types\/product"}],"wp:featuredmedia":[{"embeddable":true,"href":"https:\/\/mariakarimi.com\/fr\/wp-json\/wp\/v2\/media\/2057"}],"wp:attachment":[{"href":"https:\/\/mariakarimi.com\/fr\/wp-json\/wp\/v2\/media?parent=3415"}],"wp:term":[{"taxonomy":"product_cat","embeddable":true,"href":"https:\/\/mariakarimi.com\/fr\/wp-json\/wp\/v2\/product_cat?post=3415"},{"taxonomy":"product_tag","embeddable":true,"href":"https:\/\/mariakarimi.com\/fr\/wp-json\/wp\/v2\/product_tag?post=3415"}],"curies":[{"name":"wp","href":"https:\/\/api.w.org\/{rel}","templated":true}]}}