{"id":3436,"date":"2021-03-20T13:11:47","date_gmt":"2021-03-20T17:11:47","guid":{"rendered":"https:\/\/mariakarimi.com\/?post_type=product&#038;p=3436"},"modified":"2021-04-08T14:19:10","modified_gmt":"2021-04-08T18:19:10","slug":"spacey-1-chemise-de-smoking-2","status":"publish","type":"product","link":"https:\/\/mariakarimi.com\/fr\/produit\/spacey-1-chemise-de-smoking-2\/","title":{"rendered":"Spacey-1 Chemise de Smoking"},"content":{"rendered":"<p>Cette chemise intemporelle avec une coupe droite se compl\u00e8te parfaitement avec un jeans ou un short noir pour un style d\u00e9contract\u00e9 ou encore pour rehausser votre tenue lors d&#8217;un \u00e9v\u00e8nement important. La forme g\u00e9om\u00e9trique en couleur est la signature de la marque MAR reconnue pour ses costumes complexes et un design intemporel.<\/p>\n","protected":false},"excerpt":{"rendered":"<p>Cette chemise intemporelle avec une coupe droite se compl\u00e8te parfaitement avec un jeans ou un short noir pour un style d\u00e9contract\u00e9 ou encore pour rehausser votre tenue lors d&#8217;un \u00e9v\u00e8nement important. La forme g\u00e9om\u00e9trique en couleur est la signature de la marque MAR reconnue pour ses costumes complexes et un design intemporel.<\/p>\n","protected":false},"featured_media":2063,"template":"","meta":[],"product_cat":[26],"product_tag":[],"_links":{"self":[{"href":"https:\/\/mariakarimi.com\/fr\/wp-json\/wp\/v2\/product\/3436"}],"collection":[{"href":"https:\/\/mariakarimi.com\/fr\/wp-json\/wp\/v2\/product"}],"about":[{"href":"https:\/\/mariakarimi.com\/fr\/wp-json\/wp\/v2\/types\/product"}],"wp:featuredmedia":[{"embeddable":true,"href":"https:\/\/mariakarimi.com\/fr\/wp-json\/wp\/v2\/media\/2063"}],"wp:attachment":[{"href":"https:\/\/mariakarimi.com\/fr\/wp-json\/wp\/v2\/media?parent=3436"}],"wp:term":[{"taxonomy":"product_cat","embeddable":true,"href":"https:\/\/mariakarimi.com\/fr\/wp-json\/wp\/v2\/product_cat?post=3436"},{"taxonomy":"product_tag","embeddable":true,"href":"https:\/\/mariakarimi.com\/fr\/wp-json\/wp\/v2\/product_tag?post=3436"}],"curies":[{"name":"wp","href":"https:\/\/api.w.org\/{rel}","templated":true}]}}