{"id":3443,"date":"2021-03-20T13:11:46","date_gmt":"2021-03-20T17:11:46","guid":{"rendered":"https:\/\/mariakarimi.com\/?post_type=product&#038;p=3443"},"modified":"2021-04-08T14:19:54","modified_gmt":"2021-04-08T18:19:54","slug":"short-en-lin-2","status":"publish","type":"product","link":"https:\/\/mariakarimi.com\/fr\/produit\/short-en-lin-2\/","title":{"rendered":"Short tailleur en Lin"},"content":{"rendered":"<p>Short habill\u00e9 en lin italien, est une interpr\u00e9tation estivale du tailoring soign\u00e9 de MAR. Confectionn\u00e9 \u00e0 Montr\u00e9al avec un luxueux lin Italien. Il pr\u00e9sente une coupe d\u00e9contract\u00e9e chic avec une ceinture \u00e0 m\u0117me avec un boucle sur le devant et une \u00e9lastique \u00e0 la taille du dos pour donner un comfort de 2&#8221; de plus si n\u00e9c\u00e9ssaire. Cela n&#8217;affecte pas la coupe au niveau des hanches.<\/p>\n","protected":false},"excerpt":{"rendered":"<p>Short habill\u00e9 en lin italien, est une interpr\u00e9tation estivale du tailoring soign\u00e9 de MAR. Confectionn\u00e9 \u00e0 Montr\u00e9al avec un luxueux lin Italien. Il pr\u00e9sente une coupe d\u00e9contract\u00e9e chic avec une ceinture \u00e0 m\u0117me avec un boucle sur le devant et une \u00e9lastique \u00e0 la taille du dos pour donner un comfort de 2&#8221; de plus si n\u00e9c\u00e9ssaire. Cela n&#8217;affecte pas la coupe au niveau des hanches.<\/p>\n","protected":false},"featured_media":2087,"template":"","meta":[],"product_cat":[26],"product_tag":[],"_links":{"self":[{"href":"https:\/\/mariakarimi.com\/fr\/wp-json\/wp\/v2\/product\/3443"}],"collection":[{"href":"https:\/\/mariakarimi.com\/fr\/wp-json\/wp\/v2\/product"}],"about":[{"href":"https:\/\/mariakarimi.com\/fr\/wp-json\/wp\/v2\/types\/product"}],"wp:featuredmedia":[{"embeddable":true,"href":"https:\/\/mariakarimi.com\/fr\/wp-json\/wp\/v2\/media\/2087"}],"wp:attachment":[{"href":"https:\/\/mariakarimi.com\/fr\/wp-json\/wp\/v2\/media?parent=3443"}],"wp:term":[{"taxonomy":"product_cat","embeddable":true,"href":"https:\/\/mariakarimi.com\/fr\/wp-json\/wp\/v2\/product_cat?post=3443"},{"taxonomy":"product_tag","embeddable":true,"href":"https:\/\/mariakarimi.com\/fr\/wp-json\/wp\/v2\/product_tag?post=3443"}],"curies":[{"name":"wp","href":"https:\/\/api.w.org\/{rel}","templated":true}]}}