{"id":3457,"date":"2021-03-20T13:11:45","date_gmt":"2021-03-20T17:11:45","guid":{"rendered":"https:\/\/mariakarimi.com\/?post_type=product&#038;p=3457"},"modified":"2021-04-08T14:21:16","modified_gmt":"2021-04-08T18:21:16","slug":"veste-de-costume-en-lin","status":"publish","type":"product","link":"https:\/\/mariakarimi.com\/fr\/produit\/veste-de-costume-en-lin\/","title":{"rendered":"Veste de Costume en Lin"},"content":{"rendered":"<p>Ce veston en lin, illustre la coupe impeccable de MAR, pour les silhouettes \u00e0 la fois confortables et raffin\u00e9es. Enti\u00e8rement doubl\u00e9e avec une doublure naturelle en bemberg rose pour une touche de couleur et confort, des poches droites, un revers \u00e0 encoche et deux fentes \u00e0 l&#8217;arri\u00e8re.<\/p>\n<p>Confectionn\u00e9 enti\u00e8rement dans notre atelier de Montr\u00e9al.<\/p>\n","protected":false},"excerpt":{"rendered":"<p>Ce veston en lin, illustre la coupe impeccable de MAR, pour les silhouettes \u00e0 la fois confortables et raffin\u00e9es. Enti\u00e8rement doubl\u00e9e avec une doublure naturelle en bemberg rose pour une touche de couleur et confort, des poches droites, un revers \u00e0 encoche et deux fentes \u00e0 l&#8217;arri\u00e8re. Confectionn\u00e9 enti\u00e8rement dans notre atelier de Montr\u00e9al.<\/p>\n","protected":false},"featured_media":2097,"template":"","meta":[],"product_cat":[26],"product_tag":[],"_links":{"self":[{"href":"https:\/\/mariakarimi.com\/fr\/wp-json\/wp\/v2\/product\/3457"}],"collection":[{"href":"https:\/\/mariakarimi.com\/fr\/wp-json\/wp\/v2\/product"}],"about":[{"href":"https:\/\/mariakarimi.com\/fr\/wp-json\/wp\/v2\/types\/product"}],"wp:featuredmedia":[{"embeddable":true,"href":"https:\/\/mariakarimi.com\/fr\/wp-json\/wp\/v2\/media\/2097"}],"wp:attachment":[{"href":"https:\/\/mariakarimi.com\/fr\/wp-json\/wp\/v2\/media?parent=3457"}],"wp:term":[{"taxonomy":"product_cat","embeddable":true,"href":"https:\/\/mariakarimi.com\/fr\/wp-json\/wp\/v2\/product_cat?post=3457"},{"taxonomy":"product_tag","embeddable":true,"href":"https:\/\/mariakarimi.com\/fr\/wp-json\/wp\/v2\/product_tag?post=3457"}],"curies":[{"name":"wp","href":"https:\/\/api.w.org\/{rel}","templated":true}]}}