{"id":3466,"date":"2021-03-22T10:37:56","date_gmt":"2021-03-22T14:37:56","guid":{"rendered":"https:\/\/mariakarimi.com\/product\/robe-a-volant-en-maille\/"},"modified":"2021-04-08T09:53:44","modified_gmt":"2021-04-08T13:53:44","slug":"knit-ruffle-dress-2","status":"publish","type":"product","link":"https:\/\/mariakarimi.com\/fr\/produit\/knit-ruffle-dress-2\/","title":{"rendered":"Robe \u00e0 Volant en maille"},"content":{"rendered":"<p>Notre robe en Tricot 100% coton est naturellement stretch, elle s&#8217;ajuste parfaitement aux courbes sans trop serrer. Ces volants noirs contrastant \u00e0 l&#8217;ourlet sont audacieux et coquets. Les bretelles spaghetti peuvent \u00eatre nou\u00e9es par une double ou un simple noeud, sur le devant, le dessus des \u00e9paules ou dans le dos.<br \/>\nNous vous sugg\u00e9rons de l&#8217;assortir en dessous de notre Robe Pull en Tricotet avec n&#8217;importe quels Cardigans Tricot\u00e9 en Coton en blanc ou noir, nos foulards en serg\u00e9 ed soie, et n&#8217;importe quels masques. Dress it down with sneakers on a casual day.<\/p>\n<p>Con\u00e7u et fabriqu\u00e9s de fa\u00e7on \u00e9thique dans notre atelier de Montr\u00e9al avec un fil Italien 100% coton.<\/p>\n","protected":false},"excerpt":{"rendered":"<p>Notre robe en Tricot 100% coton est naturellement stretch, elle s&#8217;ajuste parfaitement aux courbes sans trop serrer. Ces volants noirs contrastant \u00e0 l&#8217;ourlet sont audacieux et coquets. Les bretelles spaghetti peuvent \u00eatre nou\u00e9es par une double ou un simple noeud, sur le devant, le dessus des \u00e9paules ou dans le dos. Nous vous sugg\u00e9rons de l&#8217;assortir en dessous de notre Robe Pull en Tricotet avec n&#8217;importe quels Cardigans Tricot\u00e9 en Coton en blanc ou noir, nos foulards en serg\u00e9 ed soie, et n&#8217;importe quels masques. Dress it down with sneakers on a casual day. Con\u00e7u et fabriqu\u00e9s de fa\u00e7on \u00e9thique dans notre atelier de Montr\u00e9al avec un fil Italien 100% coton.<\/p>\n","protected":false},"featured_media":2183,"template":"","meta":[],"product_cat":[118],"product_tag":[],"_links":{"self":[{"href":"https:\/\/mariakarimi.com\/fr\/wp-json\/wp\/v2\/product\/3466"}],"collection":[{"href":"https:\/\/mariakarimi.com\/fr\/wp-json\/wp\/v2\/product"}],"about":[{"href":"https:\/\/mariakarimi.com\/fr\/wp-json\/wp\/v2\/types\/product"}],"wp:featuredmedia":[{"embeddable":true,"href":"https:\/\/mariakarimi.com\/fr\/wp-json\/wp\/v2\/media\/2183"}],"wp:attachment":[{"href":"https:\/\/mariakarimi.com\/fr\/wp-json\/wp\/v2\/media?parent=3466"}],"wp:term":[{"taxonomy":"product_cat","embeddable":true,"href":"https:\/\/mariakarimi.com\/fr\/wp-json\/wp\/v2\/product_cat?post=3466"},{"taxonomy":"product_tag","embeddable":true,"href":"https:\/\/mariakarimi.com\/fr\/wp-json\/wp\/v2\/product_tag?post=3466"}],"curies":[{"name":"wp","href":"https:\/\/api.w.org\/{rel}","templated":true}]}}