{"id":3480,"date":"2021-03-22T10:37:55","date_gmt":"2021-03-22T14:37:55","guid":{"rendered":"https:\/\/mariakarimi.com\/?post_type=product&#038;p=3480"},"modified":"2021-04-08T10:26:46","modified_gmt":"2021-04-08T14:26:46","slug":"chemise-en-jersey-jaune","status":"publish","type":"product","link":"https:\/\/mariakarimi.com\/fr\/produit\/chemise-en-jersey-jaune\/","title":{"rendered":"Chemise en Jersey Jaune"},"content":{"rendered":"<p>Notre Chemise Femme en Jersey Jaune est confortable et ludique. Elle peut \u00eatre port\u00e9e ouverte ou nou\u00e9e sur le devant. Les manches sont amovibles si vous le d\u00e9sirez. Les surpiq\u00fbres rouges ainsi que les boutons, apportent une touche de contraste \u00e0 votre tenue.<\/p>\n<p>Confectionn\u00e9 avec le savoir-faire de notre atelier de Montr\u00e9al.<\/p>\n","protected":false},"excerpt":{"rendered":"<p>Notre Chemise Femme en Jersey Jaune est confortable et ludique. Elle peut \u00eatre port\u00e9e ouverte ou nou\u00e9e sur le devant. Les manches sont amovibles si vous le d\u00e9sirez. Les surpiq\u00fbres rouges ainsi que les boutons, apportent une touche de contraste \u00e0 votre tenue. Confectionn\u00e9 avec le savoir-faire de notre atelier de Montr\u00e9al.<\/p>\n","protected":false},"featured_media":2159,"template":"","meta":[],"product_cat":[118],"product_tag":[],"_links":{"self":[{"href":"https:\/\/mariakarimi.com\/fr\/wp-json\/wp\/v2\/product\/3480"}],"collection":[{"href":"https:\/\/mariakarimi.com\/fr\/wp-json\/wp\/v2\/product"}],"about":[{"href":"https:\/\/mariakarimi.com\/fr\/wp-json\/wp\/v2\/types\/product"}],"wp:featuredmedia":[{"embeddable":true,"href":"https:\/\/mariakarimi.com\/fr\/wp-json\/wp\/v2\/media\/2159"}],"wp:attachment":[{"href":"https:\/\/mariakarimi.com\/fr\/wp-json\/wp\/v2\/media?parent=3480"}],"wp:term":[{"taxonomy":"product_cat","embeddable":true,"href":"https:\/\/mariakarimi.com\/fr\/wp-json\/wp\/v2\/product_cat?post=3480"},{"taxonomy":"product_tag","embeddable":true,"href":"https:\/\/mariakarimi.com\/fr\/wp-json\/wp\/v2\/product_tag?post=3480"}],"curies":[{"name":"wp","href":"https:\/\/api.w.org\/{rel}","templated":true}]}}