{"id":3506,"date":"2020-05-16T12:49:06","date_gmt":"2020-05-16T16:49:06","guid":{"rendered":"https:\/\/mariakarimi.com\/?post_type=product&#038;p=3506"},"modified":"2023-12-18T18:07:10","modified_gmt":"2023-12-18T23:07:10","slug":"carte-cadeau","status":"publish","type":"product","link":"https:\/\/mariakarimi.com\/fr\/produit\/carte-cadeau\/","title":{"rendered":"Carte-cadeau"},"content":{"rendered":"","protected":false},"excerpt":{"rendered":"<p>&nbsp;<\/p>\n<p class=\"p1\">Un v\u00eatement de la collection MAR ou une pi\u00e8ce faite sur-mesure par Maria Karimi est un essentiel qui reste pour la vie. Que ce soit pour un jeune dipl\u00f4m\u00e9, pour c\u00e9l\u00e9brer une r\u00e9ussite professionnelle, commencer ou perfectionner une garde-robe personnelle ou pour offrir aux futurs mari\u00e9s la tenue de mariage de leurs r\u00eaves &#8211; la carte cadeau MAR comblera tous leurs d\u00e9sirs.<\/p>\n<p id=\"tw-target-text\" class=\"tw-data-text tw-text-large tw-ta\" dir=\"ltr\" data-placeholder=\"Translation\" data-ved=\"2ahUKEwjVlKfTjJqDAxVEODQIHTjJAGMQ3ewLegQIBRAQ\"><span class=\"Y2IQFc\" lang=\"fr\">En cette p\u00e9riode des f\u00eates, notre carte-cadeau est le cadeau id\u00e9al pour les hommes et les femmes. En offrant \u00e0 vos proches une pi\u00e8ce MAR sur mesure, vous garantissez \u00e9galement une exp\u00e9rience v\u00e9ritablement personnalis\u00e9e, adapt\u00e9e \u00e0 leurs go\u00fbts et pr\u00e9f\u00e9rences uniques.<\/span><\/p>\n","protected":false},"featured_media":3052,"template":"","meta":[],"product_cat":[37],"product_tag":[],"_links":{"self":[{"href":"https:\/\/mariakarimi.com\/fr\/wp-json\/wp\/v2\/product\/3506"}],"collection":[{"href":"https:\/\/mariakarimi.com\/fr\/wp-json\/wp\/v2\/product"}],"about":[{"href":"https:\/\/mariakarimi.com\/fr\/wp-json\/wp\/v2\/types\/product"}],"wp:featuredmedia":[{"embeddable":true,"href":"https:\/\/mariakarimi.com\/fr\/wp-json\/wp\/v2\/media\/3052"}],"wp:attachment":[{"href":"https:\/\/mariakarimi.com\/fr\/wp-json\/wp\/v2\/media?parent=3506"}],"wp:term":[{"taxonomy":"product_cat","embeddable":true,"href":"https:\/\/mariakarimi.com\/fr\/wp-json\/wp\/v2\/product_cat?post=3506"},{"taxonomy":"product_tag","embeddable":true,"href":"https:\/\/mariakarimi.com\/fr\/wp-json\/wp\/v2\/product_tag?post=3506"}],"curies":[{"name":"wp","href":"https:\/\/api.w.org\/{rel}","templated":true}]}}