{"id":3508,"date":"2021-04-28T10:43:16","date_gmt":"2021-04-28T14:43:16","guid":{"rendered":"https:\/\/mariakarimi.com\/?post_type=product&#038;p=3508"},"modified":"2021-04-28T10:50:31","modified_gmt":"2021-04-28T14:50:31","slug":"carte-cadeau-2","status":"publish","type":"product","link":"https:\/\/mariakarimi.com\/fr\/produit\/carte-cadeau-2\/","title":{"rendered":"Carte-cadeau"},"content":{"rendered":"","protected":false},"excerpt":{"rendered":"<p>&nbsp;<\/p>\n<h2><span id=\"s2_1\">Un v\u00eatement sur mesure ou un design par Maria Karimi est une belle pi\u00e8ce de d\u00e9claration qui reste pour la vie.<\/span>\u00a0<span id=\"s2_2\">Que ce soit pour un jeune dipl\u00f4m\u00e9, pour c\u00e9l\u00e9brer une r\u00e9ussite professionnelle, commencer ou perfectionner une garde-robe personnelle ou pour offrir aux futurs mari\u00e9s leur tenue de mariage de r\u00eave \u2013 le cadeau de MAR les verra \u00e0 leur meilleur.\u00a0<\/span><\/h2>\n","protected":false},"featured_media":3052,"template":"","meta":[],"product_cat":[138],"product_tag":[],"_links":{"self":[{"href":"https:\/\/mariakarimi.com\/fr\/wp-json\/wp\/v2\/product\/3508"}],"collection":[{"href":"https:\/\/mariakarimi.com\/fr\/wp-json\/wp\/v2\/product"}],"about":[{"href":"https:\/\/mariakarimi.com\/fr\/wp-json\/wp\/v2\/types\/product"}],"wp:featuredmedia":[{"embeddable":true,"href":"https:\/\/mariakarimi.com\/fr\/wp-json\/wp\/v2\/media\/3052"}],"wp:attachment":[{"href":"https:\/\/mariakarimi.com\/fr\/wp-json\/wp\/v2\/media?parent=3508"}],"wp:term":[{"taxonomy":"product_cat","embeddable":true,"href":"https:\/\/mariakarimi.com\/fr\/wp-json\/wp\/v2\/product_cat?post=3508"},{"taxonomy":"product_tag","embeddable":true,"href":"https:\/\/mariakarimi.com\/fr\/wp-json\/wp\/v2\/product_tag?post=3508"}],"curies":[{"name":"wp","href":"https:\/\/api.w.org\/{rel}","templated":true}]}}